{"id":7,"date":"2024-02-27T20:56:49","date_gmt":"2024-02-27T20:56:49","guid":{"rendered":"https:\/\/promociondeeventos.sld.cu\/virologia2024\/?page_id=7"},"modified":"2024-02-28T14:04:41","modified_gmt":"2024-02-28T14:04:41","slug":"comite-cientifico","status":"publish","type":"page","link":"https:\/\/promociondeeventos.sld.cu\/virologia2024\/comite-cientifico\/","title":{"rendered":"Comit\u00e9 Cient\u00edfico"},"content":{"rendered":"<p><strong>Presidente:<br \/>\n<\/strong>Prof. Sonia Resik; Dr Cs., Investigador Titular, Profesor Titular; IPK (<a href=\"mailto:sresik@ipk.sld.cu\" target=\"_blank\" rel=\"noopener\">sresik@ipk.sld.cu<\/a>)<\/p>\n<p style=\"padding-left: 40px\"><strong>Vicepresidente<\/strong>:<br \/>\nMar\u00eda Guadalupe Guzm\u00e1n; Dr Cs., Investigador Titular, Profesor Titular; IPK (<a href=\"mailto:lupe@ipk.sld.cu\" target=\"_blank\" rel=\"noopener\">lupe@ipk.sld.cu<\/a>)<\/p>\n<p style=\"padding-left: 40px\"><strong>Miembros:<\/strong><\/p>\n<ul>\n<li>Prof. Vivian Kour\u00ed; Dr Cs., Investigador Titular, Profesor Titular; IPK (<a href=\"mailto:vkouri@ipk.sld.cu\" target=\"_blank\" rel=\"noopener\">vkouri@ipk.sld.cu<\/a>)<\/li>\n<li>Prof. Licel Rodr\u00edguez; Dr C., Investigador Titular, Profesor Titular; IPK (<a href=\"mailto:licel@ipk.sld.cu\" target=\"_blank\" rel=\"noopener\">licel@ipk.sld.cu<\/a>)<\/li>\n<li>Dr. El\u00edas Guilarte; M. Sc.; IPK (<a href=\"mailto:elias@ipk.sld.cu\" target=\"_blank\" rel=\"noopener\">elias@ipk.sld.cu<\/a>)<\/li>\n<\/ul>\n","protected":false},"excerpt":{"rendered":"<p>Presidente: Prof. Sonia Resik; Dr Cs., Investigador Titular, Profesor Titular; IPK (sresik@ipk.sld.cu) Vicepresidente: Mar\u00eda Guadalupe Guzm\u00e1n; Dr Cs., Investigador Titular, Profesor Titular; IPK (lupe@ipk.sld.cu) Miembros: Prof. Vivian Kour\u00ed; Dr Cs., Investigador Titular, Profesor Titular; IPK (vkouri@ipk.sld.cu) Prof. Licel Rodr\u00edguez; Dr C., Investigador Titular, Profesor Titular; IPK (licel@ipk.sld.cu) Dr. El\u00edas Guilarte; M. Sc.; IPK (elias@ipk.sld.cu)<\/p>\n","protected":false},"author":4,"featured_media":0,"parent":0,"menu_order":0,"comment_status":"closed","ping_status":"closed","template":"","meta":[],"_links":{"self":[{"href":"https:\/\/promociondeeventos.sld.cu\/virologia2024\/wp-json\/wp\/v2\/pages\/7"}],"collection":[{"href":"https:\/\/promociondeeventos.sld.cu\/virologia2024\/wp-json\/wp\/v2\/pages"}],"about":[{"href":"https:\/\/promociondeeventos.sld.cu\/virologia2024\/wp-json\/wp\/v2\/types\/page"}],"author":[{"embeddable":true,"href":"https:\/\/promociondeeventos.sld.cu\/virologia2024\/wp-json\/wp\/v2\/users\/4"}],"replies":[{"embeddable":true,"href":"https:\/\/promociondeeventos.sld.cu\/virologia2024\/wp-json\/wp\/v2\/comments?post=7"}],"version-history":[{"count":2,"href":"https:\/\/promociondeeventos.sld.cu\/virologia2024\/wp-json\/wp\/v2\/pages\/7\/revisions"}],"predecessor-version":[{"id":46,"href":"https:\/\/promociondeeventos.sld.cu\/virologia2024\/wp-json\/wp\/v2\/pages\/7\/revisions\/46"}],"wp:attachment":[{"href":"https:\/\/promociondeeventos.sld.cu\/virologia2024\/wp-json\/wp\/v2\/media?parent=7"}],"curies":[{"name":"wp","href":"https:\/\/api.w.org\/{rel}","templated":true}]}}