{"id":56,"date":"2024-03-04T17:05:56","date_gmt":"2024-03-04T17:05:56","guid":{"rendered":"https:\/\/promociondeeventos.sld.cu\/virologia2024\/?page_id=56"},"modified":"2024-03-04T20:52:48","modified_gmt":"2024-03-04T20:52:48","slug":"programa","status":"publish","type":"page","link":"https:\/\/promociondeeventos.sld.cu\/virologia2024\/programa\/","title":{"rendered":"Programa"},"content":{"rendered":"<p><strong>5to Taller de Virolog\u00eda M\u00e9dica: \u201cENFERMEDADES VIRALES EMERGENTES Y RE-EMERGENTES EN EL MARCO DE UNA SALUD \u201d<\/strong><\/p>\n<p><strong>27 al 29 de marzo de 2023<\/strong><\/p>\n<p><strong>VIRTUAL<\/strong><\/p>\n<p><span style=\"text-decoration: underline\"><strong>PROGRAMA<\/strong><\/span><\/p>\n<p><span style=\"text-decoration: underline\"><strong>Mi\u00e9rcoles 27 marzo<\/strong><\/span><\/p>\n<table width=\"100%\">\n<tbody>\n<tr>\n<td width=\"20%\"><strong>9:00-9:30 am<\/strong><\/td>\n<td width=\"79%\"><strong>Conferencia inagural. <\/strong>Enfermedades emergentes y re-emergentes. DrCs. Mar\u00eda Guadalupe Guzm\u00e1n. IPK, Cuba<\/td>\n<\/tr>\n<tr>\n<td width=\"20%\"><strong>9:30-10:00 am<\/strong><\/td>\n<td width=\"79%\">Emergencia de arbovirus neurotr\u00f3picos. Dr. Jairo M\u00e9ndez, OPS<\/td>\n<\/tr>\n<tr>\n<td width=\"20%\"><strong>10:00-10:30 am<\/strong><\/td>\n<td width=\"79%\">Vigilancia gen\u00f3mica para enfrentamiento a epidemias de Arbovirus. Dra. Leticia Franco, OPS<\/td>\n<\/tr>\n<tr>\n<td width=\"20%\"><strong>10:30-11:00 am<\/strong><\/td>\n<td width=\"79%\">Re-emergencia del virus Dengue 3 en Cuba, asociaci\u00f3n con un nuevo linaje. Lic. Melissa Maria P\u00e9rez, IPK, Cuba<\/td>\n<\/tr>\n<tr>\n<td width=\"20%\"><strong>11:00-12:00 am<\/strong><\/td>\n<td width=\"79%\">Modulation of Innate Immunity by Dengue Viruses. Dra. Ana Fernandez-Sesma, Department of Microbiology, Icahn School of Medicine at Mount Sinai, EUA<\/td>\n<\/tr>\n<tr>\n<td width=\"20%\"><strong>12:00-12:30 pm<\/strong><\/td>\n<td width=\"79%\">Las OMICs en investigaci\u00f3n de Dengue: Resultados cubanos. DrC. Beatriz Sierra, IPK, Cuba<\/td>\n<\/tr>\n<tr>\n<td width=\"20%\"><strong>12:30-1:00 pm<\/strong><\/td>\n<td width=\"79%\">Experiencia del Centro de Referencia de INCIENSA en Mpox. MSc. Claudio Soto, Centro Nacional de Referencia Virolog\u00eda, INCIENSA, Costa Rica<\/td>\n<\/tr>\n<tr>\n<td width=\"20%\"><strong>1:00-1:30 pm<\/strong><\/td>\n<td width=\"79%\">Experiencia del IPK en Mpox. Dra. Lirialys Nu\u00f1ez, IPK, Cuba<\/td>\n<\/tr>\n<\/tbody>\n<\/table>\n<p><strong>\u00a0<\/strong><\/p>\n<p><span style=\"text-decoration: underline\"><strong>Jueves 28 de marzo<\/strong><\/span><\/p>\n<table width=\"100%\">\n<tbody>\n<tr>\n<td width=\"20%\"><strong>9:00-9:30 am<\/strong><\/td>\n<td width=\"79%\">La era de las pandemias. Dr. Jan Felix Drexler, Instituto de Virolog\u00eda<\/p>\n<p>Universidad Charit\u00e9, Berl\u00edn, Alemania<\/td>\n<\/tr>\n<tr>\n<td width=\"20%\"><strong>9:30-10:00 am<\/strong><\/td>\n<td width=\"79%\">Development of a host-targeted, broad spectrum antiviral therapeutic. Dr. Jesse Kwiek, Microbiology department at The Ohio State University, EUA<\/td>\n<\/tr>\n<tr>\n<td width=\"20%\"><strong>10:00-10:30<\/strong><\/td>\n<td width=\"79%\">Virus respiratorios emergentes en el contexto pos pandemia por Covid 19. Actualidades y retos futuros. DrC. Belsy Acosta, VMHE, Minsap, Cuba<\/td>\n<\/tr>\n<tr>\n<td width=\"20%\"><strong>10:30-11:00 am<\/strong><\/td>\n<td width=\"79%\">Impacto de la pandemia de Covid-19 en la situaci\u00f3n de los programas de vacunaci\u00f3n a nivel mundial. DrCs. Sonia Resik, IPK, Cuba<\/td>\n<\/tr>\n<tr>\n<td width=\"20%\"><strong>11:00-11:30 am<\/strong><\/td>\n<td width=\"79%\">Comunicaci\u00f3n de riesgo en emergencias m\u00e9dicas. MSc. Odalys T\u00e9llez, MINSAP, Cuba<\/td>\n<\/tr>\n<tr>\n<td width=\"20%\"><strong>11:30-12:00 pm<\/strong><\/td>\n<td width=\"79%\">Enfermedades de transmisi\u00f3n sexual. DrCs. Vivian Kour\u00ed. IPK, Cuba<\/td>\n<\/tr>\n<\/tbody>\n<\/table>\n<p><span style=\"text-decoration: underline\"><strong>\u00a0<\/strong><\/span><\/p>\n<p><span style=\"text-decoration: underline\"><strong>Viernes 29 marzo (sesi\u00f3n Covid-19)<\/strong><\/span><\/p>\n<table width=\"100%\">\n<tbody>\n<tr>\n<td width=\"20%\"><strong>9:00-9:30 am<\/strong><\/td>\n<td width=\"79%\">SARS-CoV2- Diagn\u00f3stico y Vigilancia gen\u00f3mica de Covid-19 en Cuba e integraci\u00f3n de la vigilancia de otros virus respiratorios. Dr. El\u00edas Guilarte, IPK, Cuba<\/td>\n<\/tr>\n<tr>\n<td width=\"20%\"><strong>9:30-10:00 am<\/strong><\/td>\n<td width=\"79%\">Patogenia y respuesta inmune a SARS-CoV 2. Dra. Ana B. P\u00e9rez, IPK, Cuba.<\/td>\n<\/tr>\n<tr>\n<td width=\"20%\"><strong>10:00-10:30 am<\/strong><\/td>\n<td width=\"79%\">Epidemiolog\u00eda de la Covid-19. Dr. Jos\u00e9 Ra\u00fal de Armas, MINSAP, Cuba<\/td>\n<\/tr>\n<tr>\n<td width=\"20%\"><strong>10:30-11:00 am<\/strong><\/td>\n<td width=\"79%\">Aspectos cl\u00ednicos de la Covid-19. Protocolos de actuaci\u00f3n. Dr. Daniel Gonz\u00e1lez, IPK, Cuba.<\/td>\n<\/tr>\n<tr>\n<td width=\"20%\"><strong>11:00-12:00 am<\/strong><\/td>\n<td width=\"79%\">Long Covid-19. Dr. Carlos Fonseca, IPK, Cuba.<\/td>\n<\/tr>\n<tr>\n<td width=\"20%\"><strong>12:00-12:30 pm<\/strong><\/td>\n<td width=\"79%\">Actualizaci\u00f3n en vacunas Covid-19. Dr. Gerardo Guill\u00e9n, IPK, Cuba.<\/td>\n<\/tr>\n<\/tbody>\n<\/table>\n<p><strong>\u00a0<\/strong><\/p>\n<p><span style=\"text-decoration: underline\"><strong>\u00a0<\/strong><\/span><\/p>\n<p><strong>\u00a0<\/strong><\/p>\n<p>&nbsp;<\/p>\n","protected":false},"excerpt":{"rendered":"<p>5to Taller de Virolog\u00eda M\u00e9dica: \u201cENFERMEDADES VIRALES EMERGENTES Y RE-EMERGENTES EN EL MARCO DE UNA SALUD \u201d 27 al 29 de marzo de 2023 VIRTUAL PROGRAMA Mi\u00e9rcoles 27 marzo 9:00-9:30 am Conferencia inagural. Enfermedades emergentes y re-emergentes. DrCs. Mar\u00eda Guadalupe Guzm\u00e1n. IPK, Cuba 9:30-10:00 am Emergencia de arbovirus neurotr\u00f3picos. Dr. Jairo M\u00e9ndez, OPS 10:00-10:30 am [&hellip;]<\/p>\n","protected":false},"author":3257,"featured_media":0,"parent":0,"menu_order":0,"comment_status":"closed","ping_status":"closed","template":"","meta":[],"_links":{"self":[{"href":"https:\/\/promociondeeventos.sld.cu\/virologia2024\/wp-json\/wp\/v2\/pages\/56"}],"collection":[{"href":"https:\/\/promociondeeventos.sld.cu\/virologia2024\/wp-json\/wp\/v2\/pages"}],"about":[{"href":"https:\/\/promociondeeventos.sld.cu\/virologia2024\/wp-json\/wp\/v2\/types\/page"}],"author":[{"embeddable":true,"href":"https:\/\/promociondeeventos.sld.cu\/virologia2024\/wp-json\/wp\/v2\/users\/3257"}],"replies":[{"embeddable":true,"href":"https:\/\/promociondeeventos.sld.cu\/virologia2024\/wp-json\/wp\/v2\/comments?post=56"}],"version-history":[{"count":5,"href":"https:\/\/promociondeeventos.sld.cu\/virologia2024\/wp-json\/wp\/v2\/pages\/56\/revisions"}],"predecessor-version":[{"id":64,"href":"https:\/\/promociondeeventos.sld.cu\/virologia2024\/wp-json\/wp\/v2\/pages\/56\/revisions\/64"}],"wp:attachment":[{"href":"https:\/\/promociondeeventos.sld.cu\/virologia2024\/wp-json\/wp\/v2\/media?parent=56"}],"curies":[{"name":"wp","href":"https:\/\/api.w.org\/{rel}","templated":true}]}}