{"id":6,"date":"2023-10-25T15:55:42","date_gmt":"2023-10-25T15:55:42","guid":{"rendered":"https:\/\/promociondeeventos.sld.cu\/virologia2023\/?page_id=6"},"modified":"2023-11-20T18:25:44","modified_gmt":"2023-11-20T18:25:44","slug":"comite-cientifico","status":"publish","type":"page","link":"https:\/\/promociondeeventos.sld.cu\/virologia2023\/comite-cientifico\/","title":{"rendered":"Comit\u00e9 cient\u00edfico"},"content":{"rendered":"<p><span style=\"text-decoration: underline\"><strong>Presidente<\/strong><\/span>:<\/p>\n<p>Prof. Sonia Resik; Dr Cs., Investigador Titular, Profesor Titular; IPK (<a href=\"mailto:sresik@ipk.sld.cu\" target=\"_blank\" rel=\"noopener\">sresik@ipk.sld.cu<\/a>)<\/p>\n<p><span style=\"text-decoration: underline\"><strong>Vicepresidente<\/strong><\/span>:<br \/>\nMar\u00eda Guadalupe Guzm\u00e1n; Dr Cs., Investigador Titular, Profesor Titular; IPK (<a href=\"mailto:lupe@ipk.sld.cu\" target=\"_blank\" rel=\"noopener\">lupe@ipk.sld.cu<\/a>)<\/p>\n<p><span style=\"text-decoration: underline\"><strong>Miembros<\/strong><\/span>:<\/p>\n<p>Prof. Vivian Kour\u00ed; Dr Cs., Investigador Titular, Profesor Titular; IPK (<a href=\"mailto:vkouri@ipk.sld.cu\" target=\"_blank\" rel=\"noopener\">vkouri@ipk.sld.cu<\/a>)<br \/>\nProf. Licel Rodr\u00edguez; Dr C., Investigador Titular, Profesor Titular; IPK (<a href=\"mailto:licel@ipk.sld.cu\" target=\"_blank\" rel=\"noopener\">licel@ipk.sld.cu<\/a>)<br \/>\nDr. El\u00edas Guilarte; M. Sc.; IPK (<a href=\"mailto:elias@ipk.sld.cu\" target=\"_blank\" rel=\"noopener\">elias@ipk.sld.cu<\/a>)<\/p>\n","protected":false},"excerpt":{"rendered":"<p>Presidente: Prof. Sonia Resik; Dr Cs., Investigador Titular, Profesor Titular; IPK (sresik@ipk.sld.cu) Vicepresidente: Mar\u00eda Guadalupe Guzm\u00e1n; Dr Cs., Investigador Titular, Profesor Titular; IPK (lupe@ipk.sld.cu) Miembros: Prof. Vivian Kour\u00ed; Dr Cs., Investigador Titular, Profesor Titular; IPK (vkouri@ipk.sld.cu) Prof. Licel Rodr\u00edguez; Dr C., Investigador Titular, Profesor Titular; IPK (licel@ipk.sld.cu) Dr. El\u00edas Guilarte; M. Sc.; IPK (elias@ipk.sld.cu)<\/p>\n","protected":false},"author":3262,"featured_media":0,"parent":0,"menu_order":0,"comment_status":"closed","ping_status":"closed","template":"","meta":[],"_links":{"self":[{"href":"https:\/\/promociondeeventos.sld.cu\/virologia2023\/wp-json\/wp\/v2\/pages\/6"}],"collection":[{"href":"https:\/\/promociondeeventos.sld.cu\/virologia2023\/wp-json\/wp\/v2\/pages"}],"about":[{"href":"https:\/\/promociondeeventos.sld.cu\/virologia2023\/wp-json\/wp\/v2\/types\/page"}],"author":[{"embeddable":true,"href":"https:\/\/promociondeeventos.sld.cu\/virologia2023\/wp-json\/wp\/v2\/users\/3262"}],"replies":[{"embeddable":true,"href":"https:\/\/promociondeeventos.sld.cu\/virologia2023\/wp-json\/wp\/v2\/comments?post=6"}],"version-history":[{"count":3,"href":"https:\/\/promociondeeventos.sld.cu\/virologia2023\/wp-json\/wp\/v2\/pages\/6\/revisions"}],"predecessor-version":[{"id":40,"href":"https:\/\/promociondeeventos.sld.cu\/virologia2023\/wp-json\/wp\/v2\/pages\/6\/revisions\/40"}],"wp:attachment":[{"href":"https:\/\/promociondeeventos.sld.cu\/virologia2023\/wp-json\/wp\/v2\/media?parent=6"}],"curies":[{"name":"wp","href":"https:\/\/api.w.org\/{rel}","templated":true}]}}