{"id":2,"date":"2023-10-25T15:48:11","date_gmt":"2023-10-25T15:48:11","guid":{"rendered":"https:\/\/promociondeeventos.sld.cu\/virologia2023\/?page_id=2"},"modified":"2023-11-23T18:35:57","modified_gmt":"2023-11-23T18:35:57","slug":"pagina-ejemplo","status":"publish","type":"page","link":"https:\/\/promociondeeventos.sld.cu\/virologia2023\/","title":{"rendered":"Convocatoria"},"content":{"rendered":"\r\n<p><a href=\"http:\/\/promociondeeventos.sld.cu\/virologia2023\/files\/2023\/11\/Programa.pdf\" target=\"_blank\" rel=\"noopener\">Descargar Programa<\/a><\/p>\r\n<p>El Taller proporcionar\u00e1 un foro para el intercambio de ideas y discusi\u00f3n de los conocimientos m\u00e1s actualizados sobre las infecciones virales emergentes y re-emergentes, su impacto a escala global, regional y nacional. Estos dos d\u00edas de conferencias reunir\u00e1n a vir\u00f3logos, cl\u00ednicos, epidemi\u00f3logos, bi\u00f3logos moleculares, inmun\u00f3logos y expertos de la industria para tratar temas novedosos, retos actuales y la direcci\u00f3n futura de la investigaci\u00f3n b\u00e1sica y cl\u00ednica sobre enfermedades virales emergentes y re-emergentes de importancia m\u00e9dica. La discusi\u00f3n oportuna de t\u00f3picos por cient\u00edficos de renombre garantizar\u00e1 que el taller sea informativo e interesante.<\/p>\r\n","protected":false},"excerpt":{"rendered":"<p>Descargar Programa El Taller proporcionar\u00e1 un foro para el intercambio de ideas y discusi\u00f3n de los conocimientos m\u00e1s actualizados sobre las infecciones virales emergentes y re-emergentes, su impacto a escala global, regional y nacional. Estos dos d\u00edas de conferencias reunir\u00e1n a vir\u00f3logos, cl\u00ednicos, epidemi\u00f3logos, bi\u00f3logos moleculares, inmun\u00f3logos y expertos de la industria para tratar temas [&hellip;]<\/p>\n","protected":false},"author":3257,"featured_media":0,"parent":0,"menu_order":0,"comment_status":"closed","ping_status":"open","template":"","meta":[],"_links":{"self":[{"href":"https:\/\/promociondeeventos.sld.cu\/virologia2023\/wp-json\/wp\/v2\/pages\/2"}],"collection":[{"href":"https:\/\/promociondeeventos.sld.cu\/virologia2023\/wp-json\/wp\/v2\/pages"}],"about":[{"href":"https:\/\/promociondeeventos.sld.cu\/virologia2023\/wp-json\/wp\/v2\/types\/page"}],"author":[{"embeddable":true,"href":"https:\/\/promociondeeventos.sld.cu\/virologia2023\/wp-json\/wp\/v2\/users\/3257"}],"replies":[{"embeddable":true,"href":"https:\/\/promociondeeventos.sld.cu\/virologia2023\/wp-json\/wp\/v2\/comments?post=2"}],"version-history":[{"count":4,"href":"https:\/\/promociondeeventos.sld.cu\/virologia2023\/wp-json\/wp\/v2\/pages\/2\/revisions"}],"predecessor-version":[{"id":57,"href":"https:\/\/promociondeeventos.sld.cu\/virologia2023\/wp-json\/wp\/v2\/pages\/2\/revisions\/57"}],"wp:attachment":[{"href":"https:\/\/promociondeeventos.sld.cu\/virologia2023\/wp-json\/wp\/v2\/media?parent=2"}],"curies":[{"name":"wp","href":"https:\/\/api.w.org\/{rel}","templated":true}]}}