{"id":18,"date":"2023-10-25T15:59:45","date_gmt":"2023-10-25T15:59:45","guid":{"rendered":"https:\/\/promociondeeventos.sld.cu\/virologia2023\/?page_id=18"},"modified":"2023-11-23T18:35:08","modified_gmt":"2023-11-23T18:35:08","slug":"programa","status":"publish","type":"page","link":"https:\/\/promociondeeventos.sld.cu\/virologia2023\/programa\/","title":{"rendered":"Programa"},"content":{"rendered":"<p><a href=\"http:\/\/promociondeeventos.sld.cu\/virologia2023\/files\/2023\/11\/Programa.pdf\" target=\"_blank\" rel=\"noopener\">Descargar Programa<\/a><\/p>\n<p><strong>5to Taller de Virolog\u00eda M\u00e9dica: \u201cENFERMEDADES VIRALES EMERGENTES Y RE-EMERGENTES EN EL MARCO DE UNA SALUD \u201d<\/strong><\/p>\n<p><strong>28 al 29 de noviembre de 2023<\/strong><\/p>\n<p><strong>VIRTUAL<\/strong><\/p>\n<p><strong>PROGRAMA<\/strong><\/p>\n<p><strong>Martes 28 noviembre<\/strong><\/p>\n<table width=\"100%\">\n<tbody>\n<tr>\n<td width=\"20%\"><strong>9:00-9:30 am<\/strong><\/td>\n<td width=\"79%\"><strong>Conferencia inagural. <\/strong>Enfermedades emergentes y re-emergentes. DrCs. Mar\u00eda Guadalupe Guzm\u00e1n. IPK, Cuba<\/td>\n<\/tr>\n<tr>\n<td width=\"20%\"><strong>9:30-10:00 am<\/strong><\/td>\n<td width=\"79%\">Re-emergencia del virus Dengue 3 en Cuba, asociaci\u00f3n con un nuevo linaje. Lic. Melissa Maria P\u00e9rez, IPK, Cuba<\/td>\n<\/tr>\n<tr>\n<td width=\"20%\"><strong>10:00-10:30<\/strong><\/td>\n<td width=\"79%\">Las OMICs en investigaci\u00f3n de Dengue: Resultados cubanos. DrC. Beatriz Sierra, IPK, Cuba<\/td>\n<\/tr>\n<tr>\n<td width=\"20%\"><strong>10:30-11:00 am<\/strong><\/td>\n<td width=\"79%\">Experiencia del Centro de Referencia de INCIENSA en Mpox. Dr. Claudio Soto, Centro Nacional de Referencia Virolog\u00eda, INCIENSA, Costa Rica<\/td>\n<\/tr>\n<tr>\n<td width=\"20%\"><strong>11:00-12:00 am<\/strong><\/td>\n<td width=\"79%\">Experiencia del IPK en Mpox. Dra. Lirialys Nu\u00f1ez, IPK, Cuba<\/td>\n<\/tr>\n<tr>\n<td width=\"20%\"><strong>12:00-12:30 pm<\/strong><\/td>\n<td width=\"79%\">Hepatitis aguda grave de causa desconocida en ni\u00f1os: vigilancia en Cuba, 2022. DrC. Licel Rodr\u00edguez. IPK, Cuba<\/td>\n<\/tr>\n<\/tbody>\n<\/table>\n<p><strong>\u00a0<\/strong><\/p>\n<p><strong>Mi\u00e9rcoles 29 de noviembre<\/strong><\/p>\n<table width=\"100%\">\n<tbody>\n<tr>\n<td width=\"20%\"><strong>9:00-9:30 am<\/strong><\/td>\n<td width=\"79%\">Virus respiratorios emergentes en el contexto pos pandemia por Covid 19. Actualidades y retos futuros. DrC. Belsy Acosta, VMHE, Minsap, Cuba<\/td>\n<\/tr>\n<tr>\n<td width=\"20%\"><strong>9:30-10:00 am<\/strong><\/td>\n<td width=\"79%\">Vigilancia gen\u00f3mica de Covid-19 en Cuba e integraci\u00f3n de la vigilancia de otros virus respiratorios. Dr. El\u00edas Guilarte, IPK, Cuba<\/td>\n<\/tr>\n<tr>\n<td width=\"20%\"><strong>10:00-10:30<\/strong><\/td>\n<td width=\"79%\">Impacto de la pandemia de Covid-19 en la situaci\u00f3n de los programas de vacunaci\u00f3n a nivel mundial. DrCs. Sonia Resik, IPK, Cuba<\/td>\n<\/tr>\n<tr>\n<td width=\"20%\"><strong>10:30-11:00 am<\/strong><\/td>\n<td width=\"79%\">Comunicaci\u00f3n de riesgo en emergencias m\u00e9dicas. MSc. Odalys T\u00e9llez, MINSAP, Cuba<\/td>\n<\/tr>\n<tr>\n<td width=\"20%\"><strong>11:00-12:00 am<\/strong><\/td>\n<td width=\"79%\">Conferencia clausura. Enfermedades de transmisi\u00f3n sexual. DrCs. Vivian Kour\u00ed. IPK, Cuba<\/td>\n<\/tr>\n<\/tbody>\n<\/table>\n<p><strong>\u00a0<\/strong><\/p>\n","protected":false},"excerpt":{"rendered":"<p>Descargar Programa 5to Taller de Virolog\u00eda M\u00e9dica: \u201cENFERMEDADES VIRALES EMERGENTES Y RE-EMERGENTES EN EL MARCO DE UNA SALUD \u201d 28 al 29 de noviembre de 2023 VIRTUAL PROGRAMA Martes 28 noviembre 9:00-9:30 am Conferencia inagural. Enfermedades emergentes y re-emergentes. DrCs. Mar\u00eda Guadalupe Guzm\u00e1n. IPK, Cuba 9:30-10:00 am Re-emergencia del virus Dengue 3 en Cuba, asociaci\u00f3n [&hellip;]<\/p>\n","protected":false},"author":3262,"featured_media":0,"parent":0,"menu_order":0,"comment_status":"closed","ping_status":"closed","template":"","meta":[],"_links":{"self":[{"href":"https:\/\/promociondeeventos.sld.cu\/virologia2023\/wp-json\/wp\/v2\/pages\/18"}],"collection":[{"href":"https:\/\/promociondeeventos.sld.cu\/virologia2023\/wp-json\/wp\/v2\/pages"}],"about":[{"href":"https:\/\/promociondeeventos.sld.cu\/virologia2023\/wp-json\/wp\/v2\/types\/page"}],"author":[{"embeddable":true,"href":"https:\/\/promociondeeventos.sld.cu\/virologia2023\/wp-json\/wp\/v2\/users\/3262"}],"replies":[{"embeddable":true,"href":"https:\/\/promociondeeventos.sld.cu\/virologia2023\/wp-json\/wp\/v2\/comments?post=18"}],"version-history":[{"count":3,"href":"https:\/\/promociondeeventos.sld.cu\/virologia2023\/wp-json\/wp\/v2\/pages\/18\/revisions"}],"predecessor-version":[{"id":56,"href":"https:\/\/promociondeeventos.sld.cu\/virologia2023\/wp-json\/wp\/v2\/pages\/18\/revisions\/56"}],"wp:attachment":[{"href":"https:\/\/promociondeeventos.sld.cu\/virologia2023\/wp-json\/wp\/v2\/media?parent=18"}],"curies":[{"name":"wp","href":"https:\/\/api.w.org\/{rel}","templated":true}]}}