{"id":14,"date":"2023-10-25T15:58:45","date_gmt":"2023-10-25T15:58:45","guid":{"rendered":"https:\/\/promociondeeventos.sld.cu\/virologia2023\/?page_id=14"},"modified":"2023-11-20T19:00:06","modified_gmt":"2023-11-20T19:00:06","slug":"tematicas-2","status":"publish","type":"page","link":"https:\/\/promociondeeventos.sld.cu\/virologia2023\/tematicas-2\/","title":{"rendered":"Tem\u00e1ticas"},"content":{"rendered":"<p>Principales virosis emergentes y re-emergentes.<br \/>\nZoonosis con potencial emergente en humanos.<br \/>\nCaracter\u00edsticas cl\u00ednicas y epidemiol\u00f3gicas de las principales enfermedades virales emergentes y re-emergentes.<\/p>\n","protected":false},"excerpt":{"rendered":"<p>Principales virosis emergentes y re-emergentes. Zoonosis con potencial emergente en humanos. Caracter\u00edsticas cl\u00ednicas y epidemiol\u00f3gicas de las principales enfermedades virales emergentes y re-emergentes.<\/p>\n","protected":false},"author":3262,"featured_media":0,"parent":0,"menu_order":0,"comment_status":"closed","ping_status":"closed","template":"","meta":[],"_links":{"self":[{"href":"https:\/\/promociondeeventos.sld.cu\/virologia2023\/wp-json\/wp\/v2\/pages\/14"}],"collection":[{"href":"https:\/\/promociondeeventos.sld.cu\/virologia2023\/wp-json\/wp\/v2\/pages"}],"about":[{"href":"https:\/\/promociondeeventos.sld.cu\/virologia2023\/wp-json\/wp\/v2\/types\/page"}],"author":[{"embeddable":true,"href":"https:\/\/promociondeeventos.sld.cu\/virologia2023\/wp-json\/wp\/v2\/users\/3262"}],"replies":[{"embeddable":true,"href":"https:\/\/promociondeeventos.sld.cu\/virologia2023\/wp-json\/wp\/v2\/comments?post=14"}],"version-history":[{"count":2,"href":"https:\/\/promociondeeventos.sld.cu\/virologia2023\/wp-json\/wp\/v2\/pages\/14\/revisions"}],"predecessor-version":[{"id":52,"href":"https:\/\/promociondeeventos.sld.cu\/virologia2023\/wp-json\/wp\/v2\/pages\/14\/revisions\/52"}],"wp:attachment":[{"href":"https:\/\/promociondeeventos.sld.cu\/virologia2023\/wp-json\/wp\/v2\/media?parent=14"}],"curies":[{"name":"wp","href":"https:\/\/api.w.org\/{rel}","templated":true}]}}