{"id":12,"date":"2023-10-25T15:57:23","date_gmt":"2023-10-25T15:57:23","guid":{"rendered":"https:\/\/promociondeeventos.sld.cu\/virologia2023\/?page_id=12"},"modified":"2023-11-20T18:59:24","modified_gmt":"2023-11-20T18:59:24","slug":"contactos","status":"publish","type":"page","link":"https:\/\/promociondeeventos.sld.cu\/virologia2023\/contactos\/","title":{"rendered":"Contactos"},"content":{"rendered":"<p>Prof. Sonia Resik Aguirre (<a href=\"mailto:sresik@ipk.sld.cu\" target=\"_blank\" rel=\"noopener\">sresik@ipk.sld.cu<\/a>)<\/p>\n<p>T\u00e9c. Jorge Ra\u00fal Campos D\u00edaz (<a href=\"mailto:jcampos@ipk.sld.cu\" target=\"_blank\" rel=\"noopener\">jcampos@ipk.sld.cu<\/a>)<\/p>\n<p>&nbsp;<\/p>\n","protected":false},"excerpt":{"rendered":"<p>Prof. Sonia Resik Aguirre (sresik@ipk.sld.cu) T\u00e9c. Jorge Ra\u00fal Campos D\u00edaz (jcampos@ipk.sld.cu) &nbsp;<\/p>\n","protected":false},"author":3262,"featured_media":0,"parent":0,"menu_order":0,"comment_status":"closed","ping_status":"closed","template":"","meta":[],"_links":{"self":[{"href":"https:\/\/promociondeeventos.sld.cu\/virologia2023\/wp-json\/wp\/v2\/pages\/12"}],"collection":[{"href":"https:\/\/promociondeeventos.sld.cu\/virologia2023\/wp-json\/wp\/v2\/pages"}],"about":[{"href":"https:\/\/promociondeeventos.sld.cu\/virologia2023\/wp-json\/wp\/v2\/types\/page"}],"author":[{"embeddable":true,"href":"https:\/\/promociondeeventos.sld.cu\/virologia2023\/wp-json\/wp\/v2\/users\/3262"}],"replies":[{"embeddable":true,"href":"https:\/\/promociondeeventos.sld.cu\/virologia2023\/wp-json\/wp\/v2\/comments?post=12"}],"version-history":[{"count":4,"href":"https:\/\/promociondeeventos.sld.cu\/virologia2023\/wp-json\/wp\/v2\/pages\/12\/revisions"}],"predecessor-version":[{"id":51,"href":"https:\/\/promociondeeventos.sld.cu\/virologia2023\/wp-json\/wp\/v2\/pages\/12\/revisions\/51"}],"wp:attachment":[{"href":"https:\/\/promociondeeventos.sld.cu\/virologia2023\/wp-json\/wp\/v2\/media?parent=12"}],"curies":[{"name":"wp","href":"https:\/\/api.w.org\/{rel}","templated":true}]}}