{"id":5,"date":"2024-04-16T16:16:26","date_gmt":"2024-04-16T16:16:26","guid":{"rendered":"https:\/\/promociondeeventos.sld.cu\/vigilanciagenomica\/?page_id=5"},"modified":"2024-04-17T13:26:18","modified_gmt":"2024-04-17T13:26:18","slug":"comite-organizador","status":"publish","type":"page","link":"https:\/\/promociondeeventos.sld.cu\/vigilanciagenomica\/comite-organizador\/","title":{"rendered":"Comit\u00e9 organizador"},"content":{"rendered":"<p>Presidente:<\/p>\n<p>Prof. Adalberto \u00c1guila S\u00e1nchez; IPK <a href=\"mailto:adalberto@ipk.sld.cu\" target=\"_blank\" rel=\"noopener\">adalberto@ipk.sld.cu<\/a><\/p>\n<p>Miembros:<\/p>\n<p>Prof. Anabel Fernandez Abreu; IPK <a href=\"mailto:anabel@ipk.sld.cu\" target=\"_blank\" rel=\"noopener\">anabel@ipk.sld.cu<\/a><br \/>\nProf. Yanaika Cruz Infantes; IPK <a href=\"mailto:yanaika@ipk.sld.cu\" target=\"_blank\" rel=\"noopener\">yanaika@ipk.sld.cu<\/a><br \/>\nProf. Marta Ana Castro Peraza; IPK <a href=\"mailto:martac@ipk.sld.cu\" target=\"_blank\" rel=\"noopener\">martac@ipk.sld.cu<\/a><br \/>\nProf. Laura Bravo Fari\u00f1as; IPK <a href=\"mailto:laura@ipk.sld.cu\" target=\"_blank\" rel=\"noopener\">laura@ipk.sld.cu<\/a><br \/>\nProf. Islay Rodr\u00edguez; IPK <a href=\"mailto:islay@sld.cu\" target=\"_blank\" rel=\"noopener\">islay@sld.cu<\/a><br \/>\nProf. Jos\u00e9 Rodr\u00edguez Silveira; IPK, <a href=\"mailto:jsilveira@ipk.sld.cu\" target=\"_blank\" rel=\"noopener\">jsilveira@ipk.sld.cu<\/a><br \/>\nT\u00e9c. Jorge Ra\u00fal Campo D\u00edaz; IPK <a href=\"mailto:jcampos@ipk.sld.cu\" target=\"_blank\" rel=\"noopener\">jcampos@ipk.sld.cu<\/a><\/p>\n","protected":false},"excerpt":{"rendered":"<p>Presidente: Prof. Adalberto \u00c1guila S\u00e1nchez; IPK adalberto@ipk.sld.cu Miembros: Prof. Anabel Fernandez Abreu; IPK anabel@ipk.sld.cu Prof. Yanaika Cruz Infantes; IPK yanaika@ipk.sld.cu Prof. Marta Ana Castro Peraza; IPK martac@ipk.sld.cu Prof. Laura Bravo Fari\u00f1as; IPK laura@ipk.sld.cu Prof. Islay Rodr\u00edguez; IPK islay@sld.cu Prof. Jos\u00e9 Rodr\u00edguez Silveira; IPK, jsilveira@ipk.sld.cu T\u00e9c. Jorge Ra\u00fal Campo D\u00edaz; IPK jcampos@ipk.sld.cu<\/p>\n","protected":false},"author":3262,"featured_media":0,"parent":0,"menu_order":0,"comment_status":"closed","ping_status":"closed","template":"","meta":[],"_links":{"self":[{"href":"https:\/\/promociondeeventos.sld.cu\/vigilanciagenomica\/wp-json\/wp\/v2\/pages\/5"}],"collection":[{"href":"https:\/\/promociondeeventos.sld.cu\/vigilanciagenomica\/wp-json\/wp\/v2\/pages"}],"about":[{"href":"https:\/\/promociondeeventos.sld.cu\/vigilanciagenomica\/wp-json\/wp\/v2\/types\/page"}],"author":[{"embeddable":true,"href":"https:\/\/promociondeeventos.sld.cu\/vigilanciagenomica\/wp-json\/wp\/v2\/users\/3262"}],"replies":[{"embeddable":true,"href":"https:\/\/promociondeeventos.sld.cu\/vigilanciagenomica\/wp-json\/wp\/v2\/comments?post=5"}],"version-history":[{"count":3,"href":"https:\/\/promociondeeventos.sld.cu\/vigilanciagenomica\/wp-json\/wp\/v2\/pages\/5\/revisions"}],"predecessor-version":[{"id":29,"href":"https:\/\/promociondeeventos.sld.cu\/vigilanciagenomica\/wp-json\/wp\/v2\/pages\/5\/revisions\/29"}],"wp:attachment":[{"href":"https:\/\/promociondeeventos.sld.cu\/vigilanciagenomica\/wp-json\/wp\/v2\/media?parent=5"}],"curies":[{"name":"wp","href":"https:\/\/api.w.org\/{rel}","templated":true}]}}