{"id":3,"date":"2024-04-16T16:16:01","date_gmt":"2024-04-16T16:16:01","guid":{"rendered":"https:\/\/promociondeeventos.sld.cu\/vigilanciagenomica\/?page_id=3"},"modified":"2024-04-24T14:35:38","modified_gmt":"2024-04-24T14:35:38","slug":"convocatoria","status":"publish","type":"page","link":"https:\/\/promociondeeventos.sld.cu\/vigilanciagenomica\/","title":{"rendered":"Convocatoria"},"content":{"rendered":"<p><img decoding=\"async\" loading=\"lazy\" class=\"\" src=\"http:\/\/promociondeeventos.sld.cu\/vigilanciagenomica\/files\/2024\/04\/IMG-20240422-WA0008.jpg\" width=\"619\" height=\"349\" \/><\/p>\n<p>El curso proporcionar\u00e1 la capacitaci\u00f3n de nuestros especialistas en m\u00e9todos de secuenciaci\u00f3n completa del genoma (WGS), de los principales enteropat\u00f3genos bacterianos productores de Enfermedades de Transmisi\u00f3n Digestivas con alto potencial epid\u00e9mico. Se realizar\u00e1 tomando en cuenta los protocolos actualizados y con el equipo MinION MK 1B, Oxford Nanopore Thecnologies. Nuestros especialistas adquirir\u00e1n las capacidades para el procesamiento e interpretaci\u00f3n de los resultados de la WGS por medio de los Software bioinform\u00e1ticos. Estas herramientas que se complementan, constituyen un nuevo paradigma en el abordaje y b\u00fasqueda de evidencias cient\u00edficas que contribuyan a esclarecer estudio cl\u00ednico-epidemiol\u00f3gico, y con ello poder accionar de manera oportuna y proactiva con el objetivo de mitigar el fen\u00f3meno con medidas de contenci\u00f3n contra el microorganismo involucrado.<\/p>\n<p>Estos cinco d\u00edas de pr\u00e1cticas en el laboratorio y conferencias reunir\u00e1n a expertos en secuenciaci\u00f3n de ADN , cl\u00ednicos, epidemi\u00f3logos, bi\u00f3logos moleculares y funcionarios de OPS Washington, para tratar temas de estrategias de vigilancia gen\u00f3mica, retos actuales y la direcci\u00f3n futura de la investigaci\u00f3n b\u00e1sica y cl\u00ednica sobre enfermedades bacterianas \u00a0emergentes y re-emergentes de importancia m\u00e9dica.<\/p>\n","protected":false},"excerpt":{"rendered":"<p>El curso proporcionar\u00e1 la capacitaci\u00f3n de nuestros especialistas en m\u00e9todos de secuenciaci\u00f3n completa del genoma (WGS), de los principales enteropat\u00f3genos bacterianos productores de Enfermedades de Transmisi\u00f3n Digestivas con alto potencial epid\u00e9mico. Se realizar\u00e1 tomando en cuenta los protocolos actualizados y con el equipo MinION MK 1B, Oxford Nanopore Thecnologies. Nuestros especialistas adquirir\u00e1n las capacidades para [&hellip;]<\/p>\n","protected":false},"author":3262,"featured_media":0,"parent":0,"menu_order":0,"comment_status":"closed","ping_status":"closed","template":"","meta":[],"_links":{"self":[{"href":"https:\/\/promociondeeventos.sld.cu\/vigilanciagenomica\/wp-json\/wp\/v2\/pages\/3"}],"collection":[{"href":"https:\/\/promociondeeventos.sld.cu\/vigilanciagenomica\/wp-json\/wp\/v2\/pages"}],"about":[{"href":"https:\/\/promociondeeventos.sld.cu\/vigilanciagenomica\/wp-json\/wp\/v2\/types\/page"}],"author":[{"embeddable":true,"href":"https:\/\/promociondeeventos.sld.cu\/vigilanciagenomica\/wp-json\/wp\/v2\/users\/3262"}],"replies":[{"embeddable":true,"href":"https:\/\/promociondeeventos.sld.cu\/vigilanciagenomica\/wp-json\/wp\/v2\/comments?post=3"}],"version-history":[{"count":5,"href":"https:\/\/promociondeeventos.sld.cu\/vigilanciagenomica\/wp-json\/wp\/v2\/pages\/3\/revisions"}],"predecessor-version":[{"id":42,"href":"https:\/\/promociondeeventos.sld.cu\/vigilanciagenomica\/wp-json\/wp\/v2\/pages\/3\/revisions\/42"}],"wp:attachment":[{"href":"https:\/\/promociondeeventos.sld.cu\/vigilanciagenomica\/wp-json\/wp\/v2\/media?parent=3"}],"curies":[{"name":"wp","href":"https:\/\/api.w.org\/{rel}","templated":true}]}}