{"id":13,"date":"2024-04-16T16:17:39","date_gmt":"2024-04-16T16:17:39","guid":{"rendered":"https:\/\/promociondeeventos.sld.cu\/vigilanciagenomica\/?page_id=13"},"modified":"2024-04-17T13:27:54","modified_gmt":"2024-04-17T13:27:54","slug":"tematicas","status":"publish","type":"page","link":"https:\/\/promociondeeventos.sld.cu\/vigilanciagenomica\/tematicas\/","title":{"rendered":"Tem\u00e1ticas"},"content":{"rendered":"<p>&#8211; Desarrollo de protocolos de WGS con plataforma tecnol\u00f3gica Oxford Nanopore Thecnologies (MinION).<br \/>\n&#8211; Metodolog\u00eda de bioinform\u00e1tica aplicada a la vigilancia gen\u00f3mica de enteropat\u00f3genos emergentes y reemergentes con alto potencial epid\u00e9mico.<br \/>\n&#8211; Estrategias de Vigilancia Gen\u00f3mica Regional de Vibrio cholerae O1\/O139, y de otros enteropatogenos emergentes y re-emergentes causantes de Enfermedades de Transmisi\u00f3n \u00a0Digestiva.<strong><em><\/p>\n<p><\/em><\/strong><\/p>\n","protected":false},"excerpt":{"rendered":"<p>&#8211; Desarrollo de protocolos de WGS con plataforma tecnol\u00f3gica Oxford Nanopore Thecnologies (MinION). &#8211; Metodolog\u00eda de bioinform\u00e1tica aplicada a la vigilancia gen\u00f3mica de enteropat\u00f3genos emergentes y reemergentes con alto potencial epid\u00e9mico. &#8211; Estrategias de Vigilancia Gen\u00f3mica Regional de Vibrio cholerae O1\/O139, y de otros enteropatogenos emergentes y re-emergentes causantes de Enfermedades de Transmisi\u00f3n \u00a0Digestiva.<\/p>\n","protected":false},"author":3262,"featured_media":0,"parent":0,"menu_order":0,"comment_status":"closed","ping_status":"closed","template":"","meta":[],"_links":{"self":[{"href":"https:\/\/promociondeeventos.sld.cu\/vigilanciagenomica\/wp-json\/wp\/v2\/pages\/13"}],"collection":[{"href":"https:\/\/promociondeeventos.sld.cu\/vigilanciagenomica\/wp-json\/wp\/v2\/pages"}],"about":[{"href":"https:\/\/promociondeeventos.sld.cu\/vigilanciagenomica\/wp-json\/wp\/v2\/types\/page"}],"author":[{"embeddable":true,"href":"https:\/\/promociondeeventos.sld.cu\/vigilanciagenomica\/wp-json\/wp\/v2\/users\/3262"}],"replies":[{"embeddable":true,"href":"https:\/\/promociondeeventos.sld.cu\/vigilanciagenomica\/wp-json\/wp\/v2\/comments?post=13"}],"version-history":[{"count":2,"href":"https:\/\/promociondeeventos.sld.cu\/vigilanciagenomica\/wp-json\/wp\/v2\/pages\/13\/revisions"}],"predecessor-version":[{"id":31,"href":"https:\/\/promociondeeventos.sld.cu\/vigilanciagenomica\/wp-json\/wp\/v2\/pages\/13\/revisions\/31"}],"wp:attachment":[{"href":"https:\/\/promociondeeventos.sld.cu\/vigilanciagenomica\/wp-json\/wp\/v2\/media?parent=13"}],"curies":[{"name":"wp","href":"https:\/\/api.w.org\/{rel}","templated":true}]}}