{"id":11,"date":"2024-04-16T16:17:27","date_gmt":"2024-04-16T16:17:27","guid":{"rendered":"https:\/\/promociondeeventos.sld.cu\/vigilanciagenomica\/?page_id=11"},"modified":"2024-04-17T13:29:59","modified_gmt":"2024-04-17T13:29:59","slug":"contactos","status":"publish","type":"page","link":"https:\/\/promociondeeventos.sld.cu\/vigilanciagenomica\/contactos\/","title":{"rendered":"Contactos"},"content":{"rendered":"<p>Prof. Adalberto \u00c1guila S\u00e1nchez; IPK <a href=\"mailto:adalberto@ipk.sld.cu\" target=\"_blank\" rel=\"noopener\">adalberto@ipk.sld.cu<\/a><\/p>\n<p>T\u00e9c. Jorge Ra\u00fal Campo D\u00edaz; IPK <a href=\"mailto:jcampos@ipk.sld.cu\" target=\"_blank\" rel=\"noopener\">jcampos@ipk.sld.cu<\/a><\/p>\n","protected":false},"excerpt":{"rendered":"<p>Prof. Adalberto \u00c1guila S\u00e1nchez; IPK adalberto@ipk.sld.cu T\u00e9c. Jorge Ra\u00fal Campo D\u00edaz; IPK jcampos@ipk.sld.cu<\/p>\n","protected":false},"author":3262,"featured_media":0,"parent":0,"menu_order":0,"comment_status":"closed","ping_status":"closed","template":"","meta":[],"_links":{"self":[{"href":"https:\/\/promociondeeventos.sld.cu\/vigilanciagenomica\/wp-json\/wp\/v2\/pages\/11"}],"collection":[{"href":"https:\/\/promociondeeventos.sld.cu\/vigilanciagenomica\/wp-json\/wp\/v2\/pages"}],"about":[{"href":"https:\/\/promociondeeventos.sld.cu\/vigilanciagenomica\/wp-json\/wp\/v2\/types\/page"}],"author":[{"embeddable":true,"href":"https:\/\/promociondeeventos.sld.cu\/vigilanciagenomica\/wp-json\/wp\/v2\/users\/3262"}],"replies":[{"embeddable":true,"href":"https:\/\/promociondeeventos.sld.cu\/vigilanciagenomica\/wp-json\/wp\/v2\/comments?post=11"}],"version-history":[{"count":2,"href":"https:\/\/promociondeeventos.sld.cu\/vigilanciagenomica\/wp-json\/wp\/v2\/pages\/11\/revisions"}],"predecessor-version":[{"id":32,"href":"https:\/\/promociondeeventos.sld.cu\/vigilanciagenomica\/wp-json\/wp\/v2\/pages\/11\/revisions\/32"}],"wp:attachment":[{"href":"https:\/\/promociondeeventos.sld.cu\/vigilanciagenomica\/wp-json\/wp\/v2\/media?parent=11"}],"curies":[{"name":"wp","href":"https:\/\/api.w.org\/{rel}","templated":true}]}}