{"id":58,"date":"2020-01-13T18:26:58","date_gmt":"2020-01-13T18:26:58","guid":{"rendered":"http:\/\/promociondeeventos.sld.cu\/videosalud2008\/?page_id=58"},"modified":"2020-02-20T16:03:59","modified_gmt":"2020-02-20T16:03:59","slug":"relatoria-videosalud2008","status":"publish","type":"page","link":"https:\/\/promociondeeventos.sld.cu\/videosalud2008\/relatoria-videosalud2008\/","title":{"rendered":"Relator\u00eda videosalud2008"},"content":{"rendered":"<div class=\"plain\">\n<h3>RELATORIA DEL EVENTO TE\u00d3RICO PRESENCIAL DE VIDEOSALUD 2008<\/h3>\n<p>El Evento Te\u00f3rico de Videosalud 2008 se desarroll\u00f3, del 30 de septiembre al\u00a0 2 de octubre en las sesiones de la ma\u00f1ana, en los estudios de Animaci\u00f3n del Instituto del Arte e Industrias Cinematogr\u00e1ficos \u2013 ICAIC. Estuvieron presentes los invitados extranjeros al evento, los delegados cubanos y miembros del grupo de audiovisuales de Infomed y del comit\u00e9 organizador. Se cumpli\u00f3 el programa previsto con la presentaci\u00f3n de 8 Conferencias Magistrales: 5 cubanas y\u00a0 3 extranjeras y 2 Mesas Redondas.<\/p>\n<p>Se inici\u00f3 la sesi\u00f3n del 30 de septiembre con la conferencia magistral de Alssandro Griffini sobre la Historia del Cine Cient\u00edfico, haciendo un recuento sobre los or\u00edgenes de las im\u00e1genes del cine m\u00e9dico, con una colecci\u00f3n de secuencias f\u00edlmicas de los siglos XIX y principios del XX. Despu\u00e9s del debate la Dra. Alina P\u00e9rez hizo una intervenci\u00f3n explicando el dise\u00f1o del programa cient\u00edfico del evento seg\u00fan las necesidades identificadas de los participantes del evento.<br \/>\nSeguidamente sesion\u00f3 una Mesa Redonda sobre la Experiencia Internacional en la Producci\u00f3n de Audiovisuales sobre Salud, moderada por la Dra. Irma Attme de Ceballos (Argentina) y en la que participaron Josefa Mar\u00eda Panisiello (Espa\u00f1a), Jaap Klein (Holanda) y Pierre Jamart (Belgica).<\/p>\n<p>Cerr\u00f3 la ma\u00f1ana la conferencia de la Lic. Tania Delgado, asesora jur\u00eddica del ICAIC, acerca de el Derecho de autor en las obras audiovisuales, la que motiv\u00f3 un debate y evacu\u00f3 muchas dudas sobre este tema.<\/p>\n<p>El segundo d\u00eda del evento lo abri\u00f3 el Dr. Gerardo Ojeda (M\u00e9xico \u2013Espa\u00f1a) con la conferencia magistral Por una Nueva Convergencia Polivalente de Medios Audiovisuales, sobre los posibilidades convergentes de los medios de comunicaci\u00f3n para la educaci\u00f3n a distancia y como se han incorporado las diferentes tecnolog\u00edas a los modelos educativos, adem\u00e1s de proponer la utilizaci\u00f3n del portal de la UNED como soporte de obras audiovisuales de salud.<\/p>\n<p>Sigui\u00f3 a esta conferencia la Mesa Redonda sobre la Experiencia Nacional en la producci\u00f3n de audiovisaules de salud, en la que participaron Manuel S\u00e1nchez del Centro Nacional de Educaci\u00f3n para la Salud y Miguel Bol\u00edvar del Centro Nacional de Educaci\u00f3n Sexual, donde se relat\u00f3 sobre los inicios de esta producci\u00f3n en los inicios de la d\u00e9cada de 1970 y se reconoci\u00f3 que desde esa \u00e9poca el Ministerio de Salud P\u00fablica no ha dejado de producir audiovisuales de salud.<\/p>\n<p>La sesi\u00f3n termin\u00f3 con una conferencia del Dr. Iv\u00e1n Barreto Cultura y audiovisualidad. Revelaciones desde la sociedad cubana actual, donde present\u00f3 el resultado de sus investigaciones recientes sobre estos temas.<\/p>\n<p>El tercer y el \u00faltimo d\u00eda del evento se inici\u00f3 con la conferencia magistral de Julio Takayama (Brasil), de Bireme, en la que present\u00f3 El Portal de Bireme, en la que se refiri\u00f3 al nuevo portal que fue lanzado hace unos d\u00edas y que estar\u00e1 disponible p\u00fablicamente para fin de a\u00f1o, es la versi\u00f3n beta del sitio, que tiene facilidades muy amigables para los usuarios y que puede incluir los audiovisuales.<\/p>\n<p>Despu\u00e9s el Licenciado Miguel Rivero, del grupo de Tecnolog\u00eda Educativa de la Universidad M\u00e9dica de La Habana disert\u00f3 sobre Los Medios Audiovisuales en el Programa Nacional de Formaci\u00f3n de Recursos Humanos en Salud, donde expuso parte de la experiencia de este instituto en dicha producci\u00f3n.<\/p>\n<p>Seguidamente la Dra. Alina P\u00e9rez present\u00f3 su conferencia La Gesti\u00f3n de Informaci\u00f3n Audiovisual en Salud: Perspectivas en el Contexto Cubano, donde se refiri\u00f3 a la necesidad de profesionalizar la producci\u00f3n, distribuci\u00f3n y exhibici\u00f3n audiovisual en el sector y propuso proyectos conjuntos para el desarrollo de la gesti\u00f3n de informaci\u00f3n audiovisual en salud y la capacitaci\u00f3n del personal, como la generaci\u00f3n de un sitio de audiovisuales con la filosof\u00eda de Infomed 2.0.<\/p>\n<p>La \u00faltima conferencia magistral del Evento Te\u00f3rico fue la intervenci\u00f3n del Dr. Jorge Gonz\u00e1lez, Rector\u00a0 del Instituto Superior de Ciencias M\u00e9dicas de La Habana: El Audiovisual en la Educaci\u00f3n M\u00e9dica en Cuba, en la cual se refiri\u00f3 al papel de la Universidad en el empleo de los medios masivos de comunicaci\u00f3n y los audiovisuales en su proceso educativo, as\u00ed como las caracter\u00edsticas que deben cumplir este tipo de materiales, adem\u00e1s de hacer una valoraci\u00f3n cr\u00edtica de lo que se hab\u00eda producido hasta el momento y las necesidades y retos que en este momento deben enfrentar estas producciones. La conferencia gener\u00f3 un nutrido e interesante debate.<\/p>\n<\/div>\n","protected":false},"excerpt":{"rendered":"<p>RELATORIA DEL EVENTO TE\u00d3RICO PRESENCIAL DE VIDEOSALUD 2008 El Evento Te\u00f3rico de Videosalud 2008 se desarroll\u00f3, del 30 de septiembre al\u00a0 2 de octubre en las sesiones de la ma\u00f1ana, en los estudios de Animaci\u00f3n del Instituto del Arte e Industrias Cinematogr\u00e1ficos \u2013 ICAIC. Estuvieron presentes los invitados extranjeros al evento, los delegados cubanos y [&hellip;]<\/p>\n","protected":false},"author":3205,"featured_media":0,"parent":0,"menu_order":0,"comment_status":"closed","ping_status":"open","template":"","meta":[],"_links":{"self":[{"href":"https:\/\/promociondeeventos.sld.cu\/videosalud2008\/wp-json\/wp\/v2\/pages\/58"}],"collection":[{"href":"https:\/\/promociondeeventos.sld.cu\/videosalud2008\/wp-json\/wp\/v2\/pages"}],"about":[{"href":"https:\/\/promociondeeventos.sld.cu\/videosalud2008\/wp-json\/wp\/v2\/types\/page"}],"author":[{"embeddable":true,"href":"https:\/\/promociondeeventos.sld.cu\/videosalud2008\/wp-json\/wp\/v2\/users\/3205"}],"replies":[{"embeddable":true,"href":"https:\/\/promociondeeventos.sld.cu\/videosalud2008\/wp-json\/wp\/v2\/comments?post=58"}],"version-history":[{"count":1,"href":"https:\/\/promociondeeventos.sld.cu\/videosalud2008\/wp-json\/wp\/v2\/pages\/58\/revisions"}],"predecessor-version":[{"id":59,"href":"https:\/\/promociondeeventos.sld.cu\/videosalud2008\/wp-json\/wp\/v2\/pages\/58\/revisions\/59"}],"wp:attachment":[{"href":"https:\/\/promociondeeventos.sld.cu\/videosalud2008\/wp-json\/wp\/v2\/media?parent=58"}],"curies":[{"name":"wp","href":"https:\/\/api.w.org\/{rel}","templated":true}]}}