{"id":56,"date":"2020-01-13T18:24:59","date_gmt":"2020-01-13T18:24:59","guid":{"rendered":"http:\/\/promociondeeventos.sld.cu\/videosalud2008\/?page_id=56"},"modified":"2020-01-13T18:25:08","modified_gmt":"2020-01-13T18:25:08","slug":"programacion","status":"publish","type":"page","link":"https:\/\/promociondeeventos.sld.cu\/videosalud2008\/programacion\/","title":{"rendered":"Programaci\u00f3n"},"content":{"rendered":"<div class=\"plain\">\n<h2 class=\"Heading\">Centro Cultural ICAIC<\/h2>\n<p><strong>Lunes 29<\/strong><\/p>\n<p>Hora: 2:00 p.m.<\/p>\n<p>Ponle Vida. Andar seguros por el amor \/ M\u00f3nica Borrayo \/ Cuba \/\u00a0 27 min<\/p>\n<p>La entrega de la confianza \/ Lisette Vila \/ Cuba \/\u00a0 14 min<\/p>\n<p>Ponle Vida. El primer mes del beb\u00e9 \/ M\u00f3nica Borrayo \/ Cuba \/ 27 min<strong><br \/>\n<\/strong><\/p>\n<p><strong>Martes 30<\/strong><\/p>\n<p>Hora: 2:00 p.m.<\/p>\n<p>Conquistando un sue\u00f1o \/ Roynel Rafael Fern\u00e1ndez Veloso \/ Cuba \/ 33 min<\/p>\n<p>Lo verdaderamente perverso \/ Rita M. Pereira Ram\u00edrez \/ Cuba \/ 15 min<\/p>\n<p>Sexualidad un derecho a la vida \/ Lisette Vila \/ Cuba \/\u00a0 30 min<\/p>\n<p>Hablemos de salud: La naturaleza propia del hombre \/ Luis Laria Torrana \/ Cuba \/ 11 min<\/p>\n<p><em>Hora: 4:00 pm <\/em><\/p>\n<p>Aprender a prevenir \/ Mayt\u00e9 D\u00edaz \/ Cuba \/\u00a0 14 min<\/p>\n<p>Prevenci\u00f3n del Sida en la comunidad \/ Alejandro Homar \/ Cuba \/\u00a0 19 min<\/p>\n<p>Pruebas por la vida \/ Alejandro Homar \/ Cuba \/\u00a0 19 min<\/p>\n<p>A partir de ahora \/ Ivo Herrera \/ Cuba \/\u00a0 25 min<\/p>\n<p>Para vivir m\u00e1s y mejor \/ Teresita G\u00f3mez \/ Cuba \/ 13 min<\/p>\n<p><strong>Mi\u00e9rcoles 1<\/strong><\/p>\n<p><em>Hora: 2:00 p.m. <\/em><\/p>\n<p>Hipertensito: Cigarro \/ Mario Arturo Prieto Rodr\u00edguez \/ Cuba \/ 3 min<\/p>\n<p>Nacer al sonido \/ Luis Dentane Silva \/ Chile \/ 22 min<\/p>\n<p>Un monumento contra el c\u00e1ncer \/ \u00c1ngela Ubrera \/ Espa\u00f1a \/ 20 min<\/p>\n<p>Hipertensito: Mi nueva amiga \/ Mario Arturo Prieto Rodr\u00edguez \/ Cuba \/\u00a0 4 min<\/p>\n<p>La nueva biomedicina \/ \u00c1ngela Ubrera \/ Espa\u00f1a \/ 27 min<\/p>\n<p><em>Hora: 4:00 p.m. <\/em><\/p>\n<p>Con el rostro oculto. Violencia de g\u00e9nero por la que sufren muchas mujeres \/ Jorge A. Lay Estrada \/ Cuba \/ 20 min<\/p>\n<p>Lactancia materna exclusiva \/ Jorge A. Lay Estrada \/ Cuba \/\u00a0\u00a0 24 min<\/p>\n<p>Pubertad: Est\u00e1n pasando cosas raras \/ Ernesto Pi\u00f1a \/ Cuba \/ 7 min<\/p>\n<p>Cinco segundos \/ Juan Zarco Col\u00f3n \/ Espa\u00f1a \/ Cuba \/ 19<\/p>\n<p>Renacer a la vida \/ Maryl\u00edn Figueroa Cruz \/ Cuba \/ 19 min<\/p>\n<p>Tratamiento de la incontinencia urinaria msculina por medio de bandeletas sub-bulbares trans-obturatriz in-out \/ Prof. Jean de Leval y Pierre Jamart\/ B\u00e9lgica\/ 10 min.<br \/>\n<strong>Jueves 2 <\/strong><\/p>\n<p><em>Hora: 2:00 p.m. <\/em><\/p>\n<p>Buscando en la memoria \/ Rolando Ra\u00fal Rom\u00e1n Capdevila \/ Cuba \/\u00a0 13 min<\/p>\n<p>Centro Provincial de Informaci\u00f3n de Ciencias M\u00e9dicas de Villa Clara \/ Yenkis Gonz\u00e1lez G\u00f3mez \/ Cuba \/ 6 min<\/p>\n<p>\u2026 Y as\u00ed comenz\u00f3. Las trece muchachitas \/ Mar\u00eda del Carmen Gonz\u00e1lez Rivero \/ Cuba \/ 20<\/p>\n<p>Persistir en la ilusi\u00f3n \/ Consuelo Ram\u00edrez Enr\u00edquez \/ Cuba \/ 28 min<\/p>\n<p>Salud para todos: Caries \/ Leudan Manuel Barrera Pesta\u00f1a \/ Cuba \/ 7 min<\/p>\n<p>Salud para todos: Halitosis \/ Leudan Manuel Barrera Pesta\u00f1a \/ Cuba \/ 7 min<em><br \/>\n<\/em><\/p>\n<p><em>Hora: 4:00 p.m. <\/em><\/p>\n<p>Sue\u00f1o para un pr\u00edncipe enano \/ Suliman Rodr\u00edguez de la Barrera \/ Cuba \/ 16 min<\/p>\n<p>La feria de la fantas\u00eda \/ Helena In\u00e9s Rinc\u00f3n L\u00f3pez \/ Cuba \/ 20 min<\/p>\n<p>Los trazos de la inocencia \/ Luis Hidalgo Ramos \/ Cuba \/ 17 min<\/p>\n<p>Los \u00e1ngeles no tienen alas \/ Abdiel Berm\u00fadez Bdez \/ Cuba \/ 11 min<\/p>\n<p>La danza de la vida. Cuerpos sin tiempo \/ Sonia Ba\u00e9z Garc\u00eda \/ Cuba \/ 23 min<strong><br \/>\n<\/strong><\/p>\n<h2 class=\"Heading\">Sala Charlot<\/h2>\n<p><strong>Mi\u00e9rcoles 1<br \/>\n<\/strong>Hora: 2:00 pm<\/p>\n<p>En las laderas del Himalaya \/ Roberto Chile P\u00e9rez \/ Cuba \/\u00a0 36 min<\/p>\n<p>El legado del Che \/ Orelvis Fern\u00e1ndez \u00c1lvarez \/ Cuba \/ 9 min<\/p>\n<p>En mis ojos brillas t\u00fa \/ Roberto Chile P\u00e9rez \/ Cuba \/\u00a0 17 min<\/p>\n<p>Historias de Barrio Adentro \/ Gladys Rubio \/ Cuba \/\u00a0 20 min<\/p>\n<p>El horizonte seg\u00fan el Che \/ F\u00e9lix L\u00f3pez \/ Cuba \/\u00a0 41 min<\/p>\n<p>Op\u00e9ration Milagro: un mod\u00e8le de cooperation Sub Sub \/ Beatriz Zozaya \/ 12 min<\/p>\n<p><strong>Jueves 2<br \/>\n<\/strong><\/p>\n<p><em>Hora: 2:00 p.m. <\/em><\/p>\n<p>H\u00e1gase la luz \/ Roberto Chile P\u00e9rez \/ Cuba \/\u00a013 min<\/p>\n<p>Monta\u00f1a de luz \/ Guillermo Centeno \/ Cuba \/\u00a0 41 min<\/p>\n<p>Sue\u00f1os compartidos \/ Orelvis Fern\u00e1ndez \u00c1lvarez \/ Cuba \/ 14 min<\/p>\n<p>Los que van cuesta arriba \/ Pedro Rojas \/ Cuba \/\u00a0 24 min<\/p>\n<p>Partiendo de una tradici\u00f3n \/ Cinthya Chac\u00f3n Becerril \/ M\u00e9xico \/ 20 min<\/p>\n<\/div>\n","protected":false},"excerpt":{"rendered":"<p>Centro Cultural ICAIC Lunes 29 Hora: 2:00 p.m. Ponle Vida. Andar seguros por el amor \/ M\u00f3nica Borrayo \/ Cuba \/\u00a0 27 min La entrega de la confianza \/ Lisette Vila \/ Cuba \/\u00a0 14 min Ponle Vida. El primer mes del beb\u00e9 \/ M\u00f3nica Borrayo \/ Cuba \/ 27 min Martes 30 Hora: 2:00 [&hellip;]<\/p>\n","protected":false},"author":3205,"featured_media":0,"parent":0,"menu_order":0,"comment_status":"closed","ping_status":"open","template":"","meta":[],"_links":{"self":[{"href":"https:\/\/promociondeeventos.sld.cu\/videosalud2008\/wp-json\/wp\/v2\/pages\/56"}],"collection":[{"href":"https:\/\/promociondeeventos.sld.cu\/videosalud2008\/wp-json\/wp\/v2\/pages"}],"about":[{"href":"https:\/\/promociondeeventos.sld.cu\/videosalud2008\/wp-json\/wp\/v2\/types\/page"}],"author":[{"embeddable":true,"href":"https:\/\/promociondeeventos.sld.cu\/videosalud2008\/wp-json\/wp\/v2\/users\/3205"}],"replies":[{"embeddable":true,"href":"https:\/\/promociondeeventos.sld.cu\/videosalud2008\/wp-json\/wp\/v2\/comments?post=56"}],"version-history":[{"count":1,"href":"https:\/\/promociondeeventos.sld.cu\/videosalud2008\/wp-json\/wp\/v2\/pages\/56\/revisions"}],"predecessor-version":[{"id":57,"href":"https:\/\/promociondeeventos.sld.cu\/videosalud2008\/wp-json\/wp\/v2\/pages\/56\/revisions\/57"}],"wp:attachment":[{"href":"https:\/\/promociondeeventos.sld.cu\/videosalud2008\/wp-json\/wp\/v2\/media?parent=56"}],"curies":[{"name":"wp","href":"https:\/\/api.w.org\/{rel}","templated":true}]}}