{"id":50,"date":"2020-01-13T18:17:10","date_gmt":"2020-01-13T18:17:10","guid":{"rendered":"http:\/\/promociondeeventos.sld.cu\/videosalud2008\/?page_id=50"},"modified":"2020-02-20T19:09:44","modified_gmt":"2020-02-20T19:09:44","slug":"velada-cultural","status":"publish","type":"page","link":"https:\/\/promociondeeventos.sld.cu\/videosalud2008\/velada-cultural\/","title":{"rendered":"Velada cultural"},"content":{"rendered":"<div class=\"plain\">\n<p>En la noche del <strong>30 de septiembre<\/strong> tendr\u00e1 lugar una velada cultural en honor a los asistentes a Videosalud 2008. Habr\u00e1 un concierto de las reconocidas m\u00fasicas cubanas <strong>Niurka Gonz\u00e1lez<\/strong>, flautista, y <strong>Mar\u00eda de Henar Navarro<\/strong>, pianista, quienes conforman el\u00a0<a href=\"http:\/\/promociondeeventos.sld.cu\/videosalud2008\/files\/2020\/02\/D\u00fao-Ondina.docx\">D\u00fao Ondina<\/a><\/p>\n<p>Esta velada tendr\u00e1 lugar en el <strong>teatro del Memorial Jos\u00e9 Mart\u00ed<\/strong>, en la Plaza de la Revoluci\u00f3n a las <strong>8:00 p.m.<\/strong> Solo es necesario presentar la credencial del evento o la invitaci\u00f3n oficial en la entrada del teatro.<\/p>\n<p><strong>Programa del concierto<\/strong><\/p>\n<p>Sonata para flauta y piano (c\u00e9mbalo) obligado en Sol menor BWV 1020<br \/>\nDe J. S. Bach.<\/p>\n<p>Allegro<br \/>\nAdagio<br \/>\nAllegro<\/p>\n<p>Fantas\u00eda de Ph. Gaubert<\/p>\n<p>Preludio y Scherzo\u00a0 Op. 35 de H. B\u00fcsser<\/p>\n<p>Tango Estudio No. 3 de Astor Piazzolla<\/p>\n<p>Andante Pastoral y Scherzettino de P. Taffanel<\/p>\n<p>Balada de F. Martin<\/p>\n<p>Tema con Variaciones y Fuga de A. Al\u00e9n<\/p>\n<\/div>\n","protected":false},"excerpt":{"rendered":"<p>En la noche del 30 de septiembre tendr\u00e1 lugar una velada cultural en honor a los asistentes a Videosalud 2008. Habr\u00e1 un concierto de las reconocidas m\u00fasicas cubanas Niurka Gonz\u00e1lez, flautista, y Mar\u00eda de Henar Navarro, pianista, quienes conforman el\u00a0D\u00fao Ondina Esta velada tendr\u00e1 lugar en el teatro del Memorial Jos\u00e9 Mart\u00ed, en la Plaza [&hellip;]<\/p>\n","protected":false},"author":3205,"featured_media":0,"parent":0,"menu_order":0,"comment_status":"closed","ping_status":"open","template":"","meta":[],"_links":{"self":[{"href":"https:\/\/promociondeeventos.sld.cu\/videosalud2008\/wp-json\/wp\/v2\/pages\/50"}],"collection":[{"href":"https:\/\/promociondeeventos.sld.cu\/videosalud2008\/wp-json\/wp\/v2\/pages"}],"about":[{"href":"https:\/\/promociondeeventos.sld.cu\/videosalud2008\/wp-json\/wp\/v2\/types\/page"}],"author":[{"embeddable":true,"href":"https:\/\/promociondeeventos.sld.cu\/videosalud2008\/wp-json\/wp\/v2\/users\/3205"}],"replies":[{"embeddable":true,"href":"https:\/\/promociondeeventos.sld.cu\/videosalud2008\/wp-json\/wp\/v2\/comments?post=50"}],"version-history":[{"count":3,"href":"https:\/\/promociondeeventos.sld.cu\/videosalud2008\/wp-json\/wp\/v2\/pages\/50\/revisions"}],"predecessor-version":[{"id":380,"href":"https:\/\/promociondeeventos.sld.cu\/videosalud2008\/wp-json\/wp\/v2\/pages\/50\/revisions\/380"}],"wp:attachment":[{"href":"https:\/\/promociondeeventos.sld.cu\/videosalud2008\/wp-json\/wp\/v2\/media?parent=50"}],"curies":[{"name":"wp","href":"https:\/\/api.w.org\/{rel}","templated":true}]}}