{"id":5,"date":"2020-01-13T17:22:06","date_gmt":"2020-01-13T17:22:06","guid":{"rendered":"http:\/\/promociondeeventos.sld.cu\/videosalud2008\/?page_id=5"},"modified":"2020-02-17T19:13:07","modified_gmt":"2020-02-17T19:13:07","slug":"sede","status":"publish","type":"page","link":"https:\/\/promociondeeventos.sld.cu\/videosalud2008\/sede\/","title":{"rendered":"Sedes"},"content":{"rendered":"<div class=\"plain\">\n<h3 class=\"Subheading\"><strong>Encuentro te\u00f3rico presencial<\/strong><\/h3>\n<p>El encuentro te\u00f3rico presencial se desarrollar\u00e1 en la sede de los<b> Estudios de Animaci\u00f3n del ICAIC<\/b>, en la calle 25 entre 10 y 12, Vedado, La Habana.<\/p>\n<h3 class=\"Subheading\"><strong>Inauguraci\u00f3n y clausura de Videosalud 2008<\/strong><\/h3>\n<p><img decoding=\"async\" class=\"image-left\" src=\"https:\/\/web.archive.org\/web\/20160428234930im_\/http:\/\/www.videosalud2008.sld.cu\/galeria-de-fotos-1\/copy_of_la-habana\/dsc01127-red.jpg\" alt=\"Cine 23 y 12\" \/><br \/>\n<strong> Inauguraci\u00f3n<\/strong>:<br \/>\n<strong>D\u00eda:<\/strong> 29 de septiembre de 2008.<br \/>\n<strong> Hora:<\/strong> 4:00 p.m.<br \/>\nCine 23 y 12, sito en 23 entre 12 y 14, Vedado, La Habana.<\/p>\n<p><strong>Clausura:<\/strong><br \/>\nD\u00eda: 3 de octubre de 2008.<br \/>\nHora: 2:00 p.m.<br \/>\nCine 23 y 12, sito en 23 entre 12 y 14, Vedado, La Habana.<br \/>\n<b><strong>Muestras<\/strong><\/b>Centro Cultural Cinematogr\u00e1fico ICAIC, calle 23 No. 1166, entre 10 y 12, Vedado, La Habana.<\/p>\n<h3 class=\"Subheading\"><b>Subsede<\/b><\/h3>\n<p>Sala de Video Charlot, calle 23 e\/ 10 y 12, Vedado, La Habana.<\/p>\n<p><b><strong>Comit\u00e9 organizador y secretar\u00eda del evento<\/strong><\/b>El comit\u00e9 organizador tendr\u00e1 su sede en el Centro Nacional de Informaci\u00f3n de Ciencias M\u00e9dicas (Infomed), calle 27 No. 110 entre M y N, Vedado, muy cerca de los cines del Proyecto 23 del ICAIC.<br \/>\nTel\u00e9fonos:<\/p>\n<p>Secretar\u00eda (537) 838 3886, (537) 838 3839<br \/>\nPresidencia (537) 832 4402<\/p>\n<\/div>\n","protected":false},"excerpt":{"rendered":"<p>Encuentro te\u00f3rico presencial El encuentro te\u00f3rico presencial se desarrollar\u00e1 en la sede de los Estudios de Animaci\u00f3n del ICAIC, en la calle 25 entre 10 y 12, Vedado, La Habana. Inauguraci\u00f3n y clausura de Videosalud 2008 Inauguraci\u00f3n: D\u00eda: 29 de septiembre de 2008. Hora: 4:00 p.m. Cine 23 y 12, sito en 23 entre 12 [&hellip;]<\/p>\n","protected":false},"author":3205,"featured_media":0,"parent":0,"menu_order":0,"comment_status":"closed","ping_status":"open","template":"","meta":[],"_links":{"self":[{"href":"https:\/\/promociondeeventos.sld.cu\/videosalud2008\/wp-json\/wp\/v2\/pages\/5"}],"collection":[{"href":"https:\/\/promociondeeventos.sld.cu\/videosalud2008\/wp-json\/wp\/v2\/pages"}],"about":[{"href":"https:\/\/promociondeeventos.sld.cu\/videosalud2008\/wp-json\/wp\/v2\/types\/page"}],"author":[{"embeddable":true,"href":"https:\/\/promociondeeventos.sld.cu\/videosalud2008\/wp-json\/wp\/v2\/users\/3205"}],"replies":[{"embeddable":true,"href":"https:\/\/promociondeeventos.sld.cu\/videosalud2008\/wp-json\/wp\/v2\/comments?post=5"}],"version-history":[{"count":3,"href":"https:\/\/promociondeeventos.sld.cu\/videosalud2008\/wp-json\/wp\/v2\/pages\/5\/revisions"}],"predecessor-version":[{"id":253,"href":"https:\/\/promociondeeventos.sld.cu\/videosalud2008\/wp-json\/wp\/v2\/pages\/5\/revisions\/253"}],"wp:attachment":[{"href":"https:\/\/promociondeeventos.sld.cu\/videosalud2008\/wp-json\/wp\/v2\/media?parent=5"}],"curies":[{"name":"wp","href":"https:\/\/api.w.org\/{rel}","templated":true}]}}