{"id":48,"date":"2020-01-13T18:15:57","date_gmt":"2020-01-13T18:15:57","guid":{"rendered":"http:\/\/promociondeeventos.sld.cu\/videosalud2008\/?page_id=48"},"modified":"2020-02-19T22:03:37","modified_gmt":"2020-02-19T22:03:37","slug":"catalogo","status":"publish","type":"page","link":"https:\/\/promociondeeventos.sld.cu\/videosalud2008\/catalogo\/","title":{"rendered":"Cat\u00e1logo"},"content":{"rendered":"<p>&nbsp;<\/p>\n<table style=\"height: 34px;\" width=\"237\">\n<tbody>\n<tr>\n<td>\n<h2>Obras<\/h2>\n<p><a href=\"http:\/\/promociondeeventos.sld.cu\/videosalud2008\/files\/2020\/02\/Documentales.docx\">Documentales<\/a><\/p>\n<p><a href=\"http:\/\/promociondeeventos.sld.cu\/videosalud2008\/files\/2020\/02\/Multimedias.docx\">Multimedias<\/a><\/p>\n<p><a href=\"http:\/\/promociondeeventos.sld.cu\/videosalud2008\/files\/2020\/02\/Videos-did\u00e1cticos.docx\">Videos did\u00e1cticos<\/a><\/p>\n<p><a href=\"http:\/\/promociondeeventos.sld.cu\/videosalud2008\/files\/2020\/02\/Videos-informativos.docx\">Videos informativos<\/a><\/p>\n<p><a href=\"http:\/\/promociondeeventos.sld.cu\/videosalud2008\/files\/2020\/02\/Programas-de-televisi\u00f3n.docx\">Programas de televisi\u00f3n<\/a><\/p>\n<p><a href=\"http:\/\/promociondeeventos.sld.cu\/videosalud2008\/files\/2020\/02\/Secuencia-f\u00edlmica.docx\">Secuencia f\u00edlmica<\/a>s<\/p>\n<p><a href=\"http:\/\/promociondeeventos.sld.cu\/videosalud2008\/files\/2020\/02\/Spot.docx\">Spot<\/a><\/p>\n<h3>Muestra competitiva<\/h3>\n<h3><a href=\"http:\/\/promociondeeventos.sld.cu\/videosalud2008\/files\/2020\/02\/Muestra-informativa.pdf\">Muestra informativa<\/a><\/h3>\n<\/td>\n<\/tr>\n<\/tbody>\n<\/table>\n<div class=\"plain\"><\/div>\n","protected":false},"excerpt":{"rendered":"<p>&nbsp; Obras Documentales Multimedias Videos did\u00e1cticos Videos informativos Programas de televisi\u00f3n Secuencia f\u00edlmicas Spot Muestra competitiva Muestra informativa<\/p>\n","protected":false},"author":3205,"featured_media":0,"parent":0,"menu_order":0,"comment_status":"closed","ping_status":"open","template":"","meta":[],"_links":{"self":[{"href":"https:\/\/promociondeeventos.sld.cu\/videosalud2008\/wp-json\/wp\/v2\/pages\/48"}],"collection":[{"href":"https:\/\/promociondeeventos.sld.cu\/videosalud2008\/wp-json\/wp\/v2\/pages"}],"about":[{"href":"https:\/\/promociondeeventos.sld.cu\/videosalud2008\/wp-json\/wp\/v2\/types\/page"}],"author":[{"embeddable":true,"href":"https:\/\/promociondeeventos.sld.cu\/videosalud2008\/wp-json\/wp\/v2\/users\/3205"}],"replies":[{"embeddable":true,"href":"https:\/\/promociondeeventos.sld.cu\/videosalud2008\/wp-json\/wp\/v2\/comments?post=48"}],"version-history":[{"count":12,"href":"https:\/\/promociondeeventos.sld.cu\/videosalud2008\/wp-json\/wp\/v2\/pages\/48\/revisions"}],"predecessor-version":[{"id":368,"href":"https:\/\/promociondeeventos.sld.cu\/videosalud2008\/wp-json\/wp\/v2\/pages\/48\/revisions\/368"}],"wp:attachment":[{"href":"https:\/\/promociondeeventos.sld.cu\/videosalud2008\/wp-json\/wp\/v2\/media?parent=48"}],"curies":[{"name":"wp","href":"https:\/\/api.w.org\/{rel}","templated":true}]}}