{"id":46,"date":"2020-01-13T18:14:31","date_gmt":"2020-01-13T18:14:31","guid":{"rendered":"http:\/\/promociondeeventos.sld.cu\/videosalud2008\/?page_id=46"},"modified":"2020-02-19T20:52:42","modified_gmt":"2020-02-19T20:52:42","slug":"entrevistas","status":"publish","type":"page","link":"https:\/\/promociondeeventos.sld.cu\/videosalud2008\/entrevistas\/","title":{"rendered":"Entrevistas"},"content":{"rendered":"<div><\/div>\n<div class=\"plain\">\n<p>Esta secci\u00f3n reunir\u00e1 entrevistas a personalidades,\u00a0 profesionales, t\u00e9cnicos y estudiantes interesados en participar en Videosalud 2008.<\/p>\n<ul>\n<li>10 de mayo<\/li>\n<\/ul>\n<p><strong><a href=\"http:\/\/promociondeeventos.sld.cu\/videosalud2008\/files\/2020\/02\/EL-AUDIOVISUAL-FORMA-PARTE-DE-MI-CRECIMIENTO-PROFESIONAL.docx\" target=\"_blank\">Maria del Carmen Rivero<\/a>, <\/strong>especialista principal de los servicios bibliotecarios de la Biblioteca M\u00e9dica Nacional, del Centro Nacional de Informaci\u00f3n de Ciencias M\u00e9dicas-Infomed, Cuba.<\/p>\n<ul>\n<li>2 de julio<\/li>\n<\/ul>\n<p><a href=\"http:\/\/promociondeeventos.sld.cu\/videosalud2008\/files\/2020\/02\/Entrevista-a-Tania-Licea.docx\">Tania Licea<\/a>, diplomada en TV por el Instituto Superior de Arte y jefa de la Divisi\u00f3n de Programas para Ni\u00f1os y J\u00f3venes en la TV cubana entre 1994-2004, llega a este espacio para emitir sus consideraciones en torno a tan apasionante tema.<\/p>\n<ul>\n<li>15 de julio<\/li>\n<\/ul>\n<p><a href=\"http:\/\/promociondeeventos.sld.cu\/videosalud2008\/files\/2020\/02\/Entrevista-a-Manuel-S\u00e1nchez.docx\">Manuel S\u00e1nchez<\/a>, con 32 a\u00f1os de experiencia en la producci\u00f3n de materiales did\u00e1cticos relacionados con la medicina y la promoci\u00f3n de salud y que acumula m\u00e1s de 500 trabajos en el \u00e1mbito del audiovisual, interviene en el certamen con el documental \u00abLos que van cuesta arriba\u00bb.<\/p>\n<ul>\n<li>20 de julio<\/li>\n<\/ul>\n<p><a href=\"http:\/\/promociondeeventos.sld.cu\/videosalud2008\/files\/2020\/02\/Entrevista-a-Lesbia-C\u00e1nobas.docx\">Lesbia C\u00e1nobas<\/a>. \u00abEl audiovisual es un eficaz recurso para preservar la salud humana\u00bb. Este espacio se prestigia al difundir las valoraciones de la Doctora en Ciencias, Lesbia C\u00e1novas Fabelo, Directora del Centro Coordinador de Universidad para Todos, quien, entre otras consideraciones, expresa sus criterios acerca de la convergencia de los medios y sobre qu\u00e9 ocurre con la TV Educativa en el \u00e1mbito mundial.<\/p>\n<ul>\n<li>6 de agosto<\/li>\n<\/ul>\n<p><a href=\"http:\/\/promociondeeventos.sld.cu\/videosalud2008\/files\/2020\/02\/Entrevista-a-Silvia-Garc\u00eda-Mart\u00ednez.docx\">Silvia Garc\u00eda Mart\u00ednez<\/a>. A prop\u00f3sito de la realizaci\u00f3n en La Habana de Videosalud 2008, entre el 29 de septiembre y el 3 de octubre, la Doctora Silvia Garc\u00eda, especialista de segundo grado en Dermatolog\u00eda y responsable de esa rama m\u00e9dica en la Cl\u00ednica Central \u00abCira Garc\u00eda\u00bb en La Habana, confeccion\u00f3 una gu\u00eda educativa sobre la prevenci\u00f3n del da\u00f1o solar y su relaci\u00f3n con el c\u00e1ncer de piel. Para conocer detalles de esa obra, proponemos a nuestros lectores la entrevista concedida por nuestra interlocutora.<\/p>\n<ul>\n<li>25 de septiembre<\/li>\n<\/ul>\n<p><a href=\"http:\/\/promociondeeventos.sld.cu\/videosalud2008\/files\/2020\/02\/Videosalud-lleg\u00f3-en-un-momento-id\u00f3neo.docx\">Miguel Rivero<\/a><br \/>\nJefe del Grupo de Tecnolog\u00eda Educativa del Instituto Superior de Ciencias M\u00e9dicas de La Habana. Este Grupo es el encargado de coordinar y dise\u00f1ar los recursos de aprendizaje que se utilizan actualmente en los procesos de pregrado y postgrado de la formaci\u00f3n de m\u00e9dicos en Cuba.<\/p>\n<ul>\n<li>26 de septiembre<\/li>\n<\/ul>\n<p><strong><a href=\"http:\/\/promociondeeventos.sld.cu\/videosalud2008\/files\/2020\/01\/Medios-audiovisuales-pueden-ser-muy-valiosos-en-la-promoci\u00f3n-de-salud.docx\">Giselda Sanabria<\/a><\/strong><\/p>\n<p>Doctora en Ciencias de la Salud y\u00a0 Profesora Principal de la Maestr\u00eda de Promoci\u00f3n de Salud de la Escuela Nacional de Salud P\u00fablica de Cuba (ENSAP).<\/p>\n<\/div>\n","protected":false},"excerpt":{"rendered":"<p>Esta secci\u00f3n reunir\u00e1 entrevistas a personalidades,\u00a0 profesionales, t\u00e9cnicos y estudiantes interesados en participar en Videosalud 2008. 10 de mayo Maria del Carmen Rivero, especialista principal de los servicios bibliotecarios de la Biblioteca M\u00e9dica Nacional, del Centro Nacional de Informaci\u00f3n de Ciencias M\u00e9dicas-Infomed, Cuba. 2 de julio Tania Licea, diplomada en TV por el Instituto Superior [&hellip;]<\/p>\n","protected":false},"author":3205,"featured_media":0,"parent":0,"menu_order":0,"comment_status":"closed","ping_status":"open","template":"","meta":[],"_links":{"self":[{"href":"https:\/\/promociondeeventos.sld.cu\/videosalud2008\/wp-json\/wp\/v2\/pages\/46"}],"collection":[{"href":"https:\/\/promociondeeventos.sld.cu\/videosalud2008\/wp-json\/wp\/v2\/pages"}],"about":[{"href":"https:\/\/promociondeeventos.sld.cu\/videosalud2008\/wp-json\/wp\/v2\/types\/page"}],"author":[{"embeddable":true,"href":"https:\/\/promociondeeventos.sld.cu\/videosalud2008\/wp-json\/wp\/v2\/users\/3205"}],"replies":[{"embeddable":true,"href":"https:\/\/promociondeeventos.sld.cu\/videosalud2008\/wp-json\/wp\/v2\/comments?post=46"}],"version-history":[{"count":12,"href":"https:\/\/promociondeeventos.sld.cu\/videosalud2008\/wp-json\/wp\/v2\/pages\/46\/revisions"}],"predecessor-version":[{"id":349,"href":"https:\/\/promociondeeventos.sld.cu\/videosalud2008\/wp-json\/wp\/v2\/pages\/46\/revisions\/349"}],"wp:attachment":[{"href":"https:\/\/promociondeeventos.sld.cu\/videosalud2008\/wp-json\/wp\/v2\/media?parent=46"}],"curies":[{"name":"wp","href":"https:\/\/api.w.org\/{rel}","templated":true}]}}