{"id":38,"date":"2020-01-13T17:56:29","date_gmt":"2020-01-13T17:56:29","guid":{"rendered":"http:\/\/promociondeeventos.sld.cu\/videosalud2008\/?page_id=38"},"modified":"2020-01-13T17:56:29","modified_gmt":"2020-01-13T17:56:29","slug":"muestra-informativa","status":"publish","type":"page","link":"https:\/\/promociondeeventos.sld.cu\/videosalud2008\/muestra-informativa\/","title":{"rendered":"Muestra informativa"},"content":{"rendered":"<blockquote>\n<div class=\"plain\">La muestra informativa es gratuita.<\/p>\n<p>Los interesados en exhibir sus obras en esta muestra deben llenar la planilla de inscripci\u00f3n de obras y enviarla a la secretar\u00eda de <i>Videosalud2008.<\/i><\/p>\n<p>Pueden presentarse obras en cualquier categor\u00eda, entre otras:<\/p>\n<ul>\n<ul>\n<li>documental<\/li>\n<li>multimedia<\/li>\n<li>did\u00e1ctico<\/li>\n<li>informativo<\/li>\n<li>programa de televisi\u00f3n<\/li>\n<li>secuencia f\u00edlmica<\/li>\n<li>gui\u00f3n in\u00e9dito<\/li>\n<li>spot<\/li>\n<\/ul>\n<\/ul>\n<p>Las obras no tendr\u00e1n l\u00edmite de duraci\u00f3n, y su producci\u00f3n puede ser anterior a 2003.<\/p>\n<p>El comit\u00e9 de selecci\u00f3n las evaluar\u00e1 y conformar\u00e1 un cat\u00e1logo.<\/p><\/div>\n<\/blockquote>\n","protected":false},"excerpt":{"rendered":"<p>La muestra informativa es gratuita. Los interesados en exhibir sus obras en esta muestra deben llenar la planilla de inscripci\u00f3n de obras y enviarla a la secretar\u00eda de Videosalud2008. Pueden presentarse obras en cualquier categor\u00eda, entre otras: documental multimedia did\u00e1ctico informativo programa de televisi\u00f3n secuencia f\u00edlmica gui\u00f3n in\u00e9dito spot Las obras no tendr\u00e1n l\u00edmite de [&hellip;]<\/p>\n","protected":false},"author":3205,"featured_media":0,"parent":0,"menu_order":0,"comment_status":"closed","ping_status":"open","template":"","meta":[],"_links":{"self":[{"href":"https:\/\/promociondeeventos.sld.cu\/videosalud2008\/wp-json\/wp\/v2\/pages\/38"}],"collection":[{"href":"https:\/\/promociondeeventos.sld.cu\/videosalud2008\/wp-json\/wp\/v2\/pages"}],"about":[{"href":"https:\/\/promociondeeventos.sld.cu\/videosalud2008\/wp-json\/wp\/v2\/types\/page"}],"author":[{"embeddable":true,"href":"https:\/\/promociondeeventos.sld.cu\/videosalud2008\/wp-json\/wp\/v2\/users\/3205"}],"replies":[{"embeddable":true,"href":"https:\/\/promociondeeventos.sld.cu\/videosalud2008\/wp-json\/wp\/v2\/comments?post=38"}],"version-history":[{"count":1,"href":"https:\/\/promociondeeventos.sld.cu\/videosalud2008\/wp-json\/wp\/v2\/pages\/38\/revisions"}],"predecessor-version":[{"id":39,"href":"https:\/\/promociondeeventos.sld.cu\/videosalud2008\/wp-json\/wp\/v2\/pages\/38\/revisions\/39"}],"wp:attachment":[{"href":"https:\/\/promociondeeventos.sld.cu\/videosalud2008\/wp-json\/wp\/v2\/media?parent=38"}],"curies":[{"name":"wp","href":"https:\/\/api.w.org\/{rel}","templated":true}]}}