{"id":35,"date":"2020-01-13T17:43:56","date_gmt":"2020-01-13T17:43:56","guid":{"rendered":"http:\/\/promociondeeventos.sld.cu\/videosalud2008\/?page_id=35"},"modified":"2020-01-13T17:43:56","modified_gmt":"2020-01-13T17:43:56","slug":"como-participar-en-el-evento-teorico-virtual","status":"publish","type":"page","link":"https:\/\/promociondeeventos.sld.cu\/videosalud2008\/como-participar-en-el-evento-teorico-virtual\/","title":{"rendered":"\u00bfC\u00f3mo participar en el evento te\u00f3rico virtual?"},"content":{"rendered":"<div class=\"plain\">\n<p class=\"plain\"><strong>Para enviar el trabajo te\u00f3rico al encuentro virtual, es requisito indispensable <a href=\"https:\/\/web.archive.org\/web\/20151230111608\/http:\/\/www.videosalud2008.sld.cu\/encuentro-teorico-virtual\/instrucciones-para-inscribirse-en-el-evento-virtual\" target=\"_self\">inscribirse<\/a> en el sitio<\/strong>. Esta no es la v\u00eda de hacernos llegar las obras.<\/p>\n<p>Luego de inscrito, debe entrar a la p\u00e1gina de <a href=\"https:\/\/web.archive.org\/web\/20151230111608\/http:\/\/www.videosalud2008.sld.cu\/\" target=\"_self\">Inicio<\/a> del sitio y escribir su nombre de usuario y contrase\u00f1a.<\/p>\n<p class=\"plain\">Puede usar dos variantes:<\/p>\n<p class=\"plain\"><strong>Primera variante:<br \/>\n<\/strong><br \/>\nEn la columna de la derecha, haga clic en la opci\u00f3n<strong> A\u00f1adir un nuevo trabajo<\/strong> y siga los siguientes pasos:<\/p>\n<p>1. Llene el formulario, tenga en cuenta que los campos marcados con puntos rojos son obligatorios.<\/p>\n<p>2. En el campo <b>Trabajo<\/b>, haga clic en <b>Examinar<\/b>, y seleccione el archivo que desea subir y pulse <strong>Guardar<\/strong>.<\/p>\n<div class=\"plain\">\n<ul>\n<li>\n<div class=\"plain\">Si adjunta un archivo de manera err\u00f3nea, puede ir a <strong>reemplazar con nuevo archivo<b>,<\/b><\/strong> antes de <strong>Guardar<\/strong> y sustituirlo por uno nuevo.<\/div>\n<\/li>\n<\/ul>\n<\/div>\n<div class=\"plain\">\n<ul>\n<li>\u00a0Si guard\u00f3 y quiere modificar los datos del formulario, pero no el archivo adjunto, entonces debe pulsar <strong>Mantener archivo actua<b>l<\/b><\/strong>, antes de <strong>Guardar<\/strong> y\u00a0<strong>Enviar<\/strong> al Comit\u00e9 cient\u00edfico.<\/li>\n<\/ul>\n<\/div>\n<p>3. Si no llena el formulario correctamente, el\u00a0sistema le pedir\u00e1 completar los datos. Si desea revisar o enmendar los datos del formulario, haga clic en <strong>Editar<\/strong> y una vez realizada la edici\u00f3n, pulse <strong>Guardar<\/strong>.<\/p>\n<p>4. Haga \u00a0clic en la opci\u00f3n <strong>Estado<\/strong> que se encuentra en la barra superior y\u00a0seleccione <strong>Enviar<\/strong>. Esta opci\u00f3n es obligatoria para que el trabajo sea evaluado por el Comit\u00e9 Cient\u00edfico.<\/p>\n<p><strong>Nota:<\/strong> Las im\u00e1genes deben estar insertadas en el texto del documento, no deben enviarse como archivos independientes.<\/p>\n<p>En visitas posteriores al sitio usted podr\u00e1 acceder a su trabajo entrando a la opci\u00f3n\u00a0 <b>Mi Carpeta<\/b>, que se encuentra a la izquierda de la barra superior del sitio.<\/p>\n<p><strong>Segunda variante:<\/strong><\/p>\n<p><strong>Otra forma para enviar su trabajo<\/strong> es a trav\u00e9s de <b>Mi Carpeta<\/b> siguiendo estos pasos:<\/p>\n<p>Una vez inscrito, debe entrar a la p\u00e1gina <a href=\"https:\/\/web.archive.org\/web\/20151230111608\/http:\/\/www.videosalud2008.sld.cu\/\" target=\"_self\">Inicio<\/a> del sitio y escribir su nombre de usuario y contrase\u00f1a usando las opciones de <strong>Entrar<\/strong> disponibles.<\/p>\n<ol start=\"1\">\n<li>Seleccione <strong>Mi Carpeta<\/strong> que aparece a la izquierda en la barra superior del sitio.<\/li>\n<li>Se activa un men\u00fa de edici\u00f3n\u00a0en\u00a0<strong>Mi Carpeta<\/strong>, y vaya a <strong>Agregar un Nuevo Contenido.\u00a0<\/strong><\/li>\n<li>Haga clic en la opci\u00f3n <strong>Trabajo<\/strong> y se despliega un formulario.\n<ul>\n<li>Llene el formulario, tenga en cuenta que los campos marcados con puntos rojos son obligatorios.<\/li>\n<li>En el campo <b>Trabajo<\/b>, haga clic en <b>Examinar<\/b>, y seleccione el archivo que desea subir y pulse <strong>Guardar<\/strong>.<\/li>\n<li>Si adjunta un archivo de manera err\u00f3nea, puede ir a <strong>reemplazar con nuevo archivo<b>,<\/b><\/strong> antes de <strong>Guardar<\/strong> y sustituirlo por uno nuevo.<\/li>\n<li>Si guard\u00f3 y quiere modificar los datos del formulario, pero no el archivo adjunto, entonces debe pulsar <strong>Mantener archivo actua<b>l<\/b><\/strong>, antes de <strong>Guardar<\/strong> y\u00a0<strong>Enviar<\/strong> al Comit\u00e9 cient\u00edfico.<\/li>\n<\/ul>\n<\/li>\n<\/ol>\n<p>4. Si no llena el formulario correctamente, el\u00a0sistema le pedir\u00e1 completar los datos. Si desea revisar o enmendar los datos del formulario, haga clic en <strong>Editar<\/strong> y una vez realizada la edici\u00f3n, pulse <strong>Guardar<\/strong>.<br \/>\n5. Haga \u00a0clic en la opci\u00f3n <strong>Estado<\/strong> que se encuentra en la barra superior y\u00a0seleccione <strong>Enviar<\/strong>. Esta opci\u00f3n es obligatoria para que el trabajo sea evaluado por el Comit\u00e9 Cient\u00edfico.<\/p>\n<p><strong>Recuerde:<\/strong> Las im\u00e1genes deben estar insertadas en el texto del documento, no deben enviarse como archivos independientes.<\/p>\n<p>En visitas posteriores al sitio usted podr\u00e1 acceder a su trabajo mediante la opci\u00f3n\u00a0 <strong>Mi Carpeta<\/strong>, que se encuentra a la izquierda de la barra superior del sitio.<\/p>\n<\/div>\n","protected":false},"excerpt":{"rendered":"<p>Para enviar el trabajo te\u00f3rico al encuentro virtual, es requisito indispensable inscribirse en el sitio. Esta no es la v\u00eda de hacernos llegar las obras. Luego de inscrito, debe entrar a la p\u00e1gina de Inicio del sitio y escribir su nombre de usuario y contrase\u00f1a. Puede usar dos variantes: Primera variante: En la columna de [&hellip;]<\/p>\n","protected":false},"author":3205,"featured_media":0,"parent":0,"menu_order":0,"comment_status":"closed","ping_status":"open","template":"","meta":[],"_links":{"self":[{"href":"https:\/\/promociondeeventos.sld.cu\/videosalud2008\/wp-json\/wp\/v2\/pages\/35"}],"collection":[{"href":"https:\/\/promociondeeventos.sld.cu\/videosalud2008\/wp-json\/wp\/v2\/pages"}],"about":[{"href":"https:\/\/promociondeeventos.sld.cu\/videosalud2008\/wp-json\/wp\/v2\/types\/page"}],"author":[{"embeddable":true,"href":"https:\/\/promociondeeventos.sld.cu\/videosalud2008\/wp-json\/wp\/v2\/users\/3205"}],"replies":[{"embeddable":true,"href":"https:\/\/promociondeeventos.sld.cu\/videosalud2008\/wp-json\/wp\/v2\/comments?post=35"}],"version-history":[{"count":1,"href":"https:\/\/promociondeeventos.sld.cu\/videosalud2008\/wp-json\/wp\/v2\/pages\/35\/revisions"}],"predecessor-version":[{"id":36,"href":"https:\/\/promociondeeventos.sld.cu\/videosalud2008\/wp-json\/wp\/v2\/pages\/35\/revisions\/36"}],"wp:attachment":[{"href":"https:\/\/promociondeeventos.sld.cu\/videosalud2008\/wp-json\/wp\/v2\/media?parent=35"}],"curies":[{"name":"wp","href":"https:\/\/api.w.org\/{rel}","templated":true}]}}