{"id":3,"date":"2020-01-13T17:20:20","date_gmt":"2020-01-13T17:20:20","guid":{"rendered":"http:\/\/promociondeeventos.sld.cu\/videosalud2008\/?page_id=3"},"modified":"2020-02-17T19:10:44","modified_gmt":"2020-02-17T19:10:44","slug":"comite-cientifico","status":"publish","type":"page","link":"https:\/\/promociondeeventos.sld.cu\/videosalud2008\/comite-cientifico\/","title":{"rendered":"Comit\u00e9 cient\u00edfico"},"content":{"rendered":"<table align=\"left\">\n<tbody>\n<tr>\n<td colspan=\"2\"><strong>Presidente<\/strong><\/td>\n<\/tr>\n<\/tbody>\n<tbody>\n<tr>\n<td>\u00a0<img decoding=\"async\" loading=\"lazy\" src=\"https:\/\/web.archive.org\/web\/20160428234925im_\/http:\/\/www.videosalud2008.sld.cu\/resolveUid\/54a43dced098104749f8b81993a5da35\" alt=\"Dr Enrrique Beldarra\u00edn Chaple\" width=\"83\" height=\"96\" hspace=\"5\" vspace=\"5\" \/><\/td>\n<td>\n<h3><\/h3>\n<p><a href=\"http:\/\/promociondeeventos.sld.cu\/videosalud2008\/files\/2020\/02\/Dr-Beldarra\u00edn.docx\" target=\"_blank\">Dr. Enrique Beldarra\u00edn Chaple<\/a><a href=\"https:\/\/web.archive.org\/web\/20160428234925\/http:\/\/www.videosalud2008.sld.cu\/resolveUid\/9bd8db3048340658ac582d2df9d9a527\"><br \/>\n<\/a>Jefe del Departamento de Investigaciones del Centro Nacional de Informaci\u00f3n de Ciencias M\u00e9dicas, Infomed, Ministerio de Salud P\u00fablica de Cuba.<\/td>\n<\/tr>\n<tr>\n<td colspan=\"2\"><strong>Miembros<\/strong><\/td>\n<\/tr>\n<tr>\n<td>\u00a0<img decoding=\"async\" loading=\"lazy\" class=\"image-left\" src=\"https:\/\/web.archive.org\/web\/20160428234925im_\/http:\/\/www.videosalud2008.sld.cu\/foto-lesbia.jpg\" alt=\"DrSc Lesbia C\u00e1nobas Fabelo\" width=\"78\" height=\"105\" hspace=\"5\" vspace=\"5\" \/><\/td>\n<td><a href=\"http:\/\/promociondeeventos.sld.cu\/videosalud2008\/files\/2020\/01\/Dra.-Lesbia-C\u00e1nobas-Fabelo.docx\">Dra. Lesbia C\u00e1nobas Fabelo<\/a><br \/>\nDirectora del Centro Coordinador del Proyecto<br \/>\nde la Televisi\u00f3n Cubana \u00abUniversidad para Todos\u00bb<\/td>\n<\/tr>\n<tr>\n<td colspan=\"2\"><\/td>\n<\/tr>\n<tr>\n<td>\u00a0<img decoding=\"async\" loading=\"lazy\" class=\"image-left\" src=\"https:\/\/web.archive.org\/web\/20160428234925im_\/http:\/\/www.videosalud2008.sld.cu\/Members\/maite\/griffini_1.jpg\" alt=\"Profesor Alessandr C. Griffini\" width=\"100\" height=\"113\" hspace=\"5\" vspace=\"5\" \/><\/td>\n<td><a href=\"http:\/\/promociondeeventos.sld.cu\/videosalud2008\/files\/2020\/01\/Profesor-Alessandro-C.-Griffini.docx\">Profesor Alessandro C. Griffini<\/a><br \/>\nResponsable del sector Exposiciones y Audiovisuales<br \/>\ndel Instituto Nacional por las Nuevas Tecnolog\u00edas,<br \/>\nEnerg\u00eda y el Medio Ambiente (ENEA)<\/td>\n<\/tr>\n<tr>\n<td colspan=\"2\"><\/td>\n<\/tr>\n<tr>\n<td><\/td>\n<td><a href=\"http:\/\/promociondeeventos.sld.cu\/videosalud2008\/files\/2020\/02\/MSc-Tania-Licea.docx\">MSc Tania Licea<\/a><br \/>\nLicenciada en Letras<br \/>\nM\u00e1ster en Ling\u00fc\u00edstica Hisp\u00e1nica por la Universidad de La Habana<\/td>\n<\/tr>\n<tr>\n<td colspan=\"2\"><\/td>\n<\/tr>\n<tr>\n<td>\u00a0\u00a0 <img decoding=\"async\" loading=\"lazy\" class=\"image-left\" src=\"https:\/\/web.archive.org\/web\/20160428234925im_\/http:\/\/www.videosalud2008.sld.cu\/Members\/maite\/jaa-klein.jpg\" alt=\"Profesor Jaap Klein\" width=\"85\" height=\"113\" hspace=\"5\" vspace=\"5\" \/><\/td>\n<td><a href=\"http:\/\/promociondeeventos.sld.cu\/videosalud2008\/files\/2020\/02\/Profesor-Jaap-Klein.docx\">Profesor Jaap Klein<\/a><br \/>\nProfesor, ex director del Centro de Medios de Comunicaci\u00f3n<br \/>\nde la Universidad de Amsterdam, Holanda<\/td>\n<\/tr>\n<tr>\n<td colspan=\"2\"><\/td>\n<\/tr>\n<tr>\n<td>\u00a0<img decoding=\"async\" loading=\"lazy\" class=\"image-left\" src=\"https:\/\/web.archive.org\/web\/20160428234925im_\/http:\/\/www.videosalud2008.sld.cu\/Members\/maite\/gerardo_1.jpg\" alt=\"DrSc. Gerardo Ojeda Casta\u00f1eda\" width=\"100\" height=\"126\" hspace=\"5\" vspace=\"5\" \/><\/td>\n<td><a href=\"http:\/\/promociondeeventos.sld.cu\/videosalud2008\/files\/2020\/02\/S\u00edntesis-curricular-de-Gerardo-Ojeda-Casta\u00f1eda.docx\">S\u00edntesis curricular de Gerardo Ojeda Casta\u00f1eda<\/a><br \/>\nDirector del Centro de Medios Audiovisuales<br \/>\nde la Universidad Nacional de Educaci\u00f3n a Distancia (UNED), Espa\u00f1a.<br \/>\nProfesor Asociado de la Universidad Carlos III de Madrid.<\/td>\n<\/tr>\n<tr>\n<td colspan=\"2\"><\/td>\n<\/tr>\n<tr>\n<td>\u00a0<img decoding=\"async\" loading=\"lazy\" class=\"image-left\" src=\"https:\/\/web.archive.org\/web\/20160428234925im_\/http:\/\/www.videosalud2008.sld.cu\/Members\/maite\/waldo_1.jpg\" alt=\"Lic. Waldo Ram\u00edrez\" width=\"100\" height=\"90\" hspace=\"5\" vspace=\"5\" \/><\/td>\n<td><a href=\"http:\/\/promociondeeventos.sld.cu\/videosalud2008\/files\/2020\/02\/Lic.-Waldo-Ram\u00edrez.docx\">Lic. Waldo Ram\u00edrez<\/a><br \/>\nVicepresidente del\u00a0 Instituto Cubano de Radio y Televisi\u00f3n (ICRT).<\/td>\n<\/tr>\n<tr>\n<td colspan=\"2\"><\/td>\n<\/tr>\n<tr>\n<td><\/td>\n<td>Dr.Sc. Giselda Sanabria<br \/>\nDoctora en Ciencias de la Salud<br \/>\nProfesora principal de la Maestr\u00eda de Promoci\u00f3n de Salud<br \/>\nde la Escuela Nacional de Salud P\u00fablica Cuba (ENSAP).<\/td>\n<\/tr>\n<tr>\n<td colspan=\"2\"><\/td>\n<\/tr>\n<tr>\n<td><\/td>\n<td><a href=\"http:\/\/promociondeeventos.sld.cu\/videosalud2008\/files\/2020\/02\/Dr-Cs-Jos\u00e9-Ram\u00f3n-Vidal.docx\">Dr Cs Jos\u00e9 Ram\u00f3n Vidal<\/a><br \/>\nProfesor de la Facultad de Comunicaci\u00f3n<br \/>\nde la Universidad de La Habana, Cuba.<\/td>\n<\/tr>\n<tr>\n<td colspan=\"2\"><\/td>\n<\/tr>\n<tr>\n<td><\/td>\n<td>\u00a0<a href=\"http:\/\/promociondeeventos.sld.cu\/videosalud2008\/files\/2020\/02\/Lic-Roberto-Smith.docx\">Lic Roberto Smith<\/a><br \/>\nVicepresidente del Instituto Cubano del Arte<br \/>\ne Industria Cinematogr\u00e1ficos.<br \/>\nICAIC.<\/td>\n<\/tr>\n<tr>\n<td colspan=\"2\"><\/td>\n<\/tr>\n<tr>\n<td><\/td>\n<td>Dr. Andr\u00e9s Bas<br \/>\nPresidente de la World Associations of Medical and Helth Films<br \/>\nWAMHF<br \/>\nDirector de la Fundacion Videomed.<br \/>\nCirujano.- Jefe de servicio de Cirugia del Hospital Provincial de<br \/>\nBadajoz.<br \/>\nProfesor Asociado de Cirugia de la UEX.<br \/>\nMiembro de sociedades cientificas de Europa y America.<br \/>\nMiembro de Jurados internacionales.<\/td>\n<\/tr>\n<tr>\n<td colspan=\"2\"><\/td>\n<\/tr>\n<\/tbody>\n<\/table>\n<p>&nbsp;<\/p>\n","protected":false},"excerpt":{"rendered":"<p>Presidente \u00a0 Dr. Enrique Beldarra\u00edn Chaple Jefe del Departamento de Investigaciones del Centro Nacional de Informaci\u00f3n de Ciencias M\u00e9dicas, Infomed, Ministerio de Salud P\u00fablica de Cuba. Miembros \u00a0 Dra. Lesbia C\u00e1nobas Fabelo Directora del Centro Coordinador del Proyecto de la Televisi\u00f3n Cubana \u00abUniversidad para Todos\u00bb \u00a0 Profesor Alessandro C. Griffini Responsable del sector Exposiciones y [&hellip;]<\/p>\n","protected":false},"author":3205,"featured_media":0,"parent":0,"menu_order":0,"comment_status":"closed","ping_status":"open","template":"","meta":[],"_links":{"self":[{"href":"https:\/\/promociondeeventos.sld.cu\/videosalud2008\/wp-json\/wp\/v2\/pages\/3"}],"collection":[{"href":"https:\/\/promociondeeventos.sld.cu\/videosalud2008\/wp-json\/wp\/v2\/pages"}],"about":[{"href":"https:\/\/promociondeeventos.sld.cu\/videosalud2008\/wp-json\/wp\/v2\/types\/page"}],"author":[{"embeddable":true,"href":"https:\/\/promociondeeventos.sld.cu\/videosalud2008\/wp-json\/wp\/v2\/users\/3205"}],"replies":[{"embeddable":true,"href":"https:\/\/promociondeeventos.sld.cu\/videosalud2008\/wp-json\/wp\/v2\/comments?post=3"}],"version-history":[{"count":16,"href":"https:\/\/promociondeeventos.sld.cu\/videosalud2008\/wp-json\/wp\/v2\/pages\/3\/revisions"}],"predecessor-version":[{"id":252,"href":"https:\/\/promociondeeventos.sld.cu\/videosalud2008\/wp-json\/wp\/v2\/pages\/3\/revisions\/252"}],"wp:attachment":[{"href":"https:\/\/promociondeeventos.sld.cu\/videosalud2008\/wp-json\/wp\/v2\/media?parent=3"}],"curies":[{"name":"wp","href":"https:\/\/api.w.org\/{rel}","templated":true}]}}