{"id":29,"date":"2020-01-13T17:41:02","date_gmt":"2020-01-13T17:41:02","guid":{"rendered":"http:\/\/promociondeeventos.sld.cu\/videosalud2008\/?page_id=29"},"modified":"2020-01-13T17:41:02","modified_gmt":"2020-01-13T17:41:02","slug":"encuentro-teorico-virtual","status":"publish","type":"page","link":"https:\/\/promociondeeventos.sld.cu\/videosalud2008\/encuentro-teorico-virtual\/","title":{"rendered":"Encuentro te\u00f3rico virtual"},"content":{"rendered":"<div><\/div>\n<div class=\"plain\">\n<div class=\"plain\">\n<p>Al encuentro te\u00f3rico virtual est\u00e1n convocados especialistas y tecn\u00f3logos de la salud vinculados con la informaci\u00f3n audiovisual, realizadores, guionistas, productores, distribuidores y t\u00e9cnicos audiovisuales, inform\u00e1ticos y especialistas de la informaci\u00f3n cient\u00edfica, comunicadores sociales, promotores de salud y educadores.<\/p>\n<\/div>\n<h3 class=\"Subheading\"><strong>Tem\u00e1ticas generales<\/strong><\/h3>\n<div class=\"plain\">\n<ul>\n<li>Gesti\u00f3n del conocimiento e informaci\u00f3n audiovisual para la salud.<\/li>\n<li>Creaci\u00f3n de obras audiovisuales cient\u00edfico-t\u00e9cnicas de salud.<\/li>\n<li>Tecnolog\u00edas y medios audiovisuales para la salud.<\/li>\n<li>Producci\u00f3n, exhibici\u00f3n, conservaci\u00f3n y distribuci\u00f3n de obras audiovisuales en ciencias de la salud.<\/li>\n<li>Comunicaci\u00f3n audiovisual, sociedad y salud.<\/li>\n<\/ul>\n<\/div>\n<h3 class=\"Subheading\"><strong>Tem\u00e1ticas espec\u00edficas<\/strong><\/h3>\n<div class=\"plain\">\n<ul>\n<li>Audiovisuales en las bibliotecas virtuales de salud.<\/li>\n<li>Audiovisuales en la educaci\u00f3n a distancia y en la universidad virtual en salud.<\/li>\n<li>Audiovisuales y telemedicina.<\/li>\n<li>Mediatecas cient\u00edficas.<\/li>\n<li>Redes de exhibici\u00f3n y distribuci\u00f3n especializadas y p\u00fablicas no comerciales.<\/li>\n<li>Festivales de cine y video cient\u00edficos en salud.<\/li>\n<li>Televisi\u00f3n educativa.<\/li>\n<li>Audiovisuales en la formaci\u00f3n de pregrado de las ciencias de la salud.<\/li>\n<li>Audiovisuales en la formaci\u00f3n m\u00e9dica continuada.<\/li>\n<li>Historia del cine cient\u00edfico m\u00e9dico y de la salud.<\/li>\n<li>Internet y los medios masivos de comunicaci\u00f3n.<\/li>\n<li>Audiovisuales en la cultura de la salud.<\/li>\n<li>Audiovisuales en la promoci\u00f3n y la educaci\u00f3n para la salud.<\/li>\n<li>Registro de im\u00e1genes y sonidos utilizando medios diagn\u00f3sticos\u00a0 y terap\u00e9uticos.<\/li>\n<li>G\u00e9neros audiovisuales y comunicaci\u00f3n de la ciencia.<\/li>\n<li>Convergencia de medios audiovisuales en la comunicaci\u00f3n cient\u00edfica en salud.<\/li>\n<li>Dise\u00f1o de productos comunicativos audiovisuales.<\/li>\n<\/ul>\n<p>Cada autor puede presentar un n\u00famero ilimitado de trabajos de forma gratuita.<\/p>\n<p>No se aceptan m\u00e1s de tres autores por cada obra.<\/p>\n<p><strong>La recepci\u00f3n de trabajos se inicia el 24 de enero y culmina el 30 de agosto de 2008<\/strong>.<\/p>\n<p>Los trabajos deben colocarse en el <a href=\"https:\/\/web.archive.org\/web\/20090318152422\/http:\/\/www.videosalud2008.sld.cu\/\" target=\"_self\">sitio del evento<\/a>\u00a0siguiendo las <a title=\"Normas de presentaci\u00f3n de trabajos en evento virtual\" href=\"https:\/\/web.archive.org\/web\/20090318152422\/http:\/\/www.videosalud2008.sld.cu\/encuentro-teorico-virtual\/normas-de-presentacion-de-trabajos-en-evento-virtual\" target=\"_self\">Normas de presentaci\u00f3n de los trabajos.<\/a><\/p>\n<p>Los trabajos aceptados por el Comit\u00e9 cient\u00edfico ser\u00e1n publicados en el <a href=\"https:\/\/web.archive.org\/web\/20090318152422\/http:\/\/www.videosalud2008.sld.cu\/\" target=\"_self\">sitio del evento<\/a>, y en caso de ser rechazados, se comunicar\u00e1n las causas a sus autores.<\/p>\n<p>El certificado de participaci\u00f3n en el evento se emitir\u00e1 por cada trabajo respetando el orden de aparici\u00f3n de los autores y se enviar\u00e1 por v\u00eda electr\u00f3nica.<\/p>\n<p>Los autores ceden el derecho de publicaci\u00f3n de sus trabajos por la Editorial de Ciencias M\u00e9dicas del Centro Nacional de Informaci\u00f3n de Ciencias M\u00e9dicas, para su distribuci\u00f3n sin fines de lucro.<\/p>\n<p>La presentaci\u00f3n de trabajos en este evento supone la aceptaci\u00f3n de estas bases de participaci\u00f3n.<\/p>\n<\/div>\n<\/div>\n","protected":false},"excerpt":{"rendered":"<p>Al encuentro te\u00f3rico virtual est\u00e1n convocados especialistas y tecn\u00f3logos de la salud vinculados con la informaci\u00f3n audiovisual, realizadores, guionistas, productores, distribuidores y t\u00e9cnicos audiovisuales, inform\u00e1ticos y especialistas de la informaci\u00f3n cient\u00edfica, comunicadores sociales, promotores de salud y educadores. Tem\u00e1ticas generales Gesti\u00f3n del conocimiento e informaci\u00f3n audiovisual para la salud. Creaci\u00f3n de obras audiovisuales cient\u00edfico-t\u00e9cnicas de [&hellip;]<\/p>\n","protected":false},"author":3205,"featured_media":0,"parent":0,"menu_order":0,"comment_status":"closed","ping_status":"open","template":"","meta":[],"_links":{"self":[{"href":"https:\/\/promociondeeventos.sld.cu\/videosalud2008\/wp-json\/wp\/v2\/pages\/29"}],"collection":[{"href":"https:\/\/promociondeeventos.sld.cu\/videosalud2008\/wp-json\/wp\/v2\/pages"}],"about":[{"href":"https:\/\/promociondeeventos.sld.cu\/videosalud2008\/wp-json\/wp\/v2\/types\/page"}],"author":[{"embeddable":true,"href":"https:\/\/promociondeeventos.sld.cu\/videosalud2008\/wp-json\/wp\/v2\/users\/3205"}],"replies":[{"embeddable":true,"href":"https:\/\/promociondeeventos.sld.cu\/videosalud2008\/wp-json\/wp\/v2\/comments?post=29"}],"version-history":[{"count":1,"href":"https:\/\/promociondeeventos.sld.cu\/videosalud2008\/wp-json\/wp\/v2\/pages\/29\/revisions"}],"predecessor-version":[{"id":30,"href":"https:\/\/promociondeeventos.sld.cu\/videosalud2008\/wp-json\/wp\/v2\/pages\/29\/revisions\/30"}],"wp:attachment":[{"href":"https:\/\/promociondeeventos.sld.cu\/videosalud2008\/wp-json\/wp\/v2\/media?parent=29"}],"curies":[{"name":"wp","href":"https:\/\/api.w.org\/{rel}","templated":true}]}}