{"id":192,"date":"2020-01-22T21:54:57","date_gmt":"2020-01-22T21:54:57","guid":{"rendered":"http:\/\/promociondeeventos.sld.cu\/videosalud2008\/?page_id=192"},"modified":"2020-02-20T20:45:51","modified_gmt":"2020-02-20T20:45:51","slug":"cursos-2","status":"publish","type":"page","link":"https:\/\/promociondeeventos.sld.cu\/videosalud2008\/cursos-2\/","title":{"rendered":"Cursos"},"content":{"rendered":"<h3 class=\"Subheading\"><strong>Curso 1: El dise\u00f1o y la producci\u00f3n de materiales audiovisuales: un reto para el personal de salud p\u00fablica<\/strong><\/h3>\n<p><strong>Dr.C. Iv\u00e1n Barreto Gelles <\/strong><\/p>\n<ul>\n<li>Profesor Titular de la Direcci\u00f3n de Televisi\u00f3n Educacional del Instituto Superior Pedag\u00f3gico Enrique Jos\u00e9 Varona, Ciudad de La Habana, Cuba.<\/li>\n<li>Miembro de la junta directiva de la Asociaci\u00f3n de Pedagogos de Cuba.<\/li>\n<li>Realizador de materiales audiovisuales con fines educativos.<\/li>\n<li>Director del proyecto de investigaci\u00f3n nacional \u00abConcepci\u00f3n cubana de producci\u00f3n y utilizaci\u00f3n de medios audiovisuales con fines educativos\u00bb.<\/li>\n<li>Miembro del Movimiento Nacional de Video de Cuba.<\/li>\n<\/ul>\n<p><strong>MsC. Pedro Rodr\u00edguez<\/strong><\/p>\n<ul>\n<li>Profesor Asistente del Instituto Pedagogico Latinoamericano y Caribe\u00f1o (IPLAC)<\/li>\n<li>Miembro de la Asociaci\u00f3n de Pedagogos de Cuba.<\/li>\n<li>Realizadora de materiales audiovisuales con fines educativos.<\/li>\n<\/ul>\n<p><strong>Lic. Gretel V\u00e1zquez Zubizarreta<\/strong><\/p>\n<ul>\n<li>\u00a0Profesora asistente de la Direcci\u00f3n de Televisi\u00f3n Educacional del Instituto Superior Pedag\u00f3gico Enrique Jos\u00e9 Varona, Ciudad de La Habana, Cuba.<\/li>\n<li>Miembro de la Asociaci\u00f3n de Pedagogos de Cuba.<\/li>\n<li>Realizadora de materiales audiovisuales con fines educativos.<\/li>\n<li>Miembro del Movimiento Nacional de Video de Cuba.<\/li>\n<\/ul>\n<p><strong>Lic. Samuel L\u00f3pez Medina<\/strong><\/p>\n<ul>\n<li>Profesor instructor y director de la Direcci\u00f3n de Televisi\u00f3n Educacional del Instituto Superior Pedag\u00f3gico Enrique Jos\u00e9 Varona, Ciudad de La Habana, Cuba.<\/li>\n<li>Miembro de la Asociaci\u00f3n de Pedagogos de Cuba.<\/li>\n<li>Realizador y fot\u00f3grafo de materiales audiovisuales con fines educativos.<\/li>\n<li>Miembro de la junta directiva del Movimiento Nacional de Video de Cuba.<\/li>\n<\/ul>\n<table class=\"listing nosort\">\n<tbody>\n<tr>\n<td>Duraci\u00f3n<\/td>\n<td>12 horas (dos d\u00edas, seis horas cada uno)<\/td>\n<\/tr>\n<tr>\n<td>Participantes<\/td>\n<td>20 personas<\/td>\n<\/tr>\n<tr>\n<td>Sede<\/td>\n<td>Infomed. Calle 27 No. 110 entre M y N, Vedado, Ciudad de La Habana<\/td>\n<\/tr>\n<\/tbody>\n<\/table>\n<p>&nbsp;<\/p>\n<h3 class=\"Subheading\">Cerrado plazo de matr\u00edcula!!!<\/h3>\n<h3 class=\"Subheading\"><strong>Curso 2: La utilizaci\u00f3n de los materiales audiovisuales en salud: una mirada desde la Pedagog\u00eda<\/strong><\/h3>\n<p>Dr.C. Pedro A. Hern\u00e1ndez Herrera<\/p>\n<ul>\n<ul>\n<li>Profesor auxiliar y asesor de la Direcci\u00f3n Nacional de Televisi\u00f3n Educativa del Ministerio de Educaci\u00f3n, Cuba.<\/li>\n<li>Miembro de la Asociaci\u00f3n de Pedagogos de Cuba.<\/li>\n<li>Guionista de materiales audiovisuales.<\/li>\n<li>\u00a0Miembro del Movimiento Nacional de Video de Cuba.<\/li>\n<\/ul>\n<\/ul>\n<p>MSc. Elina F. Hern\u00e1ndez Galarraga<\/p>\n<ul>\n<li>\u00a0Profesora auxiliar de la Direcci\u00f3n de Televisi\u00f3n Educacional del Instituto Superior Pedag\u00f3gico Enrique Jos\u00e9 Varona, Ciudad de La Habana, Cuba.<\/li>\n<li>\u00a0Asesora de la Direcci\u00f3n Nacional de Televisi\u00f3n Educativa del Ministerio de Educaci\u00f3n.<\/li>\n<li>Miembro de la Asociaci\u00f3n de Pedagogos de Cuba. Guionista de materiales audiovisuales con fines educativos.<\/li>\n<li>Miembro del Movimiento Nacional de Video de Cuba.<\/li>\n<\/ul>\n<p>Lic. Ana Ibis Rojas Herrera<\/p>\n<ul>\n<li>Profesora auxiliar de la Direcci\u00f3n de Televisi\u00f3n Educacional del Instituto Superior Pedag\u00f3gico Enrique Jos\u00e9 Varona, Ciudad de La Habana, Cuba.<\/li>\n<li>Miembro de la Asociaci\u00f3n de Pedagogos de Cuba.<\/li>\n<li>Realizadora de materiales audiovisuales con fines educativos.<\/li>\n<li>Miembro del Movimiento Nacional de Video de Cuba.<\/li>\n<\/ul>\n<table class=\"listing nosort\">\n<tbody>\n<tr>\n<td>Duraci\u00f3n<\/td>\n<td>12 horas (dos d\u00edas, seis horas cada uno)<\/td>\n<\/tr>\n<tr>\n<td>Participantes<\/td>\n<td>20 personas<\/td>\n<\/tr>\n<tr>\n<td>Sede<\/td>\n<td>Infomed. Calle 27 No. 110 entre M y N, Vedado, Ciudad de La Habana<\/td>\n<\/tr>\n<\/tbody>\n<\/table>\n<h3 class=\"Subheading\">Cerrado plazo de matr\u00edcula!!!<\/h3>\n<hr \/>\n<h3 class=\"Subheading\">Curso 3: Realizaci\u00f3n de video cient\u00edfico m\u00e9dico<\/h3>\n<ul>\n<li><strong>Pierre Jamart<\/strong><\/li>\n<\/ul>\n<p>Fundamentaci\u00f3n:<\/p>\n<p>Existen numerosas instituciones de salud que realizan registros audiovisuales y que han adquirido nuevas tecnolog\u00edas m\u00e9dicas que incorporan estas facilidades, no obstante el personal de salud y de informaci\u00f3n requiere\u00a0 informaci\u00f3n, capacitaci\u00f3n y desarrollar habilidades en la utilizaci\u00f3n de estas t\u00e9cnicas.<\/p>\n<p>Constituye un inter\u00e9s institucional acometer el proceso de alfabetizaci\u00f3n informacional de los trabajadores de la informaci\u00f3n vinculados a los medios audiovisuales, ante el desarrollo de nuevas tecnolog\u00edas digitales de registro y\u00a0 procesamiento de im\u00e1genes y sonidos, y de la convergencia de medios, que permiten compartir la informaci\u00f3n en red, al servicio de la docencia, la asistencia y la investigaci\u00f3n en salud.<\/p>\n<p><strong>Tipo de curso<\/strong>: Curso taller<\/p>\n<p><strong>Objetivos:<\/strong><\/p>\n<p><strong>\u00a0<\/strong><img decoding=\"async\" loading=\"lazy\" src=\"https:\/\/web.archive.org\/web\/20160429014422im_\/file:\/\/\/C:\/DOCUME%7E1\/Infomed\/CONFIG%7E1\/Temp\/msohtml1\/01\/clip_image001.gif\" alt=\"*\" width=\"13\" height=\"13\" \/> Fundamentar el procesamiento de informaci\u00f3n audiovisual como una herramienta para la docencia y la investigaci\u00f3n en la pr\u00e1ctica m\u00e9dica.<\/p>\n<p><img decoding=\"async\" loading=\"lazy\" src=\"https:\/\/web.archive.org\/web\/20160429014422im_\/file:\/\/\/C:\/DOCUME%7E1\/Infomed\/CONFIG%7E1\/Temp\/msohtml1\/01\/clip_image001.gif\" alt=\"*\" width=\"13\" height=\"13\" \/> Dise\u00f1ar un proyecto audiovisual desde la identificaci\u00f3n de la necesidad de informaci\u00f3n hasta\u00a0 la concepci\u00f3n del gui\u00f3n en la atenci\u00f3n de un paciente de cirug\u00eda.<\/p>\n<p><img decoding=\"async\" loading=\"lazy\" src=\"https:\/\/web.archive.org\/web\/20160429014422im_\/file:\/\/\/C:\/DOCUME%7E1\/Infomed\/CONFIG%7E1\/Temp\/msohtml1\/01\/clip_image001.gif\" alt=\"*\" width=\"13\" height=\"13\" \/> Aplicar las t\u00e9cnicas de registro audiovisual y procesamiento de im\u00e1genes y sonidos en la realizaci\u00f3n de un video did\u00e1ctico en el curso de una intervenci\u00f3n de cirug\u00eda mayor.<\/p>\n<p><img decoding=\"async\" loading=\"lazy\" src=\"https:\/\/web.archive.org\/web\/20160429014422im_\/file:\/\/\/C:\/DOCUME%7E1\/Infomed\/CONFIG%7E1\/Temp\/msohtml1\/01\/clip_image001.gif\" alt=\"*\" width=\"13\" height=\"13\" \/> Demostrar las particularidades de la producci\u00f3n audiovisual en el entorno de una unidad quir\u00fargica y en situaciones de emergencia.<\/p>\n<p><strong>Relaci\u00f3n de temas:<br \/>\n<\/strong><\/p>\n<ol start=\"1\" type=\"1\">\n<li>El dise\u00f1o de producci\u00f3n.<\/li>\n<li>La confecci\u00f3n del gui\u00f3n.<\/li>\n<li>Las t\u00e9cnicas de registro de im\u00e1genes y sonido en una unidad quir\u00fargica.<\/li>\n<li>La edici\u00f3n del material audiovisual.<\/li>\n<li>T\u00e9cnicas de posproducci\u00f3n de la imagen anat\u00f3mica e histol\u00f3gica.<\/li>\n<li>El montaje final y la exhibici\u00f3n.<\/li>\n<li>Resultados de la utilizaci\u00f3n del material por el equipo m\u00e9dico.<\/li>\n<\/ol>\n<table class=\"listing nosort\">\n<tbody>\n<tr>\n<td>Duraci\u00f3n<\/td>\n<td>12 horas<\/td>\n<\/tr>\n<tr>\n<td>Participantes<\/td>\n<td>12 personas<\/td>\n<\/tr>\n<tr>\n<td>Sede<\/td>\n<td>Infomed. Calle 27 No. 110 entre M y N, Vedado, Ciudad de La Habana<\/td>\n<\/tr>\n<\/tbody>\n<\/table>\n<p><strong>Fecha: 30 de septiembre al 2 de octubre de 2:00 p.m. a 5:00 p.m.<br \/>\n3 de octubre de 9:00 a.m. a 12:00 a.m.<\/strong><\/p>\n<h3 class=\"Subheading\">Cerrado plazo de matr\u00edcula!!!<\/h3>\n<h3 class=\"Subheading\">La confirmaci\u00f3n de las plazas ser\u00e1 a su direcci\u00f3n de correo electr\u00f3nico.<\/h3>\n","protected":false},"excerpt":{"rendered":"<p>Curso 1: El dise\u00f1o y la producci\u00f3n de materiales audiovisuales: un reto para el personal de salud p\u00fablica Dr.C. Iv\u00e1n Barreto Gelles Profesor Titular de la Direcci\u00f3n de Televisi\u00f3n Educacional del Instituto Superior Pedag\u00f3gico Enrique Jos\u00e9 Varona, Ciudad de La Habana, Cuba. Miembro de la junta directiva de la Asociaci\u00f3n de Pedagogos de Cuba. Realizador [&hellip;]<\/p>\n","protected":false},"author":3262,"featured_media":0,"parent":0,"menu_order":0,"comment_status":"closed","ping_status":"open","template":"","meta":[],"_links":{"self":[{"href":"https:\/\/promociondeeventos.sld.cu\/videosalud2008\/wp-json\/wp\/v2\/pages\/192"}],"collection":[{"href":"https:\/\/promociondeeventos.sld.cu\/videosalud2008\/wp-json\/wp\/v2\/pages"}],"about":[{"href":"https:\/\/promociondeeventos.sld.cu\/videosalud2008\/wp-json\/wp\/v2\/types\/page"}],"author":[{"embeddable":true,"href":"https:\/\/promociondeeventos.sld.cu\/videosalud2008\/wp-json\/wp\/v2\/users\/3262"}],"replies":[{"embeddable":true,"href":"https:\/\/promociondeeventos.sld.cu\/videosalud2008\/wp-json\/wp\/v2\/comments?post=192"}],"version-history":[{"count":5,"href":"https:\/\/promociondeeventos.sld.cu\/videosalud2008\/wp-json\/wp\/v2\/pages\/192\/revisions"}],"predecessor-version":[{"id":438,"href":"https:\/\/promociondeeventos.sld.cu\/videosalud2008\/wp-json\/wp\/v2\/pages\/192\/revisions\/438"}],"wp:attachment":[{"href":"https:\/\/promociondeeventos.sld.cu\/videosalud2008\/wp-json\/wp\/v2\/media?parent=192"}],"curies":[{"name":"wp","href":"https:\/\/api.w.org\/{rel}","templated":true}]}}