{"id":188,"date":"2020-01-22T21:53:27","date_gmt":"2020-01-22T21:53:27","guid":{"rendered":"http:\/\/promociondeeventos.sld.cu\/videosalud2008\/?page_id=188"},"modified":"2020-01-22T21:53:27","modified_gmt":"2020-01-22T21:53:27","slug":"encuentro-teorico-presencial-2","status":"publish","type":"page","link":"https:\/\/promociondeeventos.sld.cu\/videosalud2008\/encuentro-teorico-presencial-2\/","title":{"rendered":"Encuentro te\u00f3rico presencial"},"content":{"rendered":"<p>El encuentro te\u00f3rico presencial consistir\u00e1 en conferencias magistrales y mesas redondas, programadas por los organizadores del evento, con la presencia de personalidades y autoridades del audiovisual y las ciencias de la salud.<\/p>\n<p>Fecha: 30 de septiembre al 2 de octubre de 2008 entre las 8:30 a.m. y las 2:00 p.m.<\/p>\n<p>Podr\u00e1n asistir delegados, participantes e invitados del evento que presenten credencial. Otros interesados en participar pueden hacerlo contactando con la secretar\u00eda del evento o directamente con los coordinadores en la sede.<\/p>\n<p>El <a href=\"https:\/\/web.archive.org\/web\/20160429014414\/http:\/\/www.videosalud2008.sld.cu\/programa\">programa<\/a> preliminar se encuentra en l\u00ednea.<\/p>\n","protected":false},"excerpt":{"rendered":"<p>El encuentro te\u00f3rico presencial consistir\u00e1 en conferencias magistrales y mesas redondas, programadas por los organizadores del evento, con la presencia de personalidades y autoridades del audiovisual y las ciencias de la salud. Fecha: 30 de septiembre al 2 de octubre de 2008 entre las 8:30 a.m. y las 2:00 p.m. Podr\u00e1n asistir delegados, participantes e [&hellip;]<\/p>\n","protected":false},"author":3262,"featured_media":0,"parent":0,"menu_order":0,"comment_status":"closed","ping_status":"open","template":"","meta":[],"_links":{"self":[{"href":"https:\/\/promociondeeventos.sld.cu\/videosalud2008\/wp-json\/wp\/v2\/pages\/188"}],"collection":[{"href":"https:\/\/promociondeeventos.sld.cu\/videosalud2008\/wp-json\/wp\/v2\/pages"}],"about":[{"href":"https:\/\/promociondeeventos.sld.cu\/videosalud2008\/wp-json\/wp\/v2\/types\/page"}],"author":[{"embeddable":true,"href":"https:\/\/promociondeeventos.sld.cu\/videosalud2008\/wp-json\/wp\/v2\/users\/3262"}],"replies":[{"embeddable":true,"href":"https:\/\/promociondeeventos.sld.cu\/videosalud2008\/wp-json\/wp\/v2\/comments?post=188"}],"version-history":[{"count":1,"href":"https:\/\/promociondeeventos.sld.cu\/videosalud2008\/wp-json\/wp\/v2\/pages\/188\/revisions"}],"predecessor-version":[{"id":190,"href":"https:\/\/promociondeeventos.sld.cu\/videosalud2008\/wp-json\/wp\/v2\/pages\/188\/revisions\/190"}],"wp:attachment":[{"href":"https:\/\/promociondeeventos.sld.cu\/videosalud2008\/wp-json\/wp\/v2\/media?parent=188"}],"curies":[{"name":"wp","href":"https:\/\/api.w.org\/{rel}","templated":true}]}}