{"id":181,"date":"2020-01-22T21:48:32","date_gmt":"2020-01-22T21:48:32","guid":{"rendered":"http:\/\/promociondeeventos.sld.cu\/videosalud2008\/?page_id=181"},"modified":"2020-02-17T21:48:06","modified_gmt":"2020-02-17T21:48:06","slug":"cuotas-de-inscripcion-y-alojamiento","status":"publish","type":"page","link":"https:\/\/promociondeeventos.sld.cu\/videosalud2008\/cuotas-de-inscripcion-y-alojamiento\/","title":{"rendered":"Cuotas de inscripci\u00f3n y alojamiento"},"content":{"rendered":"<h3><strong>Cuotas de inscripci\u00f3n de obras<\/strong><\/h3>\n<p>1 obra \u2026\u2026\u2026\u2026\u2026\u2026\u2026\u2026\u2026\u2026\u2026\u2026\u2026\u2026\u2026\u2026\u2026 25 CUC<\/p>\n<p>2 obras \u2026\u2026\u2026\u2026\u2026\u2026\u2026\u2026\u2026\u2026\u2026\u2026\u2026\u2026\u2026\u2026\u00a0 35 CUC<\/p>\n<p>3 o m\u00e1s \u2026\u2026\u2026\u2026\u2026\u2026\u2026\u2026\u2026\u2026\u2026\u2026\u2026\u2026\u2026\u2026\u2026 40 CUC<\/p>\n<h3><strong>Nacionales<\/strong> \u2026\u2026\u2026\u2026\u2026\u2026 <strong>las mismas cuotas en MN<\/strong><\/h3>\n<p>CUC: Peso cubano convertible<\/p>\n<p>MN: Moneda nacional<strong><br \/>\n<\/strong><\/p>\n<h3><strong>Las cuotas de inscripci\u00f3n de 2 o m\u00e1s obras son v\u00e1lidas solo para un mismo autor, cuyo nombre aparecer\u00e1 como autor principal en la planilla de inscripci\u00f3n y coincidir\u00e1 con los cr\u00e9ditos de la obra.<\/strong><\/h3>\n<p>Para inscribir obras en la muestra competitiva, debe enviar la Planilla de inscripci\u00f3n de obras\u00a0para la muestra competitiva.\u00a0Descargar e imprimir<\/p>\n<p>El pago de la inscripci\u00f3n podr\u00e1 realizarse por transferencia bancaria a valor neto.<\/p>\n<p><em>* Pasado el primer plazo del <strong>27 de junio de 2008<\/strong>, <strong>aumentan las cuotas<\/strong> de inscripci\u00f3n de obras:<\/em><\/p>\n<p>1 obra \u2026\u2026\u2026\u2026\u2026\u2026\u2026\u2026\u2026\u2026\u2026\u2026\u2026\u2026\u2026\u2026\u2026\u2026 35 CUC<\/p>\n<p>2 obras \u2026\u2026\u2026\u2026\u2026\u2026\u2026\u2026\u2026\u2026\u2026\u2026\u2026\u2026\u2026\u2026\u2026\u00a0 45 CUC<\/p>\n<p>3 o m\u00e1s \u2026\u2026\u2026\u2026\u2026\u2026\u2026\u2026\u2026\u2026\u2026\u2026\u2026\u2026\u2026\u2026\u2026 50 CUC<\/p>\n<h3><strong>Nacionales <\/strong>\u2026\u2026\u2026\u2026\u2026\u2026\u2026 <strong>las mismas cuotas en MN<\/strong><\/h3>\n<h3><strong>Las cuotas de inscripci\u00f3n de 2 o m\u00e1s obras son v\u00e1lidas solo para un mismo autor, cuyo nombre aparecer\u00e1 como autor principal en la planilla de inscripci\u00f3n y coincidir\u00e1 con los cr\u00e9ditos de la obra.<\/strong><\/h3>\n<h3><strong>Profesionales y t\u00e9cnicos de la salud que se encuentran colaborando en el extranjero est\u00e1n exentos del pago de la cuota de inscripci\u00f3n de obras.<\/strong><\/h3>\n<h3><strong>Cuotas de inscripci\u00f3n de participantes<\/strong><\/h3>\n<p>Delegados \u2026\u2026\u2026\u2026\u2026\u2026\u2026\u2026\u2026\u2026\u2026\u2026\u2026\u2026\u2026\u2026\u2026 200 CUC<br \/>\nEstudiantes\u00a0 \u2026\u2026\u2026\u2026\u2026\u2026\u2026\u2026\u2026\u2026\u2026\u2026\u2026\u2026\u2026\u2026 120 CUC<br \/>\nAcompa\u00f1antes \u2026\u2026\u2026\u2026\u2026\u2026\u2026\u2026\u2026\u2026\u2026\u2026\u2026\u2026\u00a0 100 CUC<br \/>\nDelegados nacionales \u2026\u2026\u2026\u2026\u2026\u2026\u2026\u2026\u2026\u2026 200 MN<\/p>\n<p><em>* Pasado el primer plazo del\u00a028 de julio\u00a0de 2008, aumentan las cuotas de inscripci\u00f3n de participantes:<\/em><\/p>\n<p>Delegados \u2026\u2026\u2026\u2026\u2026\u2026\u2026\u2026\u2026\u2026\u2026\u2026\u2026\u2026\u2026\u2026 250 CUC<br \/>\nEstudiantes\u00a0 \u2026\u2026\u2026\u2026\u2026\u2026\u2026\u2026\u2026\u2026\u2026\u2026\u2026\u2026\u2026 140 CUC<br \/>\nAcompa\u00f1antes \u2026\u2026\u2026\u2026\u2026\u2026\u2026\u2026\u2026\u2026\u2026\u2026\u2026\u00a0 120 CUC<br \/>\nDelegados nacionales \u2026\u2026\u2026\u2026\u2026\u2026\u2026\u2026\u2026 250 MN<\/p>\n<h3>Estudiantes cubanos y extranjeros residentes en la isla est\u00e1n exentos del pago de la cuta de inscripci\u00f3n de participantes.<\/h3>\n<p>Para inscribirse como delegado al evento debe enviar la\u00a0<strong><a href=\"http:\/\/promociondeeventos.sld.cu\/videosalud2008\/files\/2020\/02\/solicitud-de-inscripci\u00f3n-de-delegado.pdf\">solicitud de inscripci\u00f3n de delegado<br \/>\n<\/a><\/strong>La inscripci\u00f3n se har\u00e1 efectiva solo cuando se ejecute el pago de las cuotas correspondientes.<\/p>\n<h3>El plazo de admisi\u00f3n de obras cierra el\u00a030 de agosto de 2008.<\/h3>\n<p><strong>Nota<br \/>\n<\/strong>Se recomienda cambiar los euros, libras esterlinas, d\u00f3lares canadienses y francos suizos en pesos cubanos convertibles (CUC) en el aeropuerto internacional o en los bancos cubanos.<br \/>\nCambio de moneda<\/p>\n<p><strong>El pago de los delegados extranjeros se efectuar\u00e1 a trav\u00e9s de transferencia bancaria a:<\/strong><\/p>\n<p><strong>Videosalud2008<\/strong><\/p>\n<p>Banco Metropolitano<br \/>\nDirecci\u00f3n: Calle\u00a023 y P, Plaza de la Revoluci\u00f3n, Ciudad de La Habana, Cuba.<br \/>\nSucursal: 264<br \/>\nCuenta n\u00famero: 0526430035830025<br \/>\nSWIFT Code: BMNBCUHH<\/p>\n<p><strong>Los delegados cubanos<\/strong> abonar\u00e1n su cuota de inscripci\u00f3n en moneda nacional en el Departamento de Eventos del Minsap, sito en 15 y 2, Vedado, 15 d\u00edas antes del inicio del evento.<\/p>\n<p><strong>Los estudiantes<\/strong> (de pregrado de Medicina) deben certificarlo mediante carta oficial de su centro de estudios, lo que les dar\u00e1 el derecho a la cuota de inscripci\u00f3n preferencial para esa categor\u00eda.<\/p>\n<p><strong>La cuota de inscripci\u00f3n de delegados y estudiantes incluye: <\/strong><\/p>\n<p>M\u00f3dulo de acreditaci\u00f3n, acceso a las muestras competitivas e informativas, participaci\u00f3n en el encuentro te\u00f3rico, inscripci\u00f3n de hasta 3 obras sin pago adicional, actividades de apertura y clausura, almuerzos de las sesiones de trabajo (de martes a jueves), actividades sociales y culturales del programa oficial, certificado de participaci\u00f3n y certificado de autor, en caso de presentar trabajo en el encuentro te\u00f3rico presencial.<\/p>\n<h2>Alojamiento<\/h2>\n<p><strong>Precio del paquete por persona por noche en CUC\u00a0 <\/strong><\/p>\n<table>\n<tbody>\n<tr>\n<td><strong>Hotel<\/strong><\/td>\n<td>\u00a0<strong>Categor\u00eda\u00a0\u00a0\u00a0 <\/strong><\/td>\n<td><strong>Hab. sencilla\u00a0<\/strong><\/td>\n<td><strong>Hab. doble<br \/>\n<\/strong><\/td>\n<\/tr>\n<tr>\n<td>Vedado<\/td>\n<td>***<\/td>\n<td>\u00a0\u00a0 45.00<\/td>\n<td>\u00a0\u00a0\u00a0 35.00<\/td>\n<\/tr>\n<tr>\n<td>St. John&#8217;s<\/td>\n<td>***<\/td>\n<td>\u00a0\u00a0 45.00<\/td>\n<td>\u00a0\u00a0\u00a0 35.00<\/td>\n<\/tr>\n<tr>\n<td>Colina<\/td>\n<td>***<\/td>\n<td>\u00a0\u00a0 45.00<\/td>\n<td>\u00a0\u00a0\u00a0 35.00<\/td>\n<\/tr>\n<tr>\n<td>Habana Libre<\/td>\n<td>*****<\/td>\n<td>\u00a0\u00a0 95.00<\/td>\n<td>\u00a0\u00a0\u00a0 60.00<\/td>\n<\/tr>\n<tr>\n<td>Nacional<\/td>\n<td>*****<\/td>\n<td>\u00a0\u00a0 105.00<\/td>\n<td>\u00a0\u00a0\u00a0 75.00<\/td>\n<\/tr>\n<\/tbody>\n<\/table>\n<p>&nbsp;<\/p>\n<p><strong>Servicios que incluye el precio de paquete:<\/strong><\/p>\n<ul>\n<li>Alojamiento con desayuno de una persona por cada noche<\/li>\n<li>Traslado aeropuerto-hotel<\/li>\n<li>Traslado hotel-aeropuerto<\/li>\n<li>Traslado a actividades del programa oficial<\/li>\n<li>Visitas especializadas<\/li>\n<li>Servicio de gu\u00eda<\/li>\n<li>Atenci\u00f3n personalizada<\/li>\n<\/ul>\n<p>Para realizar las reservas del paquete se debe contactar a: Especialista: Arlene Alvarez Rey<\/p>\n<p>Especialista Comercial<br \/>\nEmpresa Eventos e Incentivos<br \/>\nAgencia de Viajes Cubatur<br \/>\neventos1@cbtevent.cbt.tur.cu<br \/>\nTel\u00e9fonos: (537) 206 9808 y 206 9809\u00a0 Fax: (537) 206 9807<br \/>\nCubatur: Calle 0 No. 101 A, entre 1ra. y 3ra, Playa. Ciudad de La Habana.<br \/>\nhttp:\/\/www.cubatur.cu<\/p>\n<p>&nbsp;<\/p>\n<p>&nbsp;<\/p>\n<p>&nbsp;<\/p>\n","protected":false},"excerpt":{"rendered":"<p>Cuotas de inscripci\u00f3n de obras 1 obra \u2026\u2026\u2026\u2026\u2026\u2026\u2026\u2026\u2026\u2026\u2026\u2026\u2026\u2026\u2026\u2026\u2026 25 CUC 2 obras \u2026\u2026\u2026\u2026\u2026\u2026\u2026\u2026\u2026\u2026\u2026\u2026\u2026\u2026\u2026\u2026\u00a0 35 CUC 3 o m\u00e1s \u2026\u2026\u2026\u2026\u2026\u2026\u2026\u2026\u2026\u2026\u2026\u2026\u2026\u2026\u2026\u2026\u2026 40 CUC Nacionales \u2026\u2026\u2026\u2026\u2026\u2026 las mismas cuotas en MN CUC: Peso cubano convertible MN: Moneda nacional Las cuotas de inscripci\u00f3n de 2 o m\u00e1s obras son v\u00e1lidas solo para un mismo autor, cuyo nombre aparecer\u00e1 como [&hellip;]<\/p>\n","protected":false},"author":3262,"featured_media":0,"parent":0,"menu_order":0,"comment_status":"closed","ping_status":"open","template":"","meta":[],"_links":{"self":[{"href":"https:\/\/promociondeeventos.sld.cu\/videosalud2008\/wp-json\/wp\/v2\/pages\/181"}],"collection":[{"href":"https:\/\/promociondeeventos.sld.cu\/videosalud2008\/wp-json\/wp\/v2\/pages"}],"about":[{"href":"https:\/\/promociondeeventos.sld.cu\/videosalud2008\/wp-json\/wp\/v2\/types\/page"}],"author":[{"embeddable":true,"href":"https:\/\/promociondeeventos.sld.cu\/videosalud2008\/wp-json\/wp\/v2\/users\/3262"}],"replies":[{"embeddable":true,"href":"https:\/\/promociondeeventos.sld.cu\/videosalud2008\/wp-json\/wp\/v2\/comments?post=181"}],"version-history":[{"count":8,"href":"https:\/\/promociondeeventos.sld.cu\/videosalud2008\/wp-json\/wp\/v2\/pages\/181\/revisions"}],"predecessor-version":[{"id":266,"href":"https:\/\/promociondeeventos.sld.cu\/videosalud2008\/wp-json\/wp\/v2\/pages\/181\/revisions\/266"}],"wp:attachment":[{"href":"https:\/\/promociondeeventos.sld.cu\/videosalud2008\/wp-json\/wp\/v2\/media?parent=181"}],"curies":[{"name":"wp","href":"https:\/\/api.w.org\/{rel}","templated":true}]}}