{"id":177,"date":"2020-01-22T21:45:36","date_gmt":"2020-01-22T21:45:36","guid":{"rendered":"http:\/\/promociondeeventos.sld.cu\/videosalud2008\/?page_id=177"},"modified":"2020-01-22T21:45:36","modified_gmt":"2020-01-22T21:45:36","slug":"programa-general-preliminar-2","status":"publish","type":"page","link":"https:\/\/promociondeeventos.sld.cu\/videosalud2008\/programa-general-preliminar-2\/","title":{"rendered":"Programa general preliminar"},"content":{"rendered":"<h3>Lunes 29 de septiembre<\/h3>\n<h4>Ma\u00f1ana<\/h4>\n<p>Acreditaci\u00f3n<br \/>\nHora: 9:00 .m. a 12:00 m.<br \/>\nLugar: Centro Cultural ICAIC.<\/p>\n<p>Visita especializada<br \/>\nEstudios de Animaci\u00f3n del Instituto Cubano del Arte e Industria Cinematogr\u00e1ficos. ICAIC<br \/>\nHora: 10:30 a.m.<br \/>\nLugar: Estudios de Animaci\u00f3n. ICAIC.<\/p>\n<h4>Tarde<\/h4>\n<p>Acreditaci\u00f3n<br \/>\nHora: 2:00 p.m. a 4:00 p.m.<br \/>\nLugar: Centro Cultural ICAIC<\/p>\n<p>Muestra Audiovisual<br \/>\nHora: 2:00 p.m. a 3:30 p.m.<br \/>\nLugar: Centro Cultural ICAIC.<\/p>\n<p>Inauguraci\u00f3n<br \/>\nApertura 3:30 p.m.<br \/>\nComienzo 4:00 p.m.<br \/>\nLugar: Cine 23 y 12.<\/p>\n<h3>Martes 30 de septiembre<\/h3>\n<h4>Ma\u00f1ana<\/h4>\n<p>Acreditaci\u00f3n<br \/>\nHora: 9:00 a.m. a 12:00 p.m.<br \/>\nLugar: Centro Cultural ICAIC.<\/p>\n<p>Encuentro Te\u00f3rico<br \/>\nHora: 9:00 a.m. a 12:30 p.m.<br \/>\nLugar: Estudios de Animaci\u00f3n. ICAIC.<\/p>\n<p>Muestra Audiovisual<br \/>\nHora: 10:00 a.m. a 12:00 m.<br \/>\nLugar: Centro Cultural ICAIC.<\/p>\n<p>Muestra Audiovisual en Subsedes<br \/>\nHora: 9:00 a.m. a 2:00 p.m.<br \/>\nLugar: Hosp. \u201cHermanos Ameijeiras\u201d.<\/p>\n<h4>Tarde<\/h4>\n<p>Inauguraci\u00f3n de Exposici\u00f3n Fotogr\u00e1fica.<br \/>\n\u201cDesde el fondo del mar una nueva vida\u201d. Sobre la utilizaci\u00f3n de la hidroxiapatita coralina, en implantes en las regiones \u00f3sea y ocular\u201d.<br \/>\nHora: 1:30 p.m.<br \/>\nLugar: Infomed<br \/>\n(Entrada libre)<\/p>\n<p>Muestra Audiovisual<br \/>\nHora: 2:00 p.m. a 6:00 p.m.<br \/>\nLugar: Centro Cultural ICAIC.<\/p>\n<p>Muestra Audiovisual en Subsedes<br \/>\nHora: 2:00 p.m. a 5:00 p.m.<br \/>\nLugar: Escuela Latinoamericana de Medicina. ELAM.<\/p>\n<p>Premiere del Documental \u201cPersistir en la ilusi\u00f3n\u201d.<br \/>\nEn homenaje a la vida y obra del Dr. Carlos Manuel Miyares Cao.<br \/>\nHora: 3:00 p.m.<br \/>\nLugar: Memorial \u201cJos\u00e9 Mart\u00ed\u201d. Plaza de la Revoluci\u00f3n.<br \/>\n(Entrada por invitaci\u00f3n)<\/p>\n<p>Curso: \u201cJuego de Roles\u201d del Prof. Pierre Jamart.<br \/>\nHora: 2:00 p.m. a 5:00 p.m.<br \/>\nLugar: Infomed.<\/p>\n<p>Concierto<br \/>\nInt\u00e9rpretes: D\u00fao Ondina. Niurka Gonz\u00e1lez, flautista y Mar\u00eda de Henar Navarro, pianista.<br \/>\nHora: 8:00 p.m.<br \/>\nLugar: Memorial \u201cJos\u00e9 Mart\u00ed\u201d. Plaza de la Revoluci\u00f3n.<br \/>\n(Entrada por invitaci\u00f3n)<\/p>\n<h4>Mi\u00e9rcoles 1 de octubre<\/h4>\n<p>Ma\u00f1ana<\/p>\n<p>Encuentro Te\u00f3rico<br \/>\nHora: 9:00 a.m. a 12:30 p.m.<br \/>\nLugar: Estudios de Animaci\u00f3n. ICAIC.<\/p>\n<p>Muestra Audiovisual<br \/>\nHora: 10:00 a.m. a 12:00 m.<br \/>\nLugar: Centro Cultural ICAIC.<\/p>\n<p>Muestra Audiovisual en Subsedes<br \/>\nHora: 9:00 a.m. a 2:00 p.m.<br \/>\nLugar: Hosp. \u201cHermanos Ameijeiras\u201d.<\/p>\n<h4>Tarde<\/h4>\n<p>Muestra Audiovisual<br \/>\nHora: 2:00 p.m. a 6:00 p.m.<br \/>\nLugar: Centro Cultural ICAIC.<\/p>\n<p>Muestra Audiovisual<br \/>\nHora: 2:00 p.m. a 4:30 p.m.<br \/>\nLugar: Sala Charlot.<\/p>\n<p>Muestra Audiovisual en Subsedes<br \/>\nHora: 2:00 p.m. a 5:00 p.m.<br \/>\nLugar: Escuela Latinoamericana de Medicina. ELAM.<\/p>\n<p>Curso: \u201cJuego de Roles\u201d del Prof. Pierre Jamart.<br \/>\nHora: 2:00 p.m. a 5:00 p.m.<br \/>\nLugar: Infomed.<\/p>\n<h4>Jueves 2 de octubre<\/h4>\n<h4>Ma\u00f1ana<\/h4>\n<p>Encuentro Te\u00f3rico<br \/>\nHora: 9:00 a.m. a 12:30 p.m.<br \/>\nLugar: Estudios de Animaci\u00f3n. ICAIC.<\/p>\n<p>Muestra Audiovisual<br \/>\nHora: 10:00 p.m. a 12:00 p.m.<br \/>\nLugar: Centro Cultural ICAIC.<\/p>\n<p>Muestra Audiovisual en Subsedes<br \/>\nHora: 9:00 a.m. a 2:00 p.m.<br \/>\nLugar: Hosp. \u201cHermanos Ameijeiras\u201d.<\/p>\n<h4>Tarde<\/h4>\n<p>Muestra Audiovisual<br \/>\nHora: 2:00 p.m. a 5:00 p.m.<br \/>\nLugar: Centro Cultural ICAIC.<\/p>\n<p>Muestra Audiovisual<br \/>\nHora: 2:00 p.m. a 4:30 p.m.<br \/>\nLugar: Sala Charlot.<\/p>\n<p>Muestra Audiovisual en Subsedes<br \/>\nHora: 2:00 p.m. a 5:00 p.m.<br \/>\nLugar: Escuela Latinoamericana de Medicina. ELAM.<\/p>\n<p>Curso: \u201cJuego de Roles\u201d del Prof. Pierre Jamart.<br \/>\nHora: 2:00 p.m. a 5:00 p.m.<br \/>\nLugar: Infomed.<\/p>\n<h4>Viernes 3 de octubre<\/h4>\n<h4>Ma\u00f1ana<\/h4>\n<p>&nbsp;<\/p>\n<h4>Muestra Informativa de Multimedia<\/h4>\n<p>Hora: 9:00 a.m. a 12:00 m.<br \/>\nLugar: Infomed<\/p>\n<h4>Curso: \u201cJuego de Roles\u201d del Prof. Pierre Jamart.<\/h4>\n<p>Hora: 9:00 a.m. a 12:00 p.m.<br \/>\nLugar: Infomed.<\/p>\n<h4>Tarde<\/h4>\n<p>Clausura<br \/>\nHora<br \/>\nApertura 2:30pm<br \/>\nComienzo 3:00 p.m. a 5:00 p.m.<br \/>\nLugar: Cine 23 y 12.<br \/>\n(Entrada por invitaci\u00f3n)<\/p>\n<h4>Direcciones de inter\u00e9s<\/h4>\n<p>Estudios de Animaci\u00f3n. ICAIC 25 e\/ 10 y 12, Vedado.<br \/>\nCentro Cultural ICAIC y sala Charlot. 23 e\/ 10 y 12, Vedado.<br \/>\nCine 23 y 12. Calle 23 e\/ 12 y 14, Vedado.<br \/>\nInfomed. 27 e\/ M y N, Vedado.<\/p>\n","protected":false},"excerpt":{"rendered":"<p>Lunes 29 de septiembre Ma\u00f1ana Acreditaci\u00f3n Hora: 9:00 .m. a 12:00 m. Lugar: Centro Cultural ICAIC. Visita especializada Estudios de Animaci\u00f3n del Instituto Cubano del Arte e Industria Cinematogr\u00e1ficos. ICAIC Hora: 10:30 a.m. Lugar: Estudios de Animaci\u00f3n. ICAIC. Tarde Acreditaci\u00f3n Hora: 2:00 p.m. a 4:00 p.m. Lugar: Centro Cultural ICAIC Muestra Audiovisual Hora: 2:00 p.m. [&hellip;]<\/p>\n","protected":false},"author":3262,"featured_media":0,"parent":0,"menu_order":0,"comment_status":"closed","ping_status":"open","template":"","meta":[],"_links":{"self":[{"href":"https:\/\/promociondeeventos.sld.cu\/videosalud2008\/wp-json\/wp\/v2\/pages\/177"}],"collection":[{"href":"https:\/\/promociondeeventos.sld.cu\/videosalud2008\/wp-json\/wp\/v2\/pages"}],"about":[{"href":"https:\/\/promociondeeventos.sld.cu\/videosalud2008\/wp-json\/wp\/v2\/types\/page"}],"author":[{"embeddable":true,"href":"https:\/\/promociondeeventos.sld.cu\/videosalud2008\/wp-json\/wp\/v2\/users\/3262"}],"replies":[{"embeddable":true,"href":"https:\/\/promociondeeventos.sld.cu\/videosalud2008\/wp-json\/wp\/v2\/comments?post=177"}],"version-history":[{"count":1,"href":"https:\/\/promociondeeventos.sld.cu\/videosalud2008\/wp-json\/wp\/v2\/pages\/177\/revisions"}],"predecessor-version":[{"id":179,"href":"https:\/\/promociondeeventos.sld.cu\/videosalud2008\/wp-json\/wp\/v2\/pages\/177\/revisions\/179"}],"wp:attachment":[{"href":"https:\/\/promociondeeventos.sld.cu\/videosalud2008\/wp-json\/wp\/v2\/media?parent=177"}],"curies":[{"name":"wp","href":"https:\/\/api.w.org\/{rel}","templated":true}]}}