{"id":164,"date":"2020-01-22T21:39:49","date_gmt":"2020-01-22T21:39:49","guid":{"rendered":"http:\/\/promociondeeventos.sld.cu\/videosalud2008\/?page_id=164"},"modified":"2020-02-17T19:17:43","modified_gmt":"2020-02-17T19:17:43","slug":"inscripcion-de-las-obras","status":"publish","type":"page","link":"https:\/\/promociondeeventos.sld.cu\/videosalud2008\/inscripcion-de-las-obras\/","title":{"rendered":"Inscripci\u00f3n de las obras"},"content":{"rendered":"<p>La inscripci\u00f3n de obras en la muestra competitiva supone la aceptaci\u00f3n de las bases<br \/>\nde participaci\u00f3n en este evento y se har\u00e1 efectiva luego del pago de la cuota<br \/>\nde inscripci\u00f3n correspondiente seg\u00fan los plazos previstos.<\/p>\n<p><b>Env\u00edo<\/b><\/p>\n<p>Enviar esta ficha impresa en original junto a dos copias de la obra, por correo postal o mensajer\u00eda, en la secretar\u00eda del evento utilizando el r\u00f3tulo:<\/p>\n<p>VideoSalud 2008<br \/>\nMuestra Internacional del Audiovisual\u00a0 en Ciencias de la Salud<br \/>\nCentro Nacional de Informaci\u00f3n de Ciencias M\u00e9dicas, Infomed.<br \/>\nCalle 27 No. 110 entre M y N, Vedado, Ciudad de La Habana, Cuba<br \/>\nC\u00f3digo Postal 10400<\/p>\n<p><b>Becas para realizadores de bajos recursos de Am\u00e9rica Latina y el Caribe<br \/>\n<\/b><\/p>\n<p>El comit\u00e9 organizador del certamen de Videosalud 2008 ofrecer\u00e1 10 becas de inscripci\u00f3n gratuita de obras para realizadores de bajos recursos de Am\u00e9rica Latina y el Caribe. Los interesados deben dirigirse a la secretar\u00eda a trav\u00e9s de la direcci\u00f3n secvideosalud2008@infomed.sld.cu o por el tel\u00e9fono 53-7-8383886, antes del 30 de agosto pr\u00f3ximo.<\/p>\n<p>Los autores que presenten dificultades para realizar el pago de inscripci\u00f3n de obras o como delegados, a trav\u00e9s de transferencia bancaria, podr\u00e1n hacerlo directamente en la sucursal del Banco Metropolitano, a su arribo a La Habana, antes de su acreditaci\u00f3n en el evento y previa comunicaci\u00f3n de su participaci\u00f3n y env\u00edo de planillas a la secretar\u00eda.<\/p>\n<p><b>Contactos<\/b><\/p>\n<p>Secretar\u00eda de VideoSalud 2008<br \/>\nCentro Nacional de Informaci\u00f3n de Ciencias M\u00e9dicas, Infomed<br \/>\nCalle 27 No. 110 entre M y N, Vedado, Ciudad de La Habana, C\u00f3digo Postal 10400, Cuba<br \/>\nTel\u00e9fonos: (537) 838 3886 y (537) 838 3839<br \/>\nsecvideosalud2008@infomed.sld.cu<\/p>\n","protected":false},"excerpt":{"rendered":"<p>La inscripci\u00f3n de obras en la muestra competitiva supone la aceptaci\u00f3n de las bases de participaci\u00f3n en este evento y se har\u00e1 efectiva luego del pago de la cuota de inscripci\u00f3n correspondiente seg\u00fan los plazos previstos. Env\u00edo Enviar esta ficha impresa en original junto a dos copias de la obra, por correo postal o mensajer\u00eda, [&hellip;]<\/p>\n","protected":false},"author":3262,"featured_media":0,"parent":0,"menu_order":0,"comment_status":"closed","ping_status":"open","template":"","meta":[],"_links":{"self":[{"href":"https:\/\/promociondeeventos.sld.cu\/videosalud2008\/wp-json\/wp\/v2\/pages\/164"}],"collection":[{"href":"https:\/\/promociondeeventos.sld.cu\/videosalud2008\/wp-json\/wp\/v2\/pages"}],"about":[{"href":"https:\/\/promociondeeventos.sld.cu\/videosalud2008\/wp-json\/wp\/v2\/types\/page"}],"author":[{"embeddable":true,"href":"https:\/\/promociondeeventos.sld.cu\/videosalud2008\/wp-json\/wp\/v2\/users\/3262"}],"replies":[{"embeddable":true,"href":"https:\/\/promociondeeventos.sld.cu\/videosalud2008\/wp-json\/wp\/v2\/comments?post=164"}],"version-history":[{"count":2,"href":"https:\/\/promociondeeventos.sld.cu\/videosalud2008\/wp-json\/wp\/v2\/pages\/164\/revisions"}],"predecessor-version":[{"id":255,"href":"https:\/\/promociondeeventos.sld.cu\/videosalud2008\/wp-json\/wp\/v2\/pages\/164\/revisions\/255"}],"wp:attachment":[{"href":"https:\/\/promociondeeventos.sld.cu\/videosalud2008\/wp-json\/wp\/v2\/media?parent=164"}],"curies":[{"name":"wp","href":"https:\/\/api.w.org\/{rel}","templated":true}]}}