{"id":160,"date":"2020-01-22T21:37:07","date_gmt":"2020-01-22T21:37:07","guid":{"rendered":"http:\/\/promociondeeventos.sld.cu\/videosalud2008\/?page_id=160"},"modified":"2020-02-17T19:16:57","modified_gmt":"2020-02-17T19:16:57","slug":"bases-de-participacion-en-la-muestra-competitiva-2","status":"publish","type":"page","link":"https:\/\/promociondeeventos.sld.cu\/videosalud2008\/bases-de-participacion-en-la-muestra-competitiva-2\/","title":{"rendered":"Bases de participaci\u00f3n en la muestra competitiva"},"content":{"rendered":"<p>En la muestra competitiva podr\u00e1n participar las obras audiovisuales y los guiones in\u00e9ditos por profesionales o no, casas productoras o instituciones de cualquier pa\u00eds que acepten las bases de participaci\u00f3n para esta edici\u00f3n y realicen la inscripci\u00f3n en los plazos previstos.<\/p>\n<h3 class=\"Subheading\"><strong>Tem\u00e1ticas<br \/>\n<\/strong><\/h3>\n<ul>\n<li>Las obras versar\u00e1n sobre las ciencias de la salud humana, con fines did\u00e1cticos o de divulgaci\u00f3n cient\u00edfica, dirigidos a profesionales o al p\u00fablico abierto.<\/li>\n<\/ul>\n<ul>\n<li>Los temas comprenden todas las especialidades de la salud: cl\u00ednicas, quir\u00fargicas,\u00a0 ciencias b\u00e1sicas o precl\u00ednicas, epidemiolog\u00eda, salud p\u00fablica, medicina familiar y social, medicina natural y tradicional, enfermer\u00eda, estomatolog\u00eda, salud escolar y de los trabajadores, salud ambiental, alimentaci\u00f3n y nutrici\u00f3n, salud sexual y reproductiva, rehabilitaci\u00f3n y la salud integral de grupos de poblaci\u00f3n como la infancia, la adolescencia, la mujer y el adulto mayor. Incluye, adem\u00e1s, temas relacionados con tecnolog\u00edas, docencia, investigaci\u00f3n y gerencia aplicadas a la salud, promoci\u00f3n y educaci\u00f3n para la salud, informaci\u00f3n cient\u00edfica, comunicaci\u00f3n social, \u00e9tica y legalidad en la salud y humanidades m\u00e9dicas.<\/li>\n<\/ul>\n<ul>\n<li>No se admitir\u00e1 publicidad comercial impl\u00edcita o expl\u00edcita, contenidos no \u00e9ticos,\u00a0 informaci\u00f3n privada, restringida o confidencial. No se incluyen obras de propaganda, divulgaci\u00f3n institucional o estatal, promoci\u00f3n de productos o servicios.<\/li>\n<\/ul>\n<h3 class=\"Subheading\"><strong>Categor\u00edas en competencia<\/strong><\/h3>\n<p>Las categor\u00edas en competencia son:<\/p>\n<p><b>Documental<\/b><\/p>\n<ul>\n<li>No exceder\u00e1n los 52 minutos y respetar\u00e1n las caracter\u00edsticas del g\u00e9nero documental.<\/li>\n<li>No deben incluir dramatizaciones o elementos de ficci\u00f3n injustificados.<\/li>\n<\/ul>\n<p><b>Video did\u00e1ctico\u00a0\u00a0\u00a0\u00a0\u00a0\u00a0\u00a0\u00a0\u00a0\u00a0\u00a0\u00a0\u00a0\u00a0\u00a0\u00a0\u00a0\u00a0\u00a0\u00a0\u00a0\u00a0\u00a0\u00a0\u00a0\u00a0\u00a0\u00a0\u00a0\u00a0\u00a0\u00a0\u00a0\u00a0\u00a0\u00a0\u00a0<\/b><\/p>\n<ul>\n<li>No exceder\u00e1n los 30 minutos.<\/li>\n<li>En caso de ser una serie, se deber\u00e1 especificar si cada material competir\u00e1 de forma individual o como serie, en cuyo caso el tiempo total en competencia no exceder\u00e1 los 60 minutos, y el resto de la serie podr\u00e1 participar en la muestra informativa.<\/li>\n<li>Pueden acompa\u00f1arse de una gu\u00eda did\u00e1ctica (como complemento de la obra). Se debe especificar el p\u00fablico al que van dirigidos.<\/li>\n<\/ul>\n<p><b>Video\u00a0 informativo<\/b><\/p>\n<ul>\n<li>Se corresponder\u00e1n con cualquiera de los g\u00e9neros informativos: notas informativas, entrevistas, reportajes, cr\u00f3nicas u otros, siempre que no excedan los 30 minutos.<\/li>\n<li>Se debe especificar el espacio y el medio de comunicaci\u00f3n para los cuales fueron dise\u00f1ados originalmente.<\/li>\n<\/ul>\n<p><b>Multimedia<\/b><\/p>\n<ul>\n<li>Tendr\u00e1n un predominio audiovisual.<\/li>\n<li>Se acompa\u00f1ar\u00e1n de un manual de usuario y de los requerimientos t\u00e9cnicos de visualizaci\u00f3n, para facilitar su exhibici\u00f3n en un tiempo que no exceder\u00e1 los 15 minutos, con independencia de la duraci\u00f3n total de la obra.<\/li>\n<li>Podr\u00e1n contener informaciones de diversos g\u00e9neros. Se debe especificar el p\u00fablico al que est\u00e1n dirigidas.<\/li>\n<\/ul>\n<p><b>Programa de televisi\u00f3n<\/b><\/p>\n<ul>\n<li>No exceder\u00e1n los 52 minutos, no deben contener c\u00e1psulas publicitarias y se podr\u00e1n presentar hasta dos t\u00edtulos de un mismo espacio televisivo que competir\u00e1n de forma individual.<\/li>\n<li>Pueden tener contenidos informativos, did\u00e1cticos o de divulgaci\u00f3n general.<\/li>\n<li>Deber\u00e1 especificarse el \u00e1rea de cobertura y los horarios preferentes de la transmisi\u00f3n original, as\u00ed como el p\u00fablico al que est\u00e1n dirigidos.<\/li>\n<\/ul>\n<p><b>Secuencia f\u00edlmica<\/b><\/p>\n<ul>\n<li>Podr\u00e1n competir de forma individual sin exceder los 5 minutos o en forma de serie sin exceder los 15 minutos.<\/li>\n<li>Esta categor\u00eda posibilita incluir en el certamen im\u00e1genes en movimiento como ultrasonograf\u00edas, endoscopias u otras de la imagenolog\u00eda m\u00e9dica. No requieren necesariamente una se\u00f1al de audio, y las im\u00e1genes podr\u00e1n presentarse en blanco y negro.<\/li>\n<li>Se debe especificar el p\u00fablico al que est\u00e1n dirigidas.<\/li>\n<li>Se requiere una gu\u00eda de usuario para facilitar su exhibici\u00f3n y explicaci\u00f3n de los contenidos, adem\u00e1s de los requerimientos t\u00e9cnicos de visualizaci\u00f3n.<\/li>\n<\/ul>\n<p><b>Gui\u00f3n in\u00e9dito<\/b><\/p>\n<ul>\n<li>Se corresponder\u00e1n con obras documentales o videos did\u00e1cticos en idioma espa\u00f1ol, relativos a las ciencias de la salud en cualquiera de las tem\u00e1ticas del certamen.<\/li>\n<li>No exceder\u00e1n los 30 minutos, y su realizaci\u00f3n ser\u00e1 en el territorio nacional por autores nacionales con minit\u00e9cnica digital.<\/li>\n<li>La estructura del gui\u00f3n de las obras documentales incluir\u00e1 t\u00edtulo de la obra, objetivos, argumentaci\u00f3n de la elecci\u00f3n del tema, requerimientos t\u00e9cnicos y de producci\u00f3n, y la descripci\u00f3n detallada de c\u00f3mo el autor pretende desarrollar la obra.<\/li>\n<li>Se requiere, adem\u00e1s, la descripci\u00f3n literal de los textos y los recursos audiovisuales que se utilizar\u00e1n en las obras did\u00e1cticas.<\/li>\n<li>Los guiones se entregar\u00e1n en dos copias impresas junto con la ficha de inscripci\u00f3n, en la secretar\u00eda del evento.<\/li>\n<li>En ambos casos se recomienda que las obras est\u00e9n legalmente registradas.<\/li>\n<\/ul>\n<p>No se considerar\u00e1n las obras de ficci\u00f3n, spots promocionales, productos de campa\u00f1as educativas de bien p\u00fablico, filmaciones de clases u otras comunicaciones que no constituyan una obra de creaci\u00f3n audiovisual<\/p>\n<p><strong><br \/>\nIdiomas oficiales<\/strong><\/p>\n<p>Las obras ser\u00e1n en espa\u00f1ol o ingl\u00e9s, o dobladas o subtituladas en estos idiomas.<\/p>\n<h3 class=\"Subheading\"><strong>Inscripci\u00f3n de la obra en el evento<\/strong><\/h3>\n<ul>\n<li>Cada participante podr\u00e1 presentar un n\u00famero ilimitado de obras.<\/li>\n<li>Cada obra podr\u00e1 inscribirse en una categor\u00eda y optar por un solo premio.<\/li>\n<li>La fecha de producci\u00f3n deber\u00e1 ser posterior al 1 de enero de 2004.<\/li>\n<li>La inscripci\u00f3n se formaliza en la ficha de inscripci\u00f3n, la cual puede enviarse a www.videosalud2008.sld.cu u obtenerse en la propia secretar\u00eda.<\/li>\n<li>No se aceptan fichas incompletas o ilegibles.<\/li>\n<li>La ficha ser\u00e1 impresa en original y contendr\u00e1 la firma de la persona o representante institucional que respalda la cuota de inscripci\u00f3n, adem\u00e1s del sello oficial (en el caso de las casas productoras y organizaciones).<\/li>\n<li>Los autores y productores declarados en la ficha de inscripci\u00f3n deber\u00e1n coincidir con los cr\u00e9ditos de la obra.<\/li>\n<li>Una vez recibida la ficha junto con las copias de las obras con la calidad requerida, se le comunicar\u00e1 al interesado por v\u00eda electr\u00f3nica, acotando la fecha de la apostilla de correo o entrega personal, para efectuar los pagos seg\u00fan las cuotas de inscripci\u00f3n en cada plazo.<\/li>\n<li>La fecha l\u00edmite para la recepci\u00f3n de las obras es el 30 de agosto de 2008.<\/li>\n<li>La inscripci\u00f3n de las obras al evento culmina cuando se efect\u00fae el pago; de lo contrario, la obra puede exhibirse, pero no podr\u00e1 competir.<\/li>\n<li>La inscripci\u00f3n de una obra supone el conocimiento y aceptaci\u00f3n de estas bases de participaci\u00f3n. Una vez inscrita, no podr\u00e1 ser retirada del evento.<\/li>\n<\/ul>\n<h3 class=\"Subheading\"><strong>Formato de entrega de las obras<\/strong><\/h3>\n<ul>\n<li>Las obras se entregar\u00e1n en formato CD, DVD o VHS (norma NTSC), en dos copias: una para exhibici\u00f3n y otra para el comit\u00e9 de selecci\u00f3n, que no ser\u00e1n devueltas a sus autores.<\/li>\n<li>Cada disco o casete contendr\u00e1 \u00fanicamente el contenido de la obra que competir\u00e1 y se acompa\u00f1ar\u00e1 de una etiqueta con t\u00edtulo de la obra, duraci\u00f3n, categor\u00eda e idioma.<\/li>\n<\/ul>\n<h3 class=\"Subheading\"><strong>\u00bfC\u00f3mo enviar las obras?<\/strong><\/h3>\n<ul>\n<li>La ficha impresa y dos copias de la obra se entregar\u00e1n personalmente o por correo postal en la secretar\u00eda del evento, con el r\u00f3tulo:<\/li>\n<\/ul>\n<p>VideoSalud 2008<br \/>\nMuestra Internacional Audiovisual en Ciencias de la Salud<br \/>\nCentro Nacional de Informaci\u00f3n de Ciencias M\u00e9dicas, Infomed<br \/>\nCalle 27 No. 110 entre M y N, Vedado, CP 10400<br \/>\nCiudad de La Habana, Cuba<\/p>\n<ul>\n<li>Los costos de env\u00edo correr\u00e1n a cargo de los interesados.<\/li>\n<li>El evento no se har\u00e1 cargo de los posibles da\u00f1os que sufran los materiales durante el traslado.<\/li>\n<li>Las obras podr\u00e1n ser acompa\u00f1adas de afiches, plegables, fotos u otros elementos de promoci\u00f3n.<\/li>\n<\/ul>\n<h3 class=\"Subheading\"><strong><strong>\u00bfC\u00f3mo saber si la obra fue aceptada para el certamen?<\/strong><\/strong><\/h3>\n<ul>\n<li>Las obras inscritas ser\u00e1n analizadas por un comit\u00e9 de selecci\u00f3n para evaluar si cumplen con las bases de participaci\u00f3n del evento.<\/li>\n<li>A las obras aceptadas se les asignar\u00e1 un n\u00famero de referencia, que se notificar\u00e1 al interesado por v\u00eda electr\u00f3nica antes de la fecha de cierre del evento, lo que confirmar\u00e1 su inclusi\u00f3n en el certamen.<\/li>\n<li>Las obras en competencia aparecer\u00e1n en el cat\u00e1logo de la muestra competitiva del <a href=\"https:\/\/web.archive.org\/web\/20090226030356\/http:\/\/videosalud2008.sld.cu\/www.videosalud2008.sld.cu\" target=\"_self\">sitio.<\/a><\/li>\n<li>Las obras cuyos concursantes no reciban la notificaci\u00f3n y no se incluyan en el cat\u00e1logo, quedar\u00e1 entendido que no fueron aceptadas para el certamen.<\/li>\n<li>Las obras no aceptadas para el certamen no podr\u00e1n ser retiradas del evento. El comit\u00e9 de selecci\u00f3n se reserva el derecho de exhibirlas en la muestra informativa si as\u00ed lo considera.<\/li>\n<\/ul>\n<h3 class=\"Subheading\"><strong><strong><strong><strong>Presentaci\u00f3n de las obras para su exhibici\u00f3n<\/strong><\/strong><\/strong><\/strong><\/h3>\n<ul>\n<li>La secretaria de la sala anunciar\u00e1 el t\u00edtulo, los autores y el pa\u00eds de procedencia de la obra, antes de la proyecci\u00f3n. No se efectuar\u00e1n intervenciones en torno a la proyecci\u00f3n de la obra y se respetar\u00e1 el programa del evento.<\/li>\n<li>Para la participaci\u00f3n de la obra en el certamen no se requiere la presencia de los autores.<\/li>\n<li>La entrada a la exhibici\u00f3n de las obras es libre y gratuita para el p\u00fablico, seg\u00fan la capacidad disponible, y mediante credencial para los delegados y participantes en el evento, los cuales tendr\u00e1n prioridad y espacios reservados en la salas.<\/li>\n<\/ul>\n<h3 class=\"Subheading\"><strong><strong><strong><strong><strong><strong><strong><strong>Condiciones de distribuci\u00f3n y divulgaci\u00f3n para la inscripci\u00f3n de la obra<\/strong><\/strong><\/strong><\/strong><\/strong><\/strong><\/strong><\/strong><\/h3>\n<ul>\n<li>Las copias enviadas pasar\u00e1n a formar parte de los fondos de la Biblioteca M\u00e9dica Nacional y paulatinamente de la Biblioteca Virtual de Salud de Cuba, sin fines de lucro.<\/li>\n<li>Estas podr\u00e1n exhibirse en la muestra nacional de este evento en todas las provincias del pa\u00eds.<\/li>\n<li>Los participantes declarar\u00e1n en la planilla de inscripci\u00f3n si poseen los derechos legales de exhibici\u00f3n y distribuci\u00f3n de las obras, y si permiten su utilizaci\u00f3n total o parcial,sin fines de lucro, en los casos que se les solicita.<\/li>\n<li>Los autores no podr\u00e1n reclamar retribuci\u00f3n alguna por concepto de la exhibici\u00f3n y<br \/>\ndistribuci\u00f3n que se autorice en la planilla de inscripci\u00f3n.<\/li>\n<li>Las obras que participen en la Muestra no podr\u00e1n ser cedidas a otras instituciones,<br \/>\nfestivales, centros de informaci\u00f3n, redes de distribuci\u00f3n o de transmisi\u00f3n de se\u00f1al<br \/>\nabierta sin la autorizaci\u00f3n de los poseedores legales de los derechos de exhibici\u00f3n y<br \/>\ndistribuci\u00f3n.<\/li>\n<li>Los participantes asumen la responsabilidad legal de los datos declarados.<\/li>\n<\/ul>\n","protected":false},"excerpt":{"rendered":"<p>En la muestra competitiva podr\u00e1n participar las obras audiovisuales y los guiones in\u00e9ditos por profesionales o no, casas productoras o instituciones de cualquier pa\u00eds que acepten las bases de participaci\u00f3n para esta edici\u00f3n y realicen la inscripci\u00f3n en los plazos previstos. Tem\u00e1ticas Las obras versar\u00e1n sobre las ciencias de la salud humana, con fines did\u00e1cticos [&hellip;]<\/p>\n","protected":false},"author":3262,"featured_media":0,"parent":0,"menu_order":0,"comment_status":"closed","ping_status":"open","template":"","meta":[],"_links":{"self":[{"href":"https:\/\/promociondeeventos.sld.cu\/videosalud2008\/wp-json\/wp\/v2\/pages\/160"}],"collection":[{"href":"https:\/\/promociondeeventos.sld.cu\/videosalud2008\/wp-json\/wp\/v2\/pages"}],"about":[{"href":"https:\/\/promociondeeventos.sld.cu\/videosalud2008\/wp-json\/wp\/v2\/types\/page"}],"author":[{"embeddable":true,"href":"https:\/\/promociondeeventos.sld.cu\/videosalud2008\/wp-json\/wp\/v2\/users\/3262"}],"replies":[{"embeddable":true,"href":"https:\/\/promociondeeventos.sld.cu\/videosalud2008\/wp-json\/wp\/v2\/comments?post=160"}],"version-history":[{"count":3,"href":"https:\/\/promociondeeventos.sld.cu\/videosalud2008\/wp-json\/wp\/v2\/pages\/160\/revisions"}],"predecessor-version":[{"id":254,"href":"https:\/\/promociondeeventos.sld.cu\/videosalud2008\/wp-json\/wp\/v2\/pages\/160\/revisions\/254"}],"wp:attachment":[{"href":"https:\/\/promociondeeventos.sld.cu\/videosalud2008\/wp-json\/wp\/v2\/media?parent=160"}],"curies":[{"name":"wp","href":"https:\/\/api.w.org\/{rel}","templated":true}]}}