{"id":156,"date":"2020-01-22T21:18:48","date_gmt":"2020-01-22T21:18:48","guid":{"rendered":"http:\/\/promociondeeventos.sld.cu\/videosalud2008\/?page_id=156"},"modified":"2020-02-20T21:51:42","modified_gmt":"2020-02-20T21:51:42","slug":"muestra-competitiva-2","status":"publish","type":"page","link":"https:\/\/promociondeeventos.sld.cu\/videosalud2008\/muestra-competitiva-2\/","title":{"rendered":"Muestra competitiva"},"content":{"rendered":"<div class=\"plain\">\n<div class=\"plain\">\n<ul>\n<li>Bases de participaci\u00f3n<\/li>\n<li>Inscripci\u00f3n de obras<\/li>\n<li>Premios<\/li>\n<li>Jurados<\/li>\n<\/ul>\n<p>La muestra competitiva tendr\u00e1 lugar en la sala del <strong><a href=\"https:\/\/web.archive.org\/web\/20090318152453\/http:\/\/www.cubacine.cu\/proyecto23\/galcentro.htm\" target=\"_self\">Centro Cultural Cinmetogr\u00e1fico ICAIC<\/a> <\/strong>y en la <strong>Sala de Video Charlot<\/strong> de la Cinemateca de Cuba.<\/p>\n<p>Las obras se exhibir\u00e1n gratuitamente ante el p\u00fablico y un <a title=\"Jurados\" href=\"https:\/\/web.archive.org\/web\/20090318152453\/http:\/\/www.videosalud2008.sld.cu\/muestra-competitiva\/jurados\" target=\"_self\">jurado<\/a> de prestigiosos profesionales de las ciencias de la salud y la comunicaci\u00f3n audiovisual, cubanos y extranjeros.<\/p>\n<p>Las obras que participen deber\u00e1n enviarse en dos copias en soporte VHS (norma NTSC), CD o DVD junto a la planilla de inscripci\u00f3n, a la secretar\u00eda del evento y pagar la cuota de inscripci\u00f3n correspondiente, en los plazos previstos.<\/p>\n<p>La inscripci\u00f3n de las obras y guiones in\u00e9ditos supone la aceptaci\u00f3n y el cumplimiento de las bases de participaci\u00f3n de esta edici\u00f3n del evento.<\/p>\n<p>Podr\u00e1n participar obras audiovisuales en las categor\u00edas:<\/p>\n<ul type=\"disc\">\n<li>Documental<\/li>\n<li>Multimedia<\/li>\n<li>Did\u00e1ctico<\/li>\n<li>Informativo<\/li>\n<li>Programa de televisi\u00f3n<\/li>\n<li>Secuencia f\u00edlmica<\/li>\n<li>Gui\u00f3n in\u00e9dito<\/li>\n<\/ul>\n<\/div>\n<h3 class=\"Subheading\">Se otorgar\u00e1n tres categor\u00edas de premios<\/h3>\n<ol>\n<li>\u00a0<strong>Premios principales<\/strong> de <em>VideoSalud 2008<\/em>, a las tres mejores obras.<\/li>\n<\/ol>\n<div>\n<ol>\n<li><strong>Premios especiales.<\/strong><\/li>\n<li><strong>Premios colaterales<\/strong> de organizaciones nacionales y extranjeras.<\/li>\n<\/ol>\n<\/div>\n<p>El cat\u00e1logo y el programa de la muestra ser\u00e1n publicados en este sitio.<br \/>\n<a href=\"https:\/\/web.archive.org\/web\/20090318152453\/http:\/\/www.videosalud2008.sld.cu\/muestra-competitiva\/resolveUid\/b25d733d0695f074c3a468363ba8b7ad\">Listado de obras en competencia<\/a><\/p>\n<\/div>\n","protected":false},"excerpt":{"rendered":"<p>Bases de participaci\u00f3n Inscripci\u00f3n de obras Premios Jurados La muestra competitiva tendr\u00e1 lugar en la sala del Centro Cultural Cinmetogr\u00e1fico ICAIC y en la Sala de Video Charlot de la Cinemateca de Cuba. Las obras se exhibir\u00e1n gratuitamente ante el p\u00fablico y un jurado de prestigiosos profesionales de las ciencias de la salud y la [&hellip;]<\/p>\n","protected":false},"author":3262,"featured_media":0,"parent":0,"menu_order":0,"comment_status":"closed","ping_status":"open","template":"","meta":[],"_links":{"self":[{"href":"https:\/\/promociondeeventos.sld.cu\/videosalud2008\/wp-json\/wp\/v2\/pages\/156"}],"collection":[{"href":"https:\/\/promociondeeventos.sld.cu\/videosalud2008\/wp-json\/wp\/v2\/pages"}],"about":[{"href":"https:\/\/promociondeeventos.sld.cu\/videosalud2008\/wp-json\/wp\/v2\/types\/page"}],"author":[{"embeddable":true,"href":"https:\/\/promociondeeventos.sld.cu\/videosalud2008\/wp-json\/wp\/v2\/users\/3262"}],"replies":[{"embeddable":true,"href":"https:\/\/promociondeeventos.sld.cu\/videosalud2008\/wp-json\/wp\/v2\/comments?post=156"}],"version-history":[{"count":5,"href":"https:\/\/promociondeeventos.sld.cu\/videosalud2008\/wp-json\/wp\/v2\/pages\/156\/revisions"}],"predecessor-version":[{"id":464,"href":"https:\/\/promociondeeventos.sld.cu\/videosalud2008\/wp-json\/wp\/v2\/pages\/156\/revisions\/464"}],"wp:attachment":[{"href":"https:\/\/promociondeeventos.sld.cu\/videosalud2008\/wp-json\/wp\/v2\/media?parent=156"}],"curies":[{"name":"wp","href":"https:\/\/api.w.org\/{rel}","templated":true}]}}