{"id":144,"date":"2020-01-22T21:05:55","date_gmt":"2020-01-22T21:05:55","guid":{"rendered":"http:\/\/promociondeeventos.sld.cu\/videosalud2008\/?page_id=144"},"modified":"2020-02-20T21:29:37","modified_gmt":"2020-02-20T21:29:37","slug":"trabajos-aprobados-2","status":"publish","type":"page","link":"https:\/\/promociondeeventos.sld.cu\/videosalud2008\/trabajos-aprobados-2\/","title":{"rendered":"Trabajos aprobados"},"content":{"rendered":"<dl>\n<dt><strong><span class=\"documentByLine\">Televisi\u00f3n educativa<\/span><\/strong><\/dt>\n<dt><span class=\"documentByLine\"><span class=\"documentByLine\"><span class=\"documentByLine\"><a href=\"http:\/\/promociondeeventos.sld.cu\/videosalud2008\/files\/2020\/02\/La-evaluaci\u00f3n-de-impacto-en-el-contexto-de-la-Televisi\u00f3n-Educativa-.docx\">-La evaluaci\u00f3n de impacto en el contexto de la Televisi\u00f3n Educativa<\/a><\/span><\/span><\/span><\/dt>\n<dt><\/dt>\n<dt><strong>Audiovisuales en la formaci\u00f3n de pregrado de las ciencias de la salud<\/strong><\/dt>\n<dt>&#8211;<a href=\"http:\/\/promociondeeventos.sld.cu\/videosalud2008\/files\/2020\/02\/Matecmedia-.docx\">Matecmedia: un espacio donde se consulta y se aprende<\/a>\u00a0<\/dt>\n<dt><span class=\"contenttype-topic\"><strong>Audiovisuales en la formaci\u00f3n m\u00e9dica continuada<\/strong> <\/span><\/dt>\n<dt><span class=\"contenttype-topic\"> &#8211;<a href=\"http:\/\/promociondeeventos.sld.cu\/videosalud2008\/files\/2020\/02\/El-video-como-medio-de-ense\u00f1anza-en-la-educaci\u00f3n-de-posgrado1.docx\">El video como medio de ense\u00f1anza en la educaci\u00f3n de posgrado. Experiencia en el programa de Medicina General Integral en la Rep\u00fablica del Ecuador<\/a><\/span><\/dt>\n<dt><\/dt>\n<dt><strong>Historia del cine cient\u00edfico m\u00e9dico y de la salud<\/strong><\/dt>\n<dt><span class=\"contenttype-topic\"> &#8211;<a href=\"http:\/\/promociondeeventos.sld.cu\/videosalud2008\/files\/2020\/02\/Or\u00edgenes-del-cine-cient\u00edfico-m\u00e9dico1.docx\">Or\u00edgenes del cine cient\u00edfico m\u00e9dico<\/a><\/span><\/dt>\n<dt><\/dt>\n<dt><strong>Audiovisuales en la cultura de la salud<\/strong><\/dt>\n<dt><span class=\"contenttype-topic\"> &#8211;<a href=\"http:\/\/promociondeeventos.sld.cu\/videosalud2008\/files\/2020\/02\/Algunas-cuestiones-sobre-la-representaci\u00f3n-de-la-salud-p\u00fablica-en-el-cine-argentino-de-la-democracia1.docx\">Algunas cuestiones sobre la representaci\u00f3n de la salud p\u00fablica en el cine argentino de la democracia<\/a><\/span><\/dt>\n<dt><\/dt>\n<dt><strong>Registro de im\u00e1genes y sonidos utilizando medios diagn\u00f3sticos y terep\u00e9uticos<\/strong><\/dt>\n<dt><span class=\"contenttype-topic\"> &#8211;<a href=\"http:\/\/promociondeeventos.sld.cu\/videosalud2008\/files\/2020\/02\/La-tomograf\u00eda-de-coherencia-\u00f3ptica-en-la-atenci\u00f3n-teleoftalmol\u00f3gica1.docx\">La tomograf\u00eda de coherencia \u00f3ptica en la atenci\u00f3n teleoftalmol\u00f3gica<\/a><\/span><\/dt>\n<\/dl>\n","protected":false},"excerpt":{"rendered":"<p>Televisi\u00f3n educativa -La evaluaci\u00f3n de impacto en el contexto de la Televisi\u00f3n Educativa Audiovisuales en la formaci\u00f3n de pregrado de las ciencias de la salud &#8211;Matecmedia: un espacio donde se consulta y se aprende\u00a0 Audiovisuales en la formaci\u00f3n m\u00e9dica continuada &#8211;El video como medio de ense\u00f1anza en la educaci\u00f3n de posgrado. Experiencia en el programa [&hellip;]<\/p>\n","protected":false},"author":3262,"featured_media":0,"parent":0,"menu_order":0,"comment_status":"closed","ping_status":"open","template":"","meta":[],"_links":{"self":[{"href":"https:\/\/promociondeeventos.sld.cu\/videosalud2008\/wp-json\/wp\/v2\/pages\/144"}],"collection":[{"href":"https:\/\/promociondeeventos.sld.cu\/videosalud2008\/wp-json\/wp\/v2\/pages"}],"about":[{"href":"https:\/\/promociondeeventos.sld.cu\/videosalud2008\/wp-json\/wp\/v2\/types\/page"}],"author":[{"embeddable":true,"href":"https:\/\/promociondeeventos.sld.cu\/videosalud2008\/wp-json\/wp\/v2\/users\/3262"}],"replies":[{"embeddable":true,"href":"https:\/\/promociondeeventos.sld.cu\/videosalud2008\/wp-json\/wp\/v2\/comments?post=144"}],"version-history":[{"count":26,"href":"https:\/\/promociondeeventos.sld.cu\/videosalud2008\/wp-json\/wp\/v2\/pages\/144\/revisions"}],"predecessor-version":[{"id":458,"href":"https:\/\/promociondeeventos.sld.cu\/videosalud2008\/wp-json\/wp\/v2\/pages\/144\/revisions\/458"}],"wp:attachment":[{"href":"https:\/\/promociondeeventos.sld.cu\/videosalud2008\/wp-json\/wp\/v2\/media?parent=144"}],"curies":[{"name":"wp","href":"https:\/\/api.w.org\/{rel}","templated":true}]}}