{"id":143,"date":"2020-01-22T21:08:06","date_gmt":"2020-01-22T21:08:06","guid":{"rendered":"http:\/\/promociondeeventos.sld.cu\/videosalud2008\/?page_id=143"},"modified":"2020-02-20T21:48:01","modified_gmt":"2020-02-20T21:48:01","slug":"conferencias","status":"publish","type":"page","link":"https:\/\/promociondeeventos.sld.cu\/videosalud2008\/conferencias\/","title":{"rendered":"Conferencias"},"content":{"rendered":"<dl>\n<dt><span class=\"contenttype-plonearticle\"> &#8211;<strong>Por una nueva convergencia polivalente de medios, para otra comunicaci\u00f3n educativa posible<\/strong>\u2026 <\/span> <span class=\"documentByLine\"> por Gerardo Ojeda Casta\u00f1eda\u00a0 \u00daltima modificaci\u00f3n 26\/09\/2008 17:12 <\/span><\/dt>\n<dd>\u00a0<\/dd>\n<dt><span class=\"contenttype-plonearticle\"> &#8211;<strong>Los Or\u00edgenes del Cine Cient\u00edfico en Neurolog\u00eda <\/strong><\/span> <span class=\"documentByLine\"> por admin <\/span><\/dt>\n<dt><span class=\"documentByLine\">\u00daltima modificaci\u00f3n 27\/10\/2008 15:56 <\/span><\/dt>\n<dd>\u00a0<\/dd>\n<\/dl>\n","protected":false},"excerpt":{"rendered":"<p>&#8211;Por una nueva convergencia polivalente de medios, para otra comunicaci\u00f3n educativa posible\u2026 por Gerardo Ojeda Casta\u00f1eda\u00a0 \u00daltima modificaci\u00f3n 26\/09\/2008 17:12 \u00a0 &#8211;Los Or\u00edgenes del Cine Cient\u00edfico en Neurolog\u00eda por admin \u00daltima modificaci\u00f3n 27\/10\/2008 15:56 \u00a0<\/p>\n","protected":false},"author":3262,"featured_media":0,"parent":0,"menu_order":0,"comment_status":"closed","ping_status":"open","template":"","meta":[],"_links":{"self":[{"href":"https:\/\/promociondeeventos.sld.cu\/videosalud2008\/wp-json\/wp\/v2\/pages\/143"}],"collection":[{"href":"https:\/\/promociondeeventos.sld.cu\/videosalud2008\/wp-json\/wp\/v2\/pages"}],"about":[{"href":"https:\/\/promociondeeventos.sld.cu\/videosalud2008\/wp-json\/wp\/v2\/types\/page"}],"author":[{"embeddable":true,"href":"https:\/\/promociondeeventos.sld.cu\/videosalud2008\/wp-json\/wp\/v2\/users\/3262"}],"replies":[{"embeddable":true,"href":"https:\/\/promociondeeventos.sld.cu\/videosalud2008\/wp-json\/wp\/v2\/comments?post=143"}],"version-history":[{"count":3,"href":"https:\/\/promociondeeventos.sld.cu\/videosalud2008\/wp-json\/wp\/v2\/pages\/143\/revisions"}],"predecessor-version":[{"id":463,"href":"https:\/\/promociondeeventos.sld.cu\/videosalud2008\/wp-json\/wp\/v2\/pages\/143\/revisions\/463"}],"wp:attachment":[{"href":"https:\/\/promociondeeventos.sld.cu\/videosalud2008\/wp-json\/wp\/v2\/media?parent=143"}],"curies":[{"name":"wp","href":"https:\/\/api.w.org\/{rel}","templated":true}]}}