{"id":132,"date":"2020-01-22T19:20:21","date_gmt":"2020-01-22T19:20:21","guid":{"rendered":"http:\/\/promociondeeventos.sld.cu\/videosalud2008\/?page_id=132"},"modified":"2020-01-22T19:24:26","modified_gmt":"2020-01-22T19:24:26","slug":"en-linea-imagenes-del-evento","status":"publish","type":"page","link":"https:\/\/promociondeeventos.sld.cu\/videosalud2008\/en-linea-imagenes-del-evento\/","title":{"rendered":"En l\u00ednea im\u00e1genes del evento"},"content":{"rendered":"<p>Ya est\u00e1n en la <a title=\"Galer\u00eda de fotos\" href=\"https:\/\/promociondeeventos.sld.cu\/videosalud2008\/galeria-de-fotos\/\" target=\"_blank\">galer\u00eda de fotos<\/a> un grupo de im\u00e1genes del evento. Las mismas siguen la secuencias de los acontecimientos m\u00e1s importantes de Videosalud 2008. Continuaremos colocando nuevas im\u00e1genes.<\/p>\n","protected":false},"excerpt":{"rendered":"<p>Ya est\u00e1n en la galer\u00eda de fotos un grupo de im\u00e1genes del evento. Las mismas siguen la secuencias de los acontecimientos m\u00e1s importantes de Videosalud 2008. Continuaremos colocando nuevas im\u00e1genes.<\/p>\n","protected":false},"author":3262,"featured_media":0,"parent":0,"menu_order":0,"comment_status":"closed","ping_status":"open","template":"","meta":[],"_links":{"self":[{"href":"https:\/\/promociondeeventos.sld.cu\/videosalud2008\/wp-json\/wp\/v2\/pages\/132"}],"collection":[{"href":"https:\/\/promociondeeventos.sld.cu\/videosalud2008\/wp-json\/wp\/v2\/pages"}],"about":[{"href":"https:\/\/promociondeeventos.sld.cu\/videosalud2008\/wp-json\/wp\/v2\/types\/page"}],"author":[{"embeddable":true,"href":"https:\/\/promociondeeventos.sld.cu\/videosalud2008\/wp-json\/wp\/v2\/users\/3262"}],"replies":[{"embeddable":true,"href":"https:\/\/promociondeeventos.sld.cu\/videosalud2008\/wp-json\/wp\/v2\/comments?post=132"}],"version-history":[{"count":3,"href":"https:\/\/promociondeeventos.sld.cu\/videosalud2008\/wp-json\/wp\/v2\/pages\/132\/revisions"}],"predecessor-version":[{"id":137,"href":"https:\/\/promociondeeventos.sld.cu\/videosalud2008\/wp-json\/wp\/v2\/pages\/132\/revisions\/137"}],"wp:attachment":[{"href":"https:\/\/promociondeeventos.sld.cu\/videosalud2008\/wp-json\/wp\/v2\/media?parent=132"}],"curies":[{"name":"wp","href":"https:\/\/api.w.org\/{rel}","templated":true}]}}