{"id":118,"date":"2020-01-21T21:53:50","date_gmt":"2020-01-21T21:53:50","guid":{"rendered":"http:\/\/promociondeeventos.sld.cu\/videosalud2008\/?page_id=118"},"modified":"2020-02-17T18:26:18","modified_gmt":"2020-02-17T18:26:18","slug":"organizan-auspician-y-colaboran","status":"publish","type":"page","link":"https:\/\/promociondeeventos.sld.cu\/videosalud2008\/organizan-auspician-y-colaboran\/","title":{"rendered":"Organizan y auspician"},"content":{"rendered":"<h2 class=\"Heading\"><strong>Comit\u00e9 organizador<\/strong><\/h2>\n<table class=\"plain\">\n<tbody>\n<tr>\n<td><strong><img decoding=\"async\" loading=\"lazy\" class=\"image-left\" src=\"https:\/\/web.archive.org\/web\/20160428234920im_\/http:\/\/www.videosalud2008.sld.cu\/Members\/behique\/image-urra-rec-red.jpeg\" alt=\"Prof. Pedro Urra\" width=\"99\" height=\"126\" \/><\/strong><\/td>\n<td><strong>Presidente <\/strong><a title=\"S\u00edntesisi curricular Urra\" href=\"http:\/\/promociondeeventos.sld.cu\/videosalud2008\/files\/2020\/02\/S\u00edntesis-curricular-de-Pedro-Urra-Gonz\u00e1lez1.docx\" target=\"_blank\">Profesor Pedro Urra Gonz\u00e1lez<\/a><br \/>\nDirector del\u00a0Centro Nacional de Informaci\u00f3n de Ciencias M\u00e9dicas, Infomed<br \/>\nMinisterio de Salud P\u00fablica de Cuba<\/td>\n<\/tr>\n<tr>\n<td><img decoding=\"async\" loading=\"lazy\" class=\"image-left\" src=\"https:\/\/web.archive.org\/web\/20160428234920im_\/http:\/\/www.videosalud2008.sld.cu\/Members\/behique\/fotos\/alina-perez-video-r.jpg\" alt=\"Dra. Alina P\u00e9rez\" width=\"92\" height=\"106\" \/><\/td>\n<td><strong>Vicepresidenta<\/strong>Dra. Alina P\u00e9rez Mart\u00ednez<br \/>\nEspecialista de I Grado en Medicina General Integral<br \/>\nCoordinadora de Proyectos Audiovisuales del Centro Nacional de Informaci\u00f3n de Ciencias M\u00e9dicas, Infomed<br \/>\nMiniterio de Salud P\u00fablica de Cuba<br \/>\nvideosalud2008@infomed.sld.cu<\/td>\n<\/tr>\n<tr>\n<td><img decoding=\"async\" loading=\"lazy\" class=\"image-left\" src=\"https:\/\/web.archive.org\/web\/20160428234920im_\/http:\/\/www.videosalud2008.sld.cu\/Members\/behique\/fotos\/image-beldarrain-recortada.jpeg\" alt=\"Dr. Enrique Beldarra\u00edn\" width=\"83\" height=\"96\" \/><\/td>\n<td><strong>Presidente del Comit\u00e9 cient\u00edfico. <\/strong>Dr. Enrique Beldarra\u00edn Chaple<br \/>\nEspecialista de II Grado en Epidemiolog\u00eda<br \/>\nProfesor Asistente, C\u00e1tedra de Tecnolog\u00eda de la Informaci\u00f3n y la Comunicaci\u00f3n. Escuela Nacional de Salud P\u00fablica (ENSAP). Cuba<br \/>\nInvestigador Auxiliar<br \/>\nJefe del Departamento de Investigaciones del\u00a0Centro Nacional de Informaci\u00f3n de Ciencias M\u00e9dicas, Infomed<a href=\"https:\/\/web.archive.org\/web\/20160428234920\/http:\/\/www.sld.cu\/\" target=\"_self\"><br \/>\n<\/a>Ministerio de Salud P\u00fablica de Cuba<\/td>\n<\/tr>\n<tr>\n<td><img decoding=\"async\" loading=\"lazy\" class=\"image-left\" src=\"https:\/\/web.archive.org\/web\/20160428234920im_\/http:\/\/www.videosalud2008.sld.cu\/Members\/behique\/fotos\/alina-de-la-cruz-rec.jpg\" alt=\"Dra. Alina De la Cruz\" width=\"80\" height=\"109\" \/><\/td>\n<td><strong>Secretaria ejecutiva<\/strong>Dra. Alina de la Cruz del Valle<br \/>\nEspecialista de I Grado en Medicina General Integral<br \/>\nProfesora Auxiliar<br \/>\nEspecialista del\u00a0Centro Nacional de Informaci\u00f3n de Ciencias M\u00e9dicas, Infomed<br \/>\nMinisterio de Salud P\u00fablica de Cuba<br \/>\nsecvideosalud2008@infomed.sld.cu<\/td>\n<\/tr>\n<\/tbody>\n<\/table>\n<p>&nbsp;<\/p>\n<h2 class=\"Heading\"><strong>Auspician y colaboran<\/strong><\/h2>\n<ul>\n<li>Ministerio de Salud P\u00fablica de la Rep\u00fablica de Cuba<\/li>\n<li>Centro Nacional de Informaci\u00f3n de Ciencias M\u00e9dicas, Infomed<\/li>\n<li>Viceministerio de Colaboraci\u00f3n Extranjera del Ministerio de Relaciones Exteriores de la Rep\u00fablica de Cuba<\/li>\n<li>Centro Latinoamericano y del Caribe de Informaci\u00f3n en Ciencias de la Salud. BIREME-OPS-OMS<\/li>\n<li>Instituto Cubano del Arte e Industria Cinematogr\u00e1ficos (ICAIC)<\/li>\n<li>Cinemateca de Cuba<\/li>\n<li>Unidad Central de Colaboraci\u00f3n del Ministerio de Salud P\u00fablica de Cuba<\/li>\n<li>MEDICC Review<\/li>\n<li>Instituto Cubano de Radio y Televisi\u00f3n<\/li>\n<li>Escuela Internacional de Cine y Televisi\u00f3n de San Antonio de los Ba\u00f1os. Cuba<\/li>\n<li>Hospital Hermanos Ameijeiras, La Habana, Cuba<\/li>\n<li>Escuela Latinoamericana de Medicina, Cuba<\/li>\n<li>Asociaci\u00f3n Espa\u00f1ola de Cine e Imagen Cient\u00edfico (ASECIC)<\/li>\n<li>Internacional Association for Media in Science (IAMS).<\/li>\n<li>World Association of Medical and Health Film<\/li>\n<\/ul>\n","protected":false},"excerpt":{"rendered":"<p>Comit\u00e9 organizador Presidente Profesor Pedro Urra Gonz\u00e1lez Director del\u00a0Centro Nacional de Informaci\u00f3n de Ciencias M\u00e9dicas, Infomed Ministerio de Salud P\u00fablica de Cuba VicepresidentaDra. Alina P\u00e9rez Mart\u00ednez Especialista de I Grado en Medicina General Integral Coordinadora de Proyectos Audiovisuales del Centro Nacional de Informaci\u00f3n de Ciencias M\u00e9dicas, Infomed Miniterio de Salud P\u00fablica de Cuba videosalud2008@infomed.sld.cu Presidente [&hellip;]<\/p>\n","protected":false},"author":3262,"featured_media":0,"parent":0,"menu_order":0,"comment_status":"closed","ping_status":"open","template":"","meta":[],"_links":{"self":[{"href":"https:\/\/promociondeeventos.sld.cu\/videosalud2008\/wp-json\/wp\/v2\/pages\/118"}],"collection":[{"href":"https:\/\/promociondeeventos.sld.cu\/videosalud2008\/wp-json\/wp\/v2\/pages"}],"about":[{"href":"https:\/\/promociondeeventos.sld.cu\/videosalud2008\/wp-json\/wp\/v2\/types\/page"}],"author":[{"embeddable":true,"href":"https:\/\/promociondeeventos.sld.cu\/videosalud2008\/wp-json\/wp\/v2\/users\/3262"}],"replies":[{"embeddable":true,"href":"https:\/\/promociondeeventos.sld.cu\/videosalud2008\/wp-json\/wp\/v2\/comments?post=118"}],"version-history":[{"count":8,"href":"https:\/\/promociondeeventos.sld.cu\/videosalud2008\/wp-json\/wp\/v2\/pages\/118\/revisions"}],"predecessor-version":[{"id":226,"href":"https:\/\/promociondeeventos.sld.cu\/videosalud2008\/wp-json\/wp\/v2\/pages\/118\/revisions\/226"}],"wp:attachment":[{"href":"https:\/\/promociondeeventos.sld.cu\/videosalud2008\/wp-json\/wp\/v2\/media?parent=118"}],"curies":[{"name":"wp","href":"https:\/\/api.w.org\/{rel}","templated":true}]}}