{"id":97,"date":"2025-06-03T14:00:55","date_gmt":"2025-06-03T14:00:55","guid":{"rendered":"https:\/\/promociondeeventos.sld.cu\/vectores2025\/?page_id=97"},"modified":"2025-06-11T19:13:09","modified_gmt":"2025-06-11T19:13:09","slug":"hoteles-recomendados","status":"publish","type":"page","link":"https:\/\/promociondeeventos.sld.cu\/vectores2025\/hoteles-recomendados\/","title":{"rendered":"Hoteles Recomendados"},"content":{"rendered":"<table style=\"border-collapse: collapse;width: 100%\">\n<tbody>\n<tr>\n<td style=\"width: 50%\">II Curso Internacional de Control Integrado de Vectores<\/p>\n<p>18 AL 22 AGOSTO, 2025<\/p>\n<p>INSTITUTO MEDICINA TROPICAL \u201cPEDRO KOURI\u201d IPK<\/p>\n<p>OFERTAS TURISTICAS P\u00daBLICAS<\/td>\n<td style=\"width: 50%\"><img decoding=\"async\" loading=\"lazy\" class=\"alignnone\" src=\"http:\/\/promociondeeventos.sld.cu\/vectores2025\/files\/2025\/06\/Havanatur.gif\" width=\"173\" height=\"126\" \/><\/td>\n<\/tr>\n<\/tbody>\n<\/table>\n<p>La Agencia Havanatur, como Agencia Receptiva Oficial pone a su consideraci\u00f3n las siguientes ofertas de servicios tur\u00edsticos relacionados con la celebraci\u00f3n \u00a0en el Instituto de Medicina Tropical Pedro Kouri, IPK del II Curso Internacional de Control Integrado de Vectores, en su edici\u00f3n de este a\u00f1o 2025 entre los d\u00edas 18 al 22 de agosto.<\/p>\n<p>HOTEL PLAN HABITACION +DESAYUNO\u00a0\u00a0\u00a0 (PLAN CP)<\/p>\n<p style=\"text-align: right\">Habitaci\u00f3n Doble (DBL)\u00a0\u00a0\u00a0\u00a0\u00a0\u00a0\u00a0 Habitaci\u00f3n Sencilla (SGL)<\/p>\n<p style=\"text-align: right\">2 personas X Habitaci\u00f3n\u00a0\u00a0\u00a0\u00a0\u00a0\u00a0 1 persona X Habitaci\u00f3n<\/p>\n<p>Hotel Mariposa (2*) \u00a0\u00a0 SEDE\u00a0\u00a0\u00a0\u00a0\u00a0\u00a0\u00a0\u00a0\u00a0\u00a0\u00a0 48.00 \u00a0\u00a0\u00a0\u00a0\u00a0\u00a0\u00a0\u00a0\u00a0\u00a0 \u00a0\u00a0\u00a0\u00a0\u00a0\u00a0\u00a0\u00a0\u00a0\u00a0 \u00a0\u00a0\u00a0\u00a0\u00a0\u00a0\u00a0\u00a0\u00a0\u00a0 \u00a0\u00a0\u00a0\u00a0\u00a0\u00a0\u00a0\u00a0 60.00<\/p>\n<p>Hotel Palco (4*)\u00a0\u00a0\u00a0\u00a0\u00a0\u00a0\u00a0\u00a0\u00a0\u00a0\u00a0\u00a0\u00a0\u00a0\u00a0\u00a0\u00a0\u00a0\u00a0\u00a0\u00a0\u00a0\u00a0\u00a0\u00a0\u00a0\u00a0\u00a0\u00a0\u00a0\u00a0\u00a0 82.00 \u00a0\u00a0\u00a0\u00a0\u00a0\u00a0\u00a0\u00a0\u00a0\u00a0 \u00a0\u00a0\u00a0\u00a0\u00a0\u00a0\u00a0\u00a0\u00a0\u00a0 \u00a0\u00a0\u00a0\u00a0\u00a0\u00a0\u00a0\u00a0\u00a0\u00a0 \u00a0\u00a0\u00a0\u00a0\u00a0\u00a0\u00a0 94.00<\/p>\n<p>Hotel Grand Muthu (5*)\u00a0\u00a0\u00a0\u00a0\u00a0\u00a0\u00a0\u00a0\u00a0\u00a0\u00a0\u00a0\u00a0\u00a0\u00a0\u00a0\u00a0\u00a0 105.00 \u00a0\u00a0\u00a0\u00a0\u00a0\u00a0\u00a0\u00a0\u00a0\u00a0 \u00a0\u00a0\u00a0\u00a0\u00a0\u00a0\u00a0\u00a0\u00a0\u00a0 \u00a0\u00a0\u00a0\u00a0\u00a0\u00a0\u00a0\u00a0\u00a0\u00a0 \u00a0\u00a0\u00a0\u00a0\u00a0\u00a0 130.00<\/p>\n<p>Hotel Nacional de Cuba (5*)\u00a0\u00a0\u00a0\u00a0\u00a0\u00a0\u00a0\u00a0\u00a0\u00a0\u00a0 155.00 \u00a0\u00a0\u00a0\u00a0\u00a0\u00a0\u00a0\u00a0\u00a0\u00a0 \u00a0\u00a0\u00a0\u00a0\u00a0\u00a0\u00a0\u00a0\u00a0\u00a0 \u00a0\u00a0\u00a0\u00a0\u00a0\u00a0\u00a0\u00a0\u00a0\u00a0 \u00a0\u00a0\u00a0\u00a0\u00a0\u00a0 210.00<\/p>\n<p>Hotel Vedado (3*)\u00a0\u00a0\u00a0\u00a0\u00a0\u00a0\u00a0\u00a0\u00a0\u00a0\u00a0\u00a0\u00a0\u00a0\u00a0\u00a0\u00a0\u00a0\u00a0\u00a0\u00a0\u00a0\u00a0\u00a0\u00a0\u00a0\u00a0\u00a0\u00a0 90.00 \u00a0\u00a0\u00a0\u00a0\u00a0\u00a0\u00a0\u00a0\u00a0\u00a0 \u00a0\u00a0\u00a0\u00a0\u00a0\u00a0\u00a0\u00a0\u00a0\u00a0 \u00a0\u00a0\u00a0\u00a0\u00a0\u00a0\u00a0\u00a0\u00a0\u00a0 \u00a0\u00a0\u00a0\u00a0\u00a0 110.00<\/p>\n<p>Todos los anteriores precios son p\u00fablicos y referidos a personas (pax) por noche, expresados en D\u00f3lares Estadounidenses (USD), e incluyen:<\/p>\n<ul>\n<li>Recibimiento y asistencia en el Aeropuerto Internacional de La Habana, por personal de la Agencia Havanatur.<\/li>\n<li>Traslados privados desde el Aeropuerto Internacional de La Habana a su hotel seleccionado.<\/li>\n<li>Hospedaje en su hotel seleccionado en plan de habitaci\u00f3n, y desayuno (plan CP).<\/li>\n<li>Traslados privados en bus climatizado con asistencia de gu\u00eda especializado de la Agencia Havanatur, desde los hoteles Nacional de Cuba, Vedado, Gran Muthu Habana y Palco a las sesiones cient\u00edficas del Evento, en el Instituto de Medicina Tropical Pedro Kouri, IPK, sede del Evento durante los d\u00edas de sesiones seg\u00fan programa aportado por el Comit\u00e9 Organizador, al concluir las sesiones retorno a los hoteles mencionados.<\/li>\n<li>Traslados privados con 3 horas de antelaci\u00f3n a la hora de salida de su vuelo, desde los hoteles de esta oferta al Aeropuerto Internacional de La Habana (deber\u00e1 informar con 72 horas antes los datos de su vuelo de salida de Cuba).<\/li>\n<\/ul>\n<p>HOTEL PLAN HABITACION +DESAYUNO + CENA \u00a0\u00a0\u00a0\u00a0(PLAN MAP )<\/p>\n<p style=\"text-align: right\">Habitaci\u00f3n Doble (DBL)\u00a0\u00a0\u00a0\u00a0 \u00a0\u00a0\u00a0Habitaci\u00f3n Sencilla (SGL)<\/p>\n<p style=\"text-align: right\">2 personas X Habitaci\u00f3n\u00a0\u00a0\u00a0\u00a0\u00a0\u00a0 \u00a0\u00a0\u00a01 persona X Habitaci\u00f3n<\/p>\n<p>Hotel Mariposa (2*) \u00a0\u00a0 SEDE\u00a0\u00a0\u00a0\u00a0\u00a0\u00a0\u00a0\u00a0\u00a0\u00a0\u00a0\u00a0\u00a0\u00a0\u00a0\u00a0\u00a0 70.00\u00a0\u00a0\u00a0\u00a0\u00a0\u00a0\u00a0\u00a0\u00a0\u00a0\u00a0\u00a0\u00a0\u00a0\u00a0\u00a0\u00a0\u00a0\u00a0\u00a0\u00a0\u00a0\u00a0\u00a0\u00a0\u00a0\u00a0\u00a0\u00a0\u00a0\u00a0\u00a0\u00a0\u00a0\u00a0\u00a0\u00a0 80.00<\/p>\n<p>Hotel Palco (4*)\u00a0\u00a0\u00a0\u00a0\u00a0\u00a0\u00a0\u00a0\u00a0\u00a0\u00a0\u00a0\u00a0\u00a0\u00a0\u00a0\u00a0\u00a0\u00a0\u00a0\u00a0\u00a0\u00a0\u00a0\u00a0\u00a0\u00a0\u00a0\u00a0\u00a0\u00a0\u00a0\u00a0\u00a0\u00a0\u00a0\u00a0\u00a0\u00a0\u00a0 92.00\u00a0\u00a0\u00a0\u00a0\u00a0\u00a0\u00a0\u00a0\u00a0\u00a0\u00a0\u00a0\u00a0\u00a0\u00a0\u00a0\u00a0\u00a0\u00a0\u00a0\u00a0\u00a0\u00a0\u00a0\u00a0 \u00a0\u00a0\u00a0\u00a0\u00a0\u00a0\u00a0\u00a0 100.00<\/p>\n<p>Hotel Grand Muthu (5*)\u00a0\u00a0\u00a0\u00a0\u00a0\u00a0\u00a0\u00a0\u00a0\u00a0\u00a0\u00a0\u00a0\u00a0\u00a0\u00a0\u00a0\u00a0\u00a0\u00a0\u00a0\u00a0\u00a0\u00a0 140.00\u00a0\u00a0\u00a0\u00a0\u00a0\u00a0\u00a0\u00a0\u00a0\u00a0\u00a0\u00a0\u00a0\u00a0\u00a0\u00a0\u00a0\u00a0\u00a0\u00a0\u00a0\u00a0\u00a0\u00a0\u00a0 \u00a0\u00a0\u00a0\u00a0\u00a0\u00a0\u00a0\u00a0\u00a0 165.00<\/p>\n<p>Hotel Nacional de Cuba (5*)\u00a0\u00a0\u00a0\u00a0\u00a0\u00a0\u00a0\u00a0\u00a0\u00a0\u00a0\u00a0\u00a0\u00a0\u00a0\u00a0\u00a0 190.00\u00a0\u00a0\u00a0\u00a0\u00a0\u00a0\u00a0\u00a0\u00a0\u00a0\u00a0\u00a0\u00a0\u00a0\u00a0\u00a0\u00a0\u00a0\u00a0\u00a0\u00a0\u00a0\u00a0\u00a0\u00a0 \u00a0\u00a0\u00a0\u00a0\u00a0\u00a0\u00a0\u00a0\u00a0\u00a0 248.00<\/p>\n<p>Hotel Vedado (3*)\u00a0\u00a0\u00a0\u00a0\u00a0\u00a0\u00a0\u00a0\u00a0\u00a0\u00a0\u00a0\u00a0\u00a0\u00a0\u00a0\u00a0\u00a0\u00a0\u00a0\u00a0\u00a0\u00a0\u00a0\u00a0\u00a0\u00a0\u00a0\u00a0\u00a0\u00a0\u00a0\u00a0\u00a0\u00a0\u00a0 118.00\u00a0\u00a0\u00a0\u00a0\u00a0\u00a0\u00a0\u00a0\u00a0\u00a0\u00a0\u00a0\u00a0\u00a0\u00a0\u00a0\u00a0\u00a0\u00a0\u00a0\u00a0\u00a0\u00a0\u00a0\u00a0 \u00a0\u00a0\u00a0\u00a0\u00a0\u00a0\u00a0\u00a0\u00a0\u00a0 140.00<\/p>\n<p>Todos los anteriores precios son p\u00fablicos y referidos a personas (pax) por noche, expresados en D\u00f3lares Estadounidenses (USD), e incluyen:<\/p>\n<ul>\n<li>Recibimiento y asistencia en el Aeropuerto Internacional de La Habana, por personal de la Agencia Havanatur.<\/li>\n<li>Traslados privados desde el Aeropuerto Internacional de La Habana a su hotel seleccionado.<\/li>\n<li>Hospedaje en su hotel seleccionado en plan de habitaci\u00f3n, cena y desayuno (plan MAP).<\/li>\n<li>Traslados privados en bus climatizado con asistencia de gu\u00eda especializado de la Agencia Havanatur, desde los hoteles Nacional de Cuba, Vedado, Gran Muthu Habana, y Palco a las sesiones cient\u00edficas del Evento, en el Instituto de Medicina Tropical Pedro Kouri, IPK, sede del Evento durante los d\u00edas de sesiones seg\u00fan programa aportado por el Comit\u00e9 Organizador, al concluir las sesiones retorno a los hoteles mencionados.<\/li>\n<li>Traslados privados con 3 horas de antelaci\u00f3n a la hora de salida de su vuelo, desde los hoteles de esta oferta al Aeropuerto Internacional de La Habana (deber\u00e1 informar con 72 horas antes los datos de su vuelo de salida de Cuba).<\/li>\n<\/ul>\n<p>TRANSPORTACION<\/p>\n<p>Para los participantes interesados que no tomen alojamiento por las ofertas anteriores de hoteles, y solo deseen transportaciones diarias a las actividades del curso, el precio diario ser\u00e1 de 25,00 USD por d\u00eda con ida y regreso desde los hoteles antes mencionados.<\/p>\n<p>CONDICIONES OPERACIONALES:<\/p>\n<ul>\n<li>Las solicitudes de reservas deber\u00e1n realizarse antes del viernes 15 de agosto del 2025 y deben dirigirse al email: <a href=\"mailto:esp3.eventos@havanatur.cu\" target=\"_blank\" rel=\"noopener\">esp3.eventos@havanatur.cu<\/a><\/li>\n<li>Los datos para la solicitud de reserva ser\u00e1n:<\/li>\n<\/ul>\n<p>Nombre y Apellidos<\/p>\n<p>Nacionalidad<\/p>\n<p>Hotel Seleccionado<\/p>\n<p>Fecha de Arribo a Cuba<\/p>\n<p>Numero de vuelo de arribo a Cuba<\/p>\n<p>Fecha de salida de Cuba<\/p>\n<p>Numero de vuelo de salida de Cuba<\/p>\n<ul>\n<li>Las reservas se confirmar\u00e1n inmediatamente v\u00eda email, a la recepci\u00f3n de la solicitud.<\/li>\n<\/ul>\n<p>En caso de no confirmarse por falta de disponibilidad, se ofrecer\u00e1n otras opciones de Hoteles.<\/p>\n<p>PAGOS DE SERVICIOS:<\/p>\n<p>Todos los servicios est\u00e1n en estricta condici\u00f3n de PREPAGO, acorde con la solicitud del cliente, y\u00a0 estas ofertas de Havanatur.<\/p>\n<p>Todos los pagos en territorio nacional\u00a0 deber\u00e1n ser por tarjetas de cr\u00e9dito o d\u00e9bito, no se aceptan pagos en efectivo.<\/p>\n<p>POLITICA DE PENALIZACI\u00d3N POR CANCELACIONES O NO SHOW:<\/p>\n<p>Las cancelaciones que se realicen antes del Lunes 4 de agosto del 2025 \u00a0no ser\u00e1n penalizadas.<\/p>\n<p>15 a 10 d\u00edas\u00a0\u00a0\u00a0\u00a0\u00a0\u00a0\u00a0\u00a0\u00a0\u00a0\u00a0\u00a0\u00a0\u00a0\u00a0\u00a0\u00a0\u00a0\u00a0\u00a0\u00a0\u00a0\u00a0\u00a0\u00a0\u00a0\u00a0 \u00a0\u00a0\u00a0\u00a0\u00a0\u00a0\u00a0 \u00a0\u00a0\u00a0 9 a 5 d\u00edas\u00a0\u00a0\u00a0\u00a0\u00a0\u00a0\u00a0\u00a0\u00a0\u00a0\u00a0\u00a0\u00a0\u00a0\u00a0\u00a0\u00a0\u00a0\u00a0\u00a0\u00a0\u00a0\u00a0\u00a0\u00a0\u00a0\u00a0\u00a0\u00a0\u00a0\u00a0 \u00a0\u00a0\u00a0 \u00a0\u00a0\u00a0\u00a0\u00a0\u00a0\u00a0 4 a 0 d\u00edas<\/p>\n<p>50 % del precio del paquete \u00a0\u00a0\u00a0\u00a0 75 % del precio del paquete\u00a0\u00a0\u00a0\u00a0\u00a0\u00a0\u00a0 100 % del precio del paquete<\/p>\n<ul>\n<li>Para los casos de Salidas imprevistas del pa\u00eds, se factura estancia completa.<\/li>\n<\/ul>\n<p>SEGURO DEL VIAJERO.<\/p>\n<p>Todos los pasajeros deben entrar a Cuba con una p\u00f3liza de seguro que cubra posibles gastos por atenci\u00f3n m\u00e9dica. Los servicios incluidos en la oferta no incluyen el seguro por lo que \u00e9ste debe ser adquirido en el pa\u00eds de origen.<\/p>\n<p>Para sus solicitudes de servicios s\u00edrvase contactar:<\/p>\n<p>Ing. Eduardo Gonz\u00e1lez<\/p>\n<p>Especialista Comercial<\/p>\n<p>Eventos e Incentivos<\/p>\n<p>Havanatur \u00a0Tour and Travel, \u00a0La Habana<\/p>\n<p>Email: esp3.eventos@havanatur.cu<\/p>\n<p>Tel\u00e9fonos.: (537) 201-9780<\/p>\n","protected":false},"excerpt":{"rendered":"<p>II Curso Internacional de Control Integrado de Vectores 18 AL 22 AGOSTO, 2025 INSTITUTO MEDICINA TROPICAL \u201cPEDRO KOURI\u201d IPK OFERTAS TURISTICAS P\u00daBLICAS La Agencia Havanatur, como Agencia Receptiva Oficial pone a su consideraci\u00f3n las siguientes ofertas de servicios tur\u00edsticos relacionados con la celebraci\u00f3n \u00a0en el Instituto de Medicina Tropical Pedro Kouri, IPK del II Curso [&hellip;]<\/p>\n","protected":false},"author":3257,"featured_media":0,"parent":0,"menu_order":0,"comment_status":"closed","ping_status":"closed","template":"","meta":[],"_links":{"self":[{"href":"https:\/\/promociondeeventos.sld.cu\/vectores2025\/wp-json\/wp\/v2\/pages\/97"}],"collection":[{"href":"https:\/\/promociondeeventos.sld.cu\/vectores2025\/wp-json\/wp\/v2\/pages"}],"about":[{"href":"https:\/\/promociondeeventos.sld.cu\/vectores2025\/wp-json\/wp\/v2\/types\/page"}],"author":[{"embeddable":true,"href":"https:\/\/promociondeeventos.sld.cu\/vectores2025\/wp-json\/wp\/v2\/users\/3257"}],"replies":[{"embeddable":true,"href":"https:\/\/promociondeeventos.sld.cu\/vectores2025\/wp-json\/wp\/v2\/comments?post=97"}],"version-history":[{"count":13,"href":"https:\/\/promociondeeventos.sld.cu\/vectores2025\/wp-json\/wp\/v2\/pages\/97\/revisions"}],"predecessor-version":[{"id":117,"href":"https:\/\/promociondeeventos.sld.cu\/vectores2025\/wp-json\/wp\/v2\/pages\/97\/revisions\/117"}],"wp:attachment":[{"href":"https:\/\/promociondeeventos.sld.cu\/vectores2025\/wp-json\/wp\/v2\/media?parent=97"}],"curies":[{"name":"wp","href":"https:\/\/api.w.org\/{rel}","templated":true}]}}