{"id":2,"date":"2024-12-19T00:28:51","date_gmt":"2024-12-19T00:28:51","guid":{"rendered":"https:\/\/promociondeeventos.sld.cu\/vectores2025\/?page_id=2"},"modified":"2025-08-01T12:54:27","modified_gmt":"2025-08-01T12:54:27","slug":"pagina-ejemplo","status":"publish","type":"page","link":"https:\/\/promociondeeventos.sld.cu\/vectores2025\/","title":{"rendered":"Convocatoria"},"content":{"rendered":"<p style=\"text-align: left\"><span style=\"color: #ff0000\"><strong><span style=\"text-decoration: underline\"><em>ATENCI\u00d3N<\/em><\/span><\/strong><\/span><\/p>\r\n<p><strong><em>Nueva oportunidad <\/em><\/strong><\/p>\r\n<div class=\"html-div xdj266r x14z9mp xat24cr x1lziwak xexx8yu xyri2b x18d9i69 x1c1uobl\" dir=\"auto\">\r\n<div class=\"html-div xdj266r x14z9mp xat24cr x1lziwak xexx8yu xyri2b x18d9i69 x1c1uobl\" data-ad-rendering-role=\"story_message\">\r\n<div id=\"_r_ag_\" class=\"x1l90r2v x1iorvi4 x1g0dm76 xpdmqnj\" data-ad-comet-preview=\"message\" data-ad-preview=\"message\">\r\n<div class=\"x78zum5 xdt5ytf xz62fqu x16ldp7u\">\r\n<div class=\"xu06os2 x1ok221b\">\r\n<div class=\"html-div xdj266r x14z9mp xat24cr x1lziwak xexx8yu xyri2b x18d9i69 x1c1uobl\">\r\n<div class=\"xdj266r x14z9mp xat24cr x1lziwak x1vvkbs x126k92a\">\r\n<div dir=\"auto\">\u00a1PARTICIPA!<\/div>\r\n<\/div>\r\n<div class=\"x14z9mp xat24cr x1lziwak x1vvkbs xtlvy1s x126k92a\">\r\n<div dir=\"auto\">El Comit\u00e9 Organizador del II Curso Internacional de control integrado de vectores en el contexto de emergencia y reemergencia de enfermedades zoon\u00f3ticas ofrece una nueva oportunidad, dando respuesta a los profesionales que por varias razones no podr\u00e1n estar de forma presencial en el curso. Se ha decidido reajustar las actividades te\u00f3ricas para que los d\u00edas <span style=\"color: #ff0000\"><strong>18 y 19 de agosto de 2025 se pueda acceder de forma virtual<\/strong><\/span><\/div>\r\n<\/div>\r\n<div class=\"x14z9mp xat24cr x1lziwak x1vvkbs xtlvy1s x126k92a\">\r\n<div dir=\"auto\">Para mas detalles, los interesados pueden contactarnos por los siguientes correos electronicos:<\/div>\r\n<div dir=\"auto\">\u00a0<\/div>\r\n<\/div>\r\n<div class=\"x14z9mp xat24cr x1lziwak x1vvkbs xtlvy1s x126k92a\">\r\n<div dir=\"auto\"><a href=\"mailto:maureen@ipk.sld.cu\" target=\"_blank\" rel=\"noopener\">maureen@ipk.sld.cu<\/a><\/div>\r\n<div dir=\"auto\"><a href=\"mailto:ariamys@ipk.sld.cu\" target=\"_blank\" rel=\"noopener\">ariamys@ipk.sld.cu<\/a><\/div>\r\n<div dir=\"auto\"><a href=\"mailto:marquetti@ipk.sld.cu\" target=\"_blank\" rel=\"noopener\">marquetti@ipk.sld.cu<\/a><\/div>\r\n<div dir=\"auto\"><a href=\"mailto:docencia@ipk.sld.cu\" target=\"_blank\" rel=\"noopener\">docencia@ipk.sld.cu<\/a><\/div>\r\n<div dir=\"auto\">\u00a0<\/div>\r\n<\/div>\r\n<div class=\"x14z9mp xat24cr x1lziwak x1vvkbs xtlvy1s x126k92a\">\r\n<div dir=\"auto\">\u00a1Aprovecha esta nueva opci\u00f3n!<\/div>\r\n<div dir=\"auto\">\u00a0<\/div>\r\n<\/div>\r\n<div class=\"x14z9mp xat24cr x1lziwak x1vvkbs xtlvy1s x126k92a\">\r\n<div dir=\"auto\"><span class=\"html-span xdj266r x14z9mp xat24cr x1lziwak xexx8yu xyri2b x18d9i69 x1c1uobl x1hl2dhg x16tdsg8 x1vvkbs\"><a class=\"x1i10hfl xjbqb8w x1ejq31n x18oe1m7 x1sy0etr xstzfhl x972fbf x10w94by x1qhh985 x14e42zd x9f619 x1ypdohk xt0psk2 xe8uvvx xdj266r x14z9mp xat24cr x1lziwak xexx8yu xyri2b x18d9i69 x1c1uobl x16tdsg8 x1hl2dhg xggy1nq x1a2a7pz xkrqix3 x1sur9pj x1fey0fg x1s688f\" role=\"link\" href=\"https:\/\/promociondeeventos.sld.cu\/vectores2025\/?fbclid=IwZXh0bgNhZW0CMTAAYnJpZBExd3lVRndTQTVtdExib2ZTRwEeyVirNyoEGUocRNGQ_9T2SUewKUASRX0w3I-JZdL7fqAPjY__rt_eYUbi0W8_aem_U-At2NziRbQsXx52kR1G5Q\" target=\"_blank\" rel=\"nofollow noopener noreferrer\">https:\/\/promociondeeventos.sld.cu\/vectores2025\/<\/a><\/span><\/div>\r\n<div dir=\"auto\"><span class=\"html-span xdj266r x14z9mp xat24cr x1lziwak xexx8yu xyri2b x18d9i69 x1c1uobl x1hl2dhg x16tdsg8 x1vvkbs\"><a class=\"x1i10hfl xjbqb8w x1ejq31n x18oe1m7 x1sy0etr xstzfhl x972fbf x10w94by x1qhh985 x14e42zd x9f619 x1ypdohk xt0psk2 xe8uvvx xdj266r x14z9mp xat24cr x1lziwak xexx8yu xyri2b x18d9i69 x1c1uobl x16tdsg8 x1hl2dhg xggy1nq x1a2a7pz xkrqix3 x1sur9pj x1fey0fg x1s688f\" role=\"link\" href=\"https:\/\/promociondeeventos.sld.cu\/vectores2025en?fbclid=IwZXh0bgNhZW0CMTAAYnJpZBExd3lVRndTQTVtdExib2ZTRwEeXxrt1WRdAnpQN52g6wuZdRVPwdUcFaMNvb1DAWKj1zdBMyVi4s4YV2zOslI_aem_yYczkKZWXvogKiAQxFPX_g\" target=\"_blank\" rel=\"nofollow noopener noreferrer\">https:\/\/promociondeeventos.sld.cu\/vectores2025en<\/a><\/span><\/div>\r\n<\/div>\r\n<\/div>\r\n<\/div>\r\n<\/div>\r\n<\/div>\r\n<\/div>\r\n<\/div>\r\n<p><span style=\"text-decoration: underline\"><strong>Convocatoria<\/strong><\/span><\/p>\r\n<p>El cambio clim\u00e1tico ha significado una modificaci\u00f3n\u00a0 en la prevalencia y aparici\u00f3n de nuevas enfermedades infecciosas, muchas de ellas transmitidas por insectos hemat\u00f3fagos, ya que puede alterar los patrones espaciales y temporales del reservorio y de la transmisi\u00f3n de enfermedades. En las \u00faltimas d\u00e9cadas varios arbovirus han emergido y\/o reemergido en el Nuevo Mundo. Los virus Zika y chikungunya, anteriormente restringidos a \u00c1frica, invadieron el continente americano, conjuntamente con aumentos de casos de\u00a0 dengue en casi todos los pa\u00edses. El virus del Nilo Occidental tambi\u00e9n invadi\u00f3 r\u00e1pidamente Am\u00e9rica del Norte, registr\u00e1ndose casos tambi\u00e9n en Am\u00e9rica Central y del Sur. Otros arbovirus, como Mayaro el virus de la Encefalitis Equina del Este y Oropouche, han aumentado su actividad y se han encontrado en nuevas \u00e1reas. Adem\u00e1s, se han documentado cambios en la patogenicidad de algunos virus que conducen a enfermedades inesperadas.<\/p>\r\n<p>En este sentido, las enfermedades transmitidas por vectores tienen un gran impacto en la salud p\u00fablica global y suponen una carga econ\u00f3mica significativa en los pa\u00edses afectados. Seg\u00fan la OMS, \u00e9stas representan aproximadamente el 17% de todas las enfermedades infecciosas y cada a\u00f1o provocan unas 700 000 muertes.\u00a0 En este contexto se inserta el control \u00a0integrado de vectores como un proceso decisorio para el manejo de poblaciones de vectores, con el objetivo de reducir o interrumpir la transmisi\u00f3n vectorial de las enfermedades. Este manejo incluye la utilizaci\u00f3n de una variedad de intervenciones, a menudo en combinaci\u00f3n y sin\u00e9rgicamente; la colaboraci\u00f3n dentro del sector de la salud y con otros sectores p\u00fablicos que repercuten en la reproducci\u00f3n de los vectores y sus criaderos; la participaci\u00f3n activa de la comunidad;\u00a0 un marco de salud p\u00fablica legislativo; el uso racional de insecticidas y buenas pr\u00e1cticas en su acci\u00f3n. Para analizar esta problem\u00e1tica e indagar en posibles soluciones que contribuyan al mejoramiento de este campo en la salud p\u00fablica el Instituto de Medicina Tropical \u201cPedro Kouri\u201d (IPK), el Ministerio de Salud P\u00fablica de la Rep\u00fablica de Cuba y la Sociedad Cubana de Microbiolog\u00eda y Parasitolog\u00eda, tienen el placer de anunciarle que del 18 al 22 de agosto del 2025,\u00a0 se efectuar\u00e1 el II Curso Internacional de Control Integrado de Vectores en el contexto de la emergencia y re emergencia de enfermedades zoon\u00f3ticas (CIV-2025)<\/p>\r\n","protected":false},"excerpt":{"rendered":"<p>ATENCI\u00d3N Nueva oportunidad \u00a1PARTICIPA! El Comit\u00e9 Organizador del II Curso Internacional de control integrado de vectores en el contexto de emergencia y reemergencia de enfermedades zoon\u00f3ticas ofrece una nueva oportunidad, dando respuesta a los profesionales que por varias razones no podr\u00e1n estar de forma presencial en el curso. Se ha decidido reajustar las actividades te\u00f3ricas [&hellip;]<\/p>\n","protected":false},"author":3257,"featured_media":0,"parent":0,"menu_order":0,"comment_status":"closed","ping_status":"open","template":"","meta":[],"_links":{"self":[{"href":"https:\/\/promociondeeventos.sld.cu\/vectores2025\/wp-json\/wp\/v2\/pages\/2"}],"collection":[{"href":"https:\/\/promociondeeventos.sld.cu\/vectores2025\/wp-json\/wp\/v2\/pages"}],"about":[{"href":"https:\/\/promociondeeventos.sld.cu\/vectores2025\/wp-json\/wp\/v2\/types\/page"}],"author":[{"embeddable":true,"href":"https:\/\/promociondeeventos.sld.cu\/vectores2025\/wp-json\/wp\/v2\/users\/3257"}],"replies":[{"embeddable":true,"href":"https:\/\/promociondeeventos.sld.cu\/vectores2025\/wp-json\/wp\/v2\/comments?post=2"}],"version-history":[{"count":11,"href":"https:\/\/promociondeeventos.sld.cu\/vectores2025\/wp-json\/wp\/v2\/pages\/2\/revisions"}],"predecessor-version":[{"id":137,"href":"https:\/\/promociondeeventos.sld.cu\/vectores2025\/wp-json\/wp\/v2\/pages\/2\/revisions\/137"}],"wp:attachment":[{"href":"https:\/\/promociondeeventos.sld.cu\/vectores2025\/wp-json\/wp\/v2\/media?parent=2"}],"curies":[{"name":"wp","href":"https:\/\/api.w.org\/{rel}","templated":true}]}}