{"id":6,"date":"2008-04-10T12:49:47","date_gmt":"2008-04-10T17:49:47","guid":{"rendered":"http:\/\/promociondeeventos.sld.cu\/urologia2009\/"},"modified":"2009-02-08T19:20:42","modified_gmt":"2009-02-09T00:20:42","slug":"auspicios","status":"publish","type":"page","link":"https:\/\/promociondeeventos.sld.cu\/urologia2009\/auspicios\/","title":{"rendered":"Organizan y Auspician"},"content":{"rendered":"<h3><\/h3>\n<h3><font color=\"#ff0000\"><a href=\"http:\/\/promociondeeventos.sld.cu\/urologia2009\/files\/2009\/01\/slams.jpg\" title=\"SLAMS\"><\/a><a rel=\"attachment wp-att-33\" href=\"http:\/\/promociondeeventos.sld.cu\/urologia2009\/auspicios\/ops\/\" title=\"OPS\"><\/a>Organizan<\/font><\/h3>\n<p><a href=\"http:\/\/www.sld.cu\/sitios\/urologia\/temas.php?idv=4996\"><font color=\"#ff0000\">Sociedad Cubana de Urolog\u00eda<\/font><\/a><br \/>\n<a href=\"http:\/\/www.cpalco.com\" title=\"Palacio de las Convenciones\"><font color=\"#ff0000\">Palacio de las Convenciones<br \/>\n<\/font><\/a><font color=\"#ff0000\">Cubanac\u00e1n Eventos<\/font><\/p>\n<h3><font color=\"#ff0000\">Auspiciadores Nacionales:<\/font><\/h3>\n<p><font color=\"#ff0000\">Ministerio de Salud P\u00fablica de Cuba<br \/>\n<\/font><a href=\"http:\/\/www.sld.cu\/sitios\/socientificas\/\"><font color=\"#ff0000\">Consejo Nacional de Sociedades Cient\u00edficas de la Salud<\/font><\/a><br \/>\n<a href=\"http:\/\/www.sld.cu\/sitios\/urologia\/temas.php?idv=4996\"><font color=\"#ff0000\">Sociedad Cubana de Urolog\u00eda<\/font><\/a><\/p>\n<h3><font color=\"#ff0000\">Auspiciadores Internacionales:<\/font><\/h3>\n<p><font color=\"#ff0000\"><a href=\"http:\/\/promociondeeventos.sld.cu\/urologia2009\/files\/2008\/10\/cau.jpg\" title=\"Logo CAU\"><img decoding=\"async\" loading=\"lazy\" width=\"84\" src=\"http:\/\/promociondeeventos.sld.cu\/urologia2009\/files\/2008\/10\/cau.thumbnail.jpg\" alt=\"Logo CAU\" height=\"71\" \/><\/a><\/font><a href=\"http:\/\/www.caunet.org\" title=\"CAU\"><font color=\"#ff0000\"><strong>Confederaci\u00f3n Americana de Urolog\u00eda.<\/strong><\/font><\/a><\/p>\n<p><a href=\"http:\/\/promociondeeventos.sld.cu\/urologia2009\/files\/2009\/01\/slams.jpg\" title=\"SLAMS\"><img decoding=\"async\" loading=\"lazy\" width=\"94\" src=\"http:\/\/promociondeeventos.sld.cu\/urologia2009\/files\/2009\/01\/slams.jpg\" alt=\"SLAMS\" height=\"103\" \/><\/a>\u00a0<a href=\"http:\/\/www.slamsnet.org\" title=\"SLAMS\"><strong>Sociedad Latinoamericana de Medicina Sexual<\/strong><\/a><\/p>\n<p>\u00a0<a href=\"http:\/\/promociondeeventos.sld.cu\/urologia2009\/files\/2009\/01\/slams.jpg\" title=\"SLAMS\"><\/a><a rel=\"attachment wp-att-33\" href=\"http:\/\/promociondeeventos.sld.cu\/urologia2009\/auspicios\/ops\/\" title=\"OPS\"><\/a><a href=\"http:\/\/http:\/\/new.paho.org\/hq\/index.php?option=com_frontpage&amp;Itemid=1\" title=\"OPS\"><img decoding=\"async\" src=\"http:\/\/promociondeeventos.sld.cu\/urologia2009\/files\/2009\/02\/paho2003_1.gif\" alt=\"paho2003_1.gif\" \/><\/a><\/p>\n","protected":false},"excerpt":{"rendered":"<p>Organizan Sociedad Cubana de Urolog\u00eda Palacio de las Convenciones Cubanac\u00e1n Eventos Auspiciadores Nacionales: Ministerio de Salud P\u00fablica de Cuba Consejo Nacional de Sociedades Cient\u00edficas de la Salud Sociedad Cubana de Urolog\u00eda Auspiciadores Internacionales: Confederaci\u00f3n Americana de Urolog\u00eda. \u00a0Sociedad Latinoamericana de Medicina Sexual \u00a0<\/p>\n","protected":false},"author":16,"featured_media":0,"parent":0,"menu_order":3,"comment_status":"open","ping_status":"open","template":"","meta":[],"_links":{"self":[{"href":"https:\/\/promociondeeventos.sld.cu\/urologia2009\/wp-json\/wp\/v2\/pages\/6"}],"collection":[{"href":"https:\/\/promociondeeventos.sld.cu\/urologia2009\/wp-json\/wp\/v2\/pages"}],"about":[{"href":"https:\/\/promociondeeventos.sld.cu\/urologia2009\/wp-json\/wp\/v2\/types\/page"}],"author":[{"embeddable":true,"href":"https:\/\/promociondeeventos.sld.cu\/urologia2009\/wp-json\/wp\/v2\/users\/16"}],"replies":[{"embeddable":true,"href":"https:\/\/promociondeeventos.sld.cu\/urologia2009\/wp-json\/wp\/v2\/comments?post=6"}],"version-history":[{"count":0,"href":"https:\/\/promociondeeventos.sld.cu\/urologia2009\/wp-json\/wp\/v2\/pages\/6\/revisions"}],"wp:attachment":[{"href":"https:\/\/promociondeeventos.sld.cu\/urologia2009\/wp-json\/wp\/v2\/media?parent=6"}],"curies":[{"name":"wp","href":"https:\/\/api.w.org\/{rel}","templated":true}]}}