{"id":4,"date":"2008-04-03T15:48:05","date_gmt":"2008-04-03T20:48:05","guid":{"rendered":"http:\/\/promociondeeventos.sld.cu\/urologia2009\/"},"modified":"2009-11-01T23:47:59","modified_gmt":"2009-11-02T04:47:59","slug":"comite-cientifico","status":"publish","type":"page","link":"https:\/\/promociondeeventos.sld.cu\/urologia2009\/comite-cientifico\/","title":{"rendered":"Comit\u00e9 Organizador"},"content":{"rendered":"<p><span style=\"color: #ff0000\"><strong>Presidente<br \/>\n<\/strong>Dr. Octavio Manuel De La Concepci\u00f3n G\u00f3mez.<br \/>\nPresidente de la Sociedad Cubana de Urolog\u00eda<\/span><\/p>\n<p><span style=\"color: #ff0000\"><strong>Vicepresidente:<br \/>\n<\/strong>Dr. Ramiro Fragas Vald\u00e9s.<\/span><\/p>\n<p><span style=\"color: #ff0000\"><strong>Secretar\u00eda:<br \/>\n<\/strong>Dra. Tania Gonz\u00e1lez L\u00e9on.<\/span><\/p>\n<p><span style=\"color: #ff0000\"><strong>Programa Cient\u00edfico<br \/>\n<\/strong>Dra. Yolanda Ares Vald\u00e9s.<\/span><\/p>\n<p><span style=\"color: #ff0000\">\u00a0<span style=\"color: #ff0000\"><strong>Coordinadores Programa Uro- Oncolog\u00eda:<br \/>\n<\/strong>Dr. Adolfo Garc\u00eda y Dr. Eibis Matos Lobaina.<\/span><\/span><\/p>\n<p><span style=\"color: #ff0000\"><span style=\"color: #ff0000\"><span style=\"color: #ff0000\"><strong>Coordinadores\u00a0 Programa Endourolog\u00eda.<br \/>\n<\/strong>Dr. Mariano Castillo y Dra. Tania Gonzalez Le\u00f3n.<\/span><\/span><\/span><\/p>\n<p><span style=\"color: #ff0000\"><span style=\"color: #ff0000\"><span style=\"color: #ff0000\"><span style=\"color: #ff0000\"><strong>Coordinadores\u00a0 Programa Androlog\u00eda y Medicina Sexual<br \/>\n<\/strong>Dr. Ramiro Fragas Vald\u00e9s, Dr. Raul Guzm\u00e1n y Dr. Manuel Lemourt Oliva.<\/span><\/span><\/span><\/span><\/p>\n<p><span style=\"color: #ff0000\"><span style=\"color: #ff0000\"><\/span><\/span><span style=\"color: #ff0000\"><span style=\"color: #ff0000\"><span style=\"color: #ff0000\"><span style=\"color: #ff0000\"><span style=\"color: #ff0000\"><span style=\"color: #ff0000\"><span style=\"color: #ff0000\"><strong>Coordinadores\u00a0 Programa Urolog\u00eda General.<\/strong><\/span><\/span><\/span><\/span><\/span><\/span><\/span><span style=\"color: #ff0000\"><span style=\"color: #ff0000\"><span style=\"color: #ff0000\"><span style=\"color: #ff0000\"><span style=\"color: #ff0000\"><span style=\"color: #ff0000\"><span style=\"color: #ff0000\"><strong><br \/>\n<\/strong>Dra. Alina Chou, Dr. Roberto Sanchez Tamaki y Dr. Ren\u00e9 G\u00f3mez Areces.<\/span><\/span><\/span><\/span><\/span><\/span><\/span><\/p>\n<p><span style=\"color: #ff0000\"><span style=\"color: #ff0000\"><span style=\"color: #ff0000\"><span style=\"color: #ff0000\"><span style=\"color: #ff0000\"><span style=\"color: #ff0000\"><span style=\"color: #ff0000\"><span style=\"color: #ff0000\"><span style=\"color: #ff0000\"><span style=\"color: #ff0000\"><span style=\"color: #ff0000\"><span style=\"color: #ff0000\"><span style=\"color: #ff0000\"><span style=\"color: #ff0000\"><strong>Coordinadores\u00a0 Programa Trasplante Renal.<\/strong><\/span><\/span><\/span><\/span><\/span><\/span><\/span><span style=\"color: #ff0000\"><span style=\"color: #ff0000\"><span style=\"color: #ff0000\"><span style=\"color: #ff0000\"><span style=\"color: #ff0000\"><span style=\"color: #ff0000\"><span style=\"color: #ff0000\"><strong><br \/>\n<\/strong>Dr. Raydel Reyes Arencibia.<\/span><\/span><\/span><\/span><\/span><\/span><\/span><\/span><\/span><\/span><\/span><\/span><\/span><\/span><\/p>\n<p><span style=\"color: #ff0000\">\u00a0<strong>Programa y Organizaci\u00f3n del Encuentro Iberoamericano de Enfermer\u00eda Urol\u00f3gica.<\/strong>\u00a0<\/span><\/p>\n<p><span style=\"color: #800080\"><span style=\"color: #ff0000\">Lic. Yanela D\u00edaz Oquendo.\u00a0 <\/span><a title=\"Jornada Enfermer\u00e1\" href=\"http:\/\/www.sld.cu\/sitios\/urologia-enfermeria\/temas.php?idv=18297\"><strong><span style=\"color: #ff0000\">Informaci\u00f3n.<\/span><\/strong><\/a><\/span><\/p>\n<p><span style=\"color: #ff0000\"><strong>Tesorero:<br \/>\n<\/strong>Dr. Manuel Lemourt Oliva<\/span><\/p>\n<p><span style=\"color: #ff0000\"><strong>Organizadora Profesional<\/strong><br \/>\nAlicia Garc\u00eda Gonz\u00e1lez<br \/>\nPalacio de Convenciones de La Habana<\/span><\/p>\n","protected":false},"excerpt":{"rendered":"<p>Presidente Dr. Octavio Manuel De La Concepci\u00f3n G\u00f3mez. Presidente de la Sociedad Cubana de Urolog\u00eda Vicepresidente: Dr. Ramiro Fragas Vald\u00e9s. Secretar\u00eda: Dra. Tania Gonz\u00e1lez L\u00e9on. Programa Cient\u00edfico Dra. Yolanda Ares Vald\u00e9s. \u00a0Coordinadores Programa Uro- Oncolog\u00eda: Dr. Adolfo Garc\u00eda y Dr. Eibis Matos Lobaina. Coordinadores\u00a0 Programa Endourolog\u00eda. Dr. Mariano Castillo y Dra. Tania Gonzalez Le\u00f3n. Coordinadores\u00a0 [&hellip;]<\/p>\n","protected":false},"author":16,"featured_media":0,"parent":0,"menu_order":2,"comment_status":"open","ping_status":"open","template":"","meta":[],"_links":{"self":[{"href":"https:\/\/promociondeeventos.sld.cu\/urologia2009\/wp-json\/wp\/v2\/pages\/4"}],"collection":[{"href":"https:\/\/promociondeeventos.sld.cu\/urologia2009\/wp-json\/wp\/v2\/pages"}],"about":[{"href":"https:\/\/promociondeeventos.sld.cu\/urologia2009\/wp-json\/wp\/v2\/types\/page"}],"author":[{"embeddable":true,"href":"https:\/\/promociondeeventos.sld.cu\/urologia2009\/wp-json\/wp\/v2\/users\/16"}],"replies":[{"embeddable":true,"href":"https:\/\/promociondeeventos.sld.cu\/urologia2009\/wp-json\/wp\/v2\/comments?post=4"}],"version-history":[{"count":4,"href":"https:\/\/promociondeeventos.sld.cu\/urologia2009\/wp-json\/wp\/v2\/pages\/4\/revisions"}],"predecessor-version":[{"id":74,"href":"https:\/\/promociondeeventos.sld.cu\/urologia2009\/wp-json\/wp\/v2\/pages\/4\/revisions\/74"}],"wp:attachment":[{"href":"https:\/\/promociondeeventos.sld.cu\/urologia2009\/wp-json\/wp\/v2\/media?parent=4"}],"curies":[{"name":"wp","href":"https:\/\/api.w.org\/{rel}","templated":true}]}}