{"id":31,"date":"2009-01-07T11:30:21","date_gmt":"2009-01-07T16:30:21","guid":{"rendered":"http:\/\/promociondeeventos.sld.cu\/urologia2009\/"},"modified":"2009-11-01T23:54:21","modified_gmt":"2009-11-02T04:54:21","slug":"eventos-satelites","status":"publish","type":"page","link":"https:\/\/promociondeeventos.sld.cu\/urologia2009\/eventos-satelites\/","title":{"rendered":"Eventos convocados."},"content":{"rendered":"<p><span style=\"color: #cd3160\">Durante la celebraci\u00f3n de Urolog\u00eda 2009, los ur\u00f3logos centroamericanos y cubanos podremos asistir a varios eventos que sesionar\u00e1n simultaneamente, esta es una excelente oportunidad de ampliar nuestros conocimientos y relaciones con otros especialistas de las mas variadas partes del mundo que asumiran temas de amplio inter\u00e9s y actualidad.<\/span><\/p>\n<p><span style=\"color: #cd3160\">Eventos principales convocados:<\/span><\/p>\n<ul>\n<li><span style=\"color: #cd3160\">XII Congreso Centroamericano\u00a0y del Caribe\u00a0de Urolog\u00eda.\u00a0<\/span><\/li>\n<li><span style=\"color: #cd3160\">XIX Congreso Cubano de Urolog\u00eda.\u00a0<\/span><\/li>\n<li><span style=\"color: #cd3160\">III Encuentro Iberoamericano de Ondas de Choque y Endourolog\u00eda.<\/span><\/li>\n<li><span style=\"color: #cd3160\">I Jornada Iberoamericana de Enfermer\u00eda Ur\u00f3logica.<\/span><\/li>\n<\/ul>\n<p><span style=\"color: #cd3160\">Otros Eventos y Conferencias Sat\u00e9lites:<\/span><\/p>\n<ul>\n<li><span style=\"color: #cd3160\">Primer Encuentro de Ur\u00f3logos Graduados en Cuba.\u00a0 (Contacto: Dr. Roberto S\u00e1nchez Tamaki. <a href=\"mailto:tamaki@infomed.sld.cu\"><strong>tamaki@infomed.sld.cu<\/strong><\/a>)<\/span><\/li>\n<li><span style=\"color: #cd3160\">Curso SLAMS. <\/span><\/li>\n<\/ul>\n","protected":false},"excerpt":{"rendered":"<p>Durante la celebraci\u00f3n de Urolog\u00eda 2009, los ur\u00f3logos centroamericanos y cubanos podremos asistir a varios eventos que sesionar\u00e1n simultaneamente, esta es una excelente oportunidad de ampliar nuestros conocimientos y relaciones con otros especialistas de las mas variadas partes del mundo que asumiran temas de amplio inter\u00e9s y actualidad. Eventos principales convocados: XII Congreso Centroamericano\u00a0y del [&hellip;]<\/p>\n","protected":false},"author":16,"featured_media":0,"parent":0,"menu_order":7,"comment_status":"open","ping_status":"open","template":"","meta":[],"_links":{"self":[{"href":"https:\/\/promociondeeventos.sld.cu\/urologia2009\/wp-json\/wp\/v2\/pages\/31"}],"collection":[{"href":"https:\/\/promociondeeventos.sld.cu\/urologia2009\/wp-json\/wp\/v2\/pages"}],"about":[{"href":"https:\/\/promociondeeventos.sld.cu\/urologia2009\/wp-json\/wp\/v2\/types\/page"}],"author":[{"embeddable":true,"href":"https:\/\/promociondeeventos.sld.cu\/urologia2009\/wp-json\/wp\/v2\/users\/16"}],"replies":[{"embeddable":true,"href":"https:\/\/promociondeeventos.sld.cu\/urologia2009\/wp-json\/wp\/v2\/comments?post=31"}],"version-history":[{"count":1,"href":"https:\/\/promociondeeventos.sld.cu\/urologia2009\/wp-json\/wp\/v2\/pages\/31\/revisions"}],"predecessor-version":[{"id":151,"href":"https:\/\/promociondeeventos.sld.cu\/urologia2009\/wp-json\/wp\/v2\/pages\/31\/revisions\/151"}],"wp:attachment":[{"href":"https:\/\/promociondeeventos.sld.cu\/urologia2009\/wp-json\/wp\/v2\/media?parent=31"}],"curies":[{"name":"wp","href":"https:\/\/api.w.org\/{rel}","templated":true}]}}