{"id":3,"date":"2008-04-03T11:29:27","date_gmt":"2008-04-03T16:29:27","guid":{"rendered":"http:\/\/promociondeeventos.sld.cu\/urologia2009\/"},"modified":"2009-11-01T23:25:10","modified_gmt":"2009-11-02T04:25:10","slug":"convocatoria","status":"publish","type":"page","link":"https:\/\/promociondeeventos.sld.cu\/urologia2009\/","title":{"rendered":"Convocatoria"},"content":{"rendered":"<p><a title=\"logo.JPG\" href=\"http:\/\/promociondeeventos.sld.cu\/urologia2009\/files\/2008\/04\/logo.JPG\"><\/a><a title=\"logo.JPG\" href=\"http:\/\/promociondeeventos.sld.cu\/urologia2009\/files\/2008\/04\/logo.JPG\"><\/a><\/p>\n<p align=\"center\"><a title=\"Sociedad Cubana de Urolog\u00e1\" href=\"http:\/\/promociondeeventos.sld.cu\/urologia2009\/files\/2008\/04\/sociedad.JPG\"><span style=\"color: #ff0000\"><img decoding=\"async\" src=\"http:\/\/promociondeeventos.sld.cu\/urologia2009\/files\/2008\/04\/sociedad.thumbnail.JPG\" border=\"0\" alt=\"Sociedad Cubana de Urolog\u00e1\" hspace=\"5\" vspace=\"5\" align=\"left\" \/><\/span><\/a><\/p>\n<p><span style=\"color: #92061f\">Estimados colegas:<\/span><\/p>\n<p><span style=\"color: #92061f\">La Sociedad Cubana de Urolog\u00eda se complace en invitarles a participar en Urolog\u00eda 2009, que se realizar\u00e1 en el Palacio de Convenciones de la Habana entre el 7 y el 11 de Diciembre de 2009. En este marco realizaremos el <strong>XII Congreso Centroamericano y del Caribe de Urolog\u00eda<\/strong>, que hemos hecho coincidir con nuestro <strong>XIX Congreso de la Sociedad Cubana de Urolog\u00eda<\/strong>. Estas citas, donde est\u00e1n convocados importantes profesores de Ibero Am\u00e9rica y los Estados Unidos, nos permitir\u00e1n, adem\u00e1s de conocernos mejor, compartir y aprender de las experiencias de nuestros colegas centroamericanos y caribe\u00f1os.<br \/>\nEl tormentoso y c\u00e1lido Mar Caribe, reposar\u00e1 y ofrecer\u00e1 sus m\u00e1s frescas brisas para que podamos unir esfuerzos cient\u00edficos regionales y compartir momentos de regocijo y sano placer.<\/span><\/p>\n<p><span style=\"color: #92061f\">Comit\u00e9 Organizador<\/span><\/p>\n<p><span style=\"color: #92061f\">Acceder desde el extranjero: <a href=\"http:\/\/www.urologiacuba.com\"><strong>(AQUI)<\/strong><\/a><\/span><\/p>\n<p><span style=\"color: #92061f\">Foreign access: <a href=\"http:\/\/www.urologiacuba.com\"><strong>(HERE)<\/strong><\/a><\/span><\/p>\n<p><span style=\"color: #92061f\"><img decoding=\"async\" loading=\"lazy\" class=\"alignnone size-full wp-image-34\" src=\"http:\/\/promociondeeventos.sld.cu\/urologia2009\/files\/2009\/02\/paho2003_1.gif\" alt=\"OPS\" width=\"131\" height=\"51\" \/>\u00a0\u00a0<img decoding=\"async\" loading=\"lazy\" class=\"alignnone size-full wp-image-32\" src=\"http:\/\/promociondeeventos.sld.cu\/urologia2009\/files\/2009\/01\/slams.jpg\" alt=\"SLAMS\" width=\"79\" height=\"60\" \/>\u00a0 \u00a0 <img decoding=\"async\" loading=\"lazy\" class=\"alignnone size-full wp-image-30\" src=\"http:\/\/promociondeeventos.sld.cu\/urologia2009\/files\/2008\/10\/cau.jpg\" alt=\"Logo CAU\" width=\"65\" height=\"60\" \/>\u00a0 \u00a0 <img decoding=\"async\" loading=\"lazy\" class=\"alignnone size-thumbnail wp-image-16\" src=\"http:\/\/promociondeeventos.sld.cu\/urologia2009\/files\/2008\/06\/sociedad.thumbnail.JPG\" alt=\"Logo Sociedad\" width=\"40\" height=\"57\" \/><\/span><\/p>\n","protected":false},"excerpt":{"rendered":"<p>Estimados colegas: La Sociedad Cubana de Urolog\u00eda se complace en invitarles a participar en Urolog\u00eda 2009, que se realizar\u00e1 en el Palacio de Convenciones de la Habana entre el 7 y el 11 de Diciembre de 2009. En este marco realizaremos el XII Congreso Centroamericano y del Caribe de Urolog\u00eda, que hemos hecho coincidir con [&hellip;]<\/p>\n","protected":false},"author":16,"featured_media":0,"parent":0,"menu_order":0,"comment_status":"open","ping_status":"open","template":"","meta":[],"_links":{"self":[{"href":"https:\/\/promociondeeventos.sld.cu\/urologia2009\/wp-json\/wp\/v2\/pages\/3"}],"collection":[{"href":"https:\/\/promociondeeventos.sld.cu\/urologia2009\/wp-json\/wp\/v2\/pages"}],"about":[{"href":"https:\/\/promociondeeventos.sld.cu\/urologia2009\/wp-json\/wp\/v2\/types\/page"}],"author":[{"embeddable":true,"href":"https:\/\/promociondeeventos.sld.cu\/urologia2009\/wp-json\/wp\/v2\/users\/16"}],"replies":[{"embeddable":true,"href":"https:\/\/promociondeeventos.sld.cu\/urologia2009\/wp-json\/wp\/v2\/comments?post=3"}],"version-history":[{"count":2,"href":"https:\/\/promociondeeventos.sld.cu\/urologia2009\/wp-json\/wp\/v2\/pages\/3\/revisions"}],"predecessor-version":[{"id":144,"href":"https:\/\/promociondeeventos.sld.cu\/urologia2009\/wp-json\/wp\/v2\/pages\/3\/revisions\/144"}],"wp:attachment":[{"href":"https:\/\/promociondeeventos.sld.cu\/urologia2009\/wp-json\/wp\/v2\/media?parent=3"}],"curies":[{"name":"wp","href":"https:\/\/api.w.org\/{rel}","templated":true}]}}