{"id":291,"date":"2013-03-30T12:06:34","date_gmt":"2013-03-30T17:06:34","guid":{"rendered":"http:\/\/promociondeeventos.sld.cu\/urologia2009\/?page_id=291"},"modified":"2013-03-30T12:07:31","modified_gmt":"2013-03-30T17:07:31","slug":"palabras-de-clausura","status":"publish","type":"page","link":"https:\/\/promociondeeventos.sld.cu\/urologia2009\/palabras-de-clausura\/","title":{"rendered":"Palabras de clausura"},"content":{"rendered":"<p>Estimados Colegas y Amigos:<\/p>\n<p>Agradecemos en primer lugar a los profesores y delegados, extranjeros y cubanos, que nos apoyaron en la celebraci\u00f3n del Congreso. A los enfermeros y enfermeras que participaran con entusiasmo y asimilaron este reto como suyo.<\/p>\n<p>A los compa\u00f1eros organizadores del Palacio de las Convenciones, en especial a las compa\u00f1eras Alicia Garc\u00eda, Octavio P\u00e9rez e Hidelisa Rodr\u00edguez, quienes contribuyeron con su experiencia y dulzura al mejor desarrollo del encuentro.<\/p>\n<p>Al Consejo de Sociedades Cient\u00edficas por su gu\u00eda y apoyo.<\/p>\n<p>Al Ingeniero Eduardo Gonz\u00e1lez Tour operador de Cubacan Eventos, quien ha puesto su esfuerzo en esta cita.<\/p>\n<p>A los patrocinadores: Aztra Zeneca, Karl Storz, Bayer Schering, Boehringer Ingelheim Promeco, Sanofi Aventis, Assut Europe, Olympus, Alphamedic, Copa Airlines y a la Unidad  Nacional para el Control del C\u00e1ncer.<\/p>\n<p>Deseo tambi\u00e9n expresar el m\u00e1s sincero agradecimiento a mis compa\u00f1eros del Comit\u00e9 Organizador del Congreso, a los miembros de mi servicio de Urolog\u00eda y a nuestros familiares que nos permitieron organizar la celebraci\u00f3n del evento y nos brindaron todo su apoyo y amistad durante su celebraci\u00f3n.<\/p>\n<p>A todos a los que hemos nombrado y a los que seguro hemos omitido, muchas gracias.<\/p>\n<p>El Congreso que hoy\u00a0 clausuramos es el principal evento cient\u00edfico que se propuso la Sociedad Cubana de Urolog\u00eda en este mandato durante el cual creemos hemos\u00a0 logrado:<\/p>\n<ol>\n<li>Impulsar el desarrollo cient\u00edfico de los ur\u00f3logos cubanos.<\/li>\n<li>Mejorar la organizaci\u00f3n de la Sociedad Cubana de Urolog\u00eda en todos sus niveles.<\/li>\n<li>Estimular el intercambio cient\u00edfico con ur\u00f3logos de las mas variadas partes del Mundo<\/li>\n<\/ol>\n<p>Pero a\u00fan no estamos satisfechos, no hemos llegado al final del camino, apenas estamos comenzando.<\/p>\n<p>Nuestras tareas m\u00e1s inmediatas ser\u00e1n estimular la organizaci\u00f3n de la actividad cient\u00edfica en los cap\u00edtulos provinciales y el apoyo con sus publicaciones a la 1ra Revista Cubana de Urolog\u00eda para convertirla en el sitio en que nuestra Urolog\u00eda Cubana expondr\u00e1 su quehacer cient\u00edfico e investigativo.<\/p>\n<p>El evento ha servido por igual para aprender, confraternizar, reencontrarnos, divertirnos, bailar y para recopilar la energ\u00eda necesaria para una nueva etapa.<\/p>\n<p>Nos vemos en el pr\u00f3ximo Congreso Cubano de Urolog\u00eda.<\/p>\n<p>Declaramos clausurado el Congreso<\/p>\n<p>Gracias a todos.<\/p>\n<p>Dr. Octavio Manuel De La  Concepci\u00f3n G\u00f3mez.<\/p>\n<p>Presidente del Comit\u00e9 Organizador.<\/p>\n","protected":false},"excerpt":{"rendered":"<p>Estimados Colegas y Amigos: Agradecemos en primer lugar a los profesores y delegados, extranjeros y cubanos, que nos apoyaron en la celebraci\u00f3n del Congreso. A los enfermeros y enfermeras que participaran con entusiasmo y asimilaron este reto como suyo. A los compa\u00f1eros organizadores del Palacio de las Convenciones, en especial a las compa\u00f1eras Alicia Garc\u00eda, [&hellip;]<\/p>\n","protected":false},"author":1,"featured_media":0,"parent":0,"menu_order":10,"comment_status":"closed","ping_status":"closed","template":"","meta":[],"_links":{"self":[{"href":"https:\/\/promociondeeventos.sld.cu\/urologia2009\/wp-json\/wp\/v2\/pages\/291"}],"collection":[{"href":"https:\/\/promociondeeventos.sld.cu\/urologia2009\/wp-json\/wp\/v2\/pages"}],"about":[{"href":"https:\/\/promociondeeventos.sld.cu\/urologia2009\/wp-json\/wp\/v2\/types\/page"}],"author":[{"embeddable":true,"href":"https:\/\/promociondeeventos.sld.cu\/urologia2009\/wp-json\/wp\/v2\/users\/1"}],"replies":[{"embeddable":true,"href":"https:\/\/promociondeeventos.sld.cu\/urologia2009\/wp-json\/wp\/v2\/comments?post=291"}],"version-history":[{"count":2,"href":"https:\/\/promociondeeventos.sld.cu\/urologia2009\/wp-json\/wp\/v2\/pages\/291\/revisions"}],"predecessor-version":[{"id":293,"href":"https:\/\/promociondeeventos.sld.cu\/urologia2009\/wp-json\/wp\/v2\/pages\/291\/revisions\/293"}],"wp:attachment":[{"href":"https:\/\/promociondeeventos.sld.cu\/urologia2009\/wp-json\/wp\/v2\/media?parent=291"}],"curies":[{"name":"wp","href":"https:\/\/api.w.org\/{rel}","templated":true}]}}