{"id":289,"date":"2013-03-30T12:03:44","date_gmt":"2013-03-30T17:03:44","guid":{"rendered":"http:\/\/promociondeeventos.sld.cu\/urologia2009\/?page_id=289"},"modified":"2013-03-30T12:03:44","modified_gmt":"2013-03-30T17:03:44","slug":"relatoria-del-evento","status":"publish","type":"page","link":"https:\/\/promociondeeventos.sld.cu\/urologia2009\/relatoria-del-evento\/","title":{"rendered":"Relator\u00eda del evento"},"content":{"rendered":"<p>Por Dra. Tania Gonz\u00e1lez Le\u00f3n.<\/p>\n<p>Despu\u00e9s de un arduo trabajo de organizaci\u00f3n que comenz\u00f3 hace 2 a\u00f1os, sentimos la satisfacci\u00f3n de haber desarrollado con \u00e9xito este magn\u00edfico evento cuyo mejor fruto es haber brindado 5 d\u00edas de intercambio cient\u00edfico que han se\u00f1alado el camino que debemos seguir para el trabajo futuro .<\/p>\n<p>Sesionaron 6 Cursos Precongreso<\/p>\n<p>&#8211;\u00a0\u00a0\u00a0\u00a0\u00a0\u00a0\u00a0\u00a0\u00a0 Actualizaci\u00f3n en Infecci\u00f3n Urinaria<\/p>\n<p>&#8211;\u00a0\u00a0\u00a0\u00a0\u00a0\u00a0\u00a0\u00a0\u00a0 Hipospadias<\/p>\n<p>&#8211;\u00a0\u00a0\u00a0\u00a0\u00a0\u00a0\u00a0\u00a0\u00a0 Cirug\u00eda Laparosc\u00f3pica urol\u00f3gica pedi\u00e1trica<\/p>\n<p>&#8211;\u00a0\u00a0\u00a0\u00a0\u00a0\u00a0\u00a0\u00a0\u00a0 Androlog\u00eda<\/p>\n<p>&#8211;\u00a0\u00a0\u00a0\u00a0\u00a0\u00a0\u00a0\u00a0\u00a0 C\u00e1ncer prost\u00e1tico<\/p>\n<p>&#8211;\u00a0\u00a0\u00a0\u00a0\u00a0\u00a0\u00a0\u00a0\u00a0 Actualizaci\u00f3n en Nefrolitotom\u00eda Percut\u00e1nea<\/p>\n<p>Con una importante participaci\u00f3n de Profesores extranjeros\u00a0 y nacionales y una matr\u00edcula de 200 participantes de varias especialidades no solo urol\u00f3gicas.<\/p>\n<p>Desde el pasado martes sesion\u00f3 el evento en el que se trataron como temas principales:<\/p>\n<p>&#8211;\u00a0\u00a0\u00a0\u00a0\u00a0\u00a0\u00a0\u00a0\u00a0 Endourolog\u00eda<\/p>\n<p>&#8211;\u00a0\u00a0\u00a0\u00a0\u00a0\u00a0\u00a0\u00a0\u00a0 Uroncolog\u00eda<\/p>\n<p>&#8211;\u00a0\u00a0\u00a0\u00a0\u00a0\u00a0\u00a0\u00a0\u00a0 Uropediatr\u00eda<\/p>\n<p>&#8211;\u00a0\u00a0\u00a0\u00a0\u00a0\u00a0\u00a0\u00a0\u00a0 Uroenfermer\u00eda<\/p>\n<p>&#8211;\u00a0\u00a0\u00a0\u00a0\u00a0\u00a0\u00a0\u00a0\u00a0 Androlog\u00eda y Medicina Sexual<\/p>\n<p>&#8211;\u00a0\u00a0\u00a0\u00a0\u00a0\u00a0\u00a0\u00a0\u00a0 Trasplante renal<\/p>\n<p>Asistieron 25 Profesores extranjeros de M\u00e9xico, Argentina, Estados Unidos, Colombia, Espa\u00f1a, Chile, Rep\u00fablica Dominicana, Alemania, Australia, Panam\u00e1 y Brasil, quienes accedieron desde el primer momento de la organizaci\u00f3n del congreso a participar con el principal prop\u00f3sito de poner en manos de los ur\u00f3logos cubanos, los m\u00e1s novedosos temas de la Urolog\u00eda que hoy se debaten a nivel internacional.<\/p>\n<p>Participaron 250 Delegados cubanos y 150 extranjeros de m\u00e1s de 30 pa\u00edses que contribuyeron con su presencia, su apoyo y disciplina a la celebraci\u00f3n del Congreso.<\/p>\n<p>Se presentaron\u00a0 2 simposios,\u00a0 13 mesas redondas, 68 conferencias magistrales, 45 temas libres, 24 videos, 172 trabajos en p\u00f3ster y se hizo la presentaci\u00f3n del libro: Manual de Enfermer\u00eda para Procedimientos Endourol\u00f3gicos y Cirug\u00eda M\u00ednimamente Invasiva Urol\u00f3gica.<\/p>\n<p>Se realiz\u00f3 tambi\u00e9n el emotivo Ier Encuentro de Ur\u00f3logos Extranjeros graduados en Cuba, con la intervenci\u00f3n de colegas venezolanos y saharauis.<\/p>\n<p>Como hemos visto en im\u00e1genes no solo trabajamos tambi\u00e9n participamos en actividades sociales que nos permitieron confraternizar.<\/p>\n<p>Queremos aprovechar la oportunidad para en nombre los ur\u00f3logos cubanos reconocer la encomiable labor que realiz\u00f3 el Dr. Octavio De La Concepci\u00f3n  G\u00f3mez, Presidente del Comit\u00e9 Organizador y Presidente de la Sociedad Cubana de Urolog\u00eda.<\/p>\n<p>Gracias en nombre de todos por haber dedicado muchas horas al \u00e9xito de esta reuni\u00f3n cient\u00edfica.<\/p>\n<p>Pedimos un fuerte aplauso y el Dr. Castillo entrega un diploma de reconocimiento.<\/p>\n<p>Gracias.<\/p>\n","protected":false},"excerpt":{"rendered":"<p>Por Dra. Tania Gonz\u00e1lez Le\u00f3n. Despu\u00e9s de un arduo trabajo de organizaci\u00f3n que comenz\u00f3 hace 2 a\u00f1os, sentimos la satisfacci\u00f3n de haber desarrollado con \u00e9xito este magn\u00edfico evento cuyo mejor fruto es haber brindado 5 d\u00edas de intercambio cient\u00edfico que han se\u00f1alado el camino que debemos seguir para el trabajo futuro . Sesionaron 6 Cursos [&hellip;]<\/p>\n","protected":false},"author":1,"featured_media":0,"parent":0,"menu_order":11,"comment_status":"closed","ping_status":"closed","template":"","meta":[],"_links":{"self":[{"href":"https:\/\/promociondeeventos.sld.cu\/urologia2009\/wp-json\/wp\/v2\/pages\/289"}],"collection":[{"href":"https:\/\/promociondeeventos.sld.cu\/urologia2009\/wp-json\/wp\/v2\/pages"}],"about":[{"href":"https:\/\/promociondeeventos.sld.cu\/urologia2009\/wp-json\/wp\/v2\/types\/page"}],"author":[{"embeddable":true,"href":"https:\/\/promociondeeventos.sld.cu\/urologia2009\/wp-json\/wp\/v2\/users\/1"}],"replies":[{"embeddable":true,"href":"https:\/\/promociondeeventos.sld.cu\/urologia2009\/wp-json\/wp\/v2\/comments?post=289"}],"version-history":[{"count":1,"href":"https:\/\/promociondeeventos.sld.cu\/urologia2009\/wp-json\/wp\/v2\/pages\/289\/revisions"}],"predecessor-version":[{"id":290,"href":"https:\/\/promociondeeventos.sld.cu\/urologia2009\/wp-json\/wp\/v2\/pages\/289\/revisions\/290"}],"wp:attachment":[{"href":"https:\/\/promociondeeventos.sld.cu\/urologia2009\/wp-json\/wp\/v2\/media?parent=289"}],"curies":[{"name":"wp","href":"https:\/\/api.w.org\/{rel}","templated":true}]}}