{"id":19,"date":"2008-06-10T22:09:01","date_gmt":"2008-06-11T03:09:01","guid":{"rendered":"http:\/\/promociondeeventos.sld.cu\/urologia2009\/"},"modified":"2009-11-30T00:30:31","modified_gmt":"2009-11-30T05:30:31","slug":"profesores-invitados","status":"publish","type":"page","link":"https:\/\/promociondeeventos.sld.cu\/urologia2009\/profesores-invitados\/","title":{"rendered":"Profesores Invitados"},"content":{"rendered":"<p><span style=\"color: #ff0000\">Los siguientes profesores han confirmado su asistencia a nuestro congreso.<\/span><\/p>\n<p><a title=\"bandera-australia.jpg\" href=\"http:\/\/promociondeeventos.sld.cu\/urologia2009\/files\/2008\/06\/bandera-australia.jpg\"><\/a><\/p>\n<p><a title=\"bandera-australia.jpg\" href=\"http:\/\/promociondeeventos.sld.cu\/urologia2009\/files\/2008\/06\/bandera-australia.jpg\"><\/a><a title=\"bandera-australia.jpg\" href=\"http:\/\/promociondeeventos.sld.cu\/urologia2009\/files\/2008\/06\/bandera-australia.jpg\"><\/a><a title=\"bandera-australia.jpg\" href=\"http:\/\/promociondeeventos.sld.cu\/urologia2009\/files\/2008\/06\/bandera-australia.jpg\"><\/a><\/p>\n<ul>\n<li><span style=\"color: #ff0000\">Dr. Antonio Alcaraz. Espa\u00f1a.<\/span><\/li>\n<li><span style=\"color: #ff0000\">Dr. Joan Palou. Espa\u00f1a.<\/span><\/li>\n<li><span style=\"color: #ff0000\">Dr. Gaspar Ibarlucea. Espa\u00f1a.<\/span><\/li>\n<li><span style=\"color: #ff0000\">Dr. Rafael Prieto. Espa\u00f1a.<\/span><\/li>\n<li><span style=\"color: #ff0000\">Dr. Jose Maria Pomerol. Espa\u00f1a.<\/span><\/li>\n<li><span style=\"color: #ff0000\">Dra. Ana Puigvert. Espa\u00f1a.<\/span><\/li>\n<li><span style=\"color: #ff0000\">Dra. Mar\u00eda Luisa Calle. Espa\u00f1a.<\/span><\/li>\n<li><span style=\"color: #ff0000\">Dr. Mariano Rosell\u00f3 Barbar\u00e1. Espa\u00f1a.<\/span><\/li>\n<li><span style=\"color: #ff0000\">Dr. Antonio Fern\u00e1ndez Rodr\u00edguez. Espa\u00f1a.<\/span><\/li>\n<li><span style=\"color: #ff0000\">Lic. Enfermeria Ana Quintanilla Sanz. Espa\u00f1a.<\/span><\/li>\n<li><span style=\"color: #ff0000\">Dr. Joao Afif Abdo. Brasil<\/span><\/li>\n<li><span style=\"color: #ff0000\">Dr. Octavio Castillo. Chile.<\/span><\/li>\n<li><span style=\"color: #ff0000\">Dr. Cristian Huidobro. Chile.<\/span><\/li>\n<li><span style=\"color: #ff0000\">Dr. Ricardo Zubieta.Chile<\/span><\/li>\n<li><span style=\"color: #ff0000\">Dr. Miguel Fiallo. Republica Dominicana.<\/span><\/li>\n<li><span style=\"color: #ff0000\">Dr. Jorge Gutierrez Aceves. M\u00e9xico.<\/span><\/li>\n<li><span style=\"color: #ff0000\">Dr. Miguel Gonz\u00e1lez Dom\u00ednguez. M\u00e9xico.<\/span><\/li>\n<li><span style=\"color: #ff0000\">Dr. Fernando Ugarte. M\u00e9xico<\/span><\/li>\n<li><span style=\"color: #ff0000\">Dr. Peter Dael. Argentina.<\/span><\/li>\n<li><span style=\"color: #ff0000\">Dr. Norberto Bernardo. Argentina<\/span><\/li>\n<li><span style=\"color: #ff0000\">Dr. Adr\u00edan Momesso. Argentina<\/span><\/li>\n<li><span style=\"color: #ff0000\">Dr. Mark Soloway. Estados Unidos de Norteam\u00e9rica.<\/span><\/li>\n<li><span style=\"color: #ff0000\">Dr. Laurence Levine. Estados Unidos de Norteam\u00e9rica.<\/span><\/li>\n<li><span style=\"color: #ff0000\">Dr. Steven G. Docimo. Estados Unidos de Norteam\u00e9rica.<\/span><\/li>\n<li><span style=\"color: #ff0000\">Dr. Gaetano Ciancio. Estados Unidos de Norteamerica.<\/span><\/li>\n<li><span style=\"color: #ff0000\">Dr. Federico Escobar. Colombia.<\/span><\/li>\n<li><span style=\"color: #ff0000\">Dr. Ricardo Alvarez. Colombia.<\/span><\/li>\n<li><span style=\"color: #ff0000\">Dr. Paddy Dewan. Australia.<\/span><\/li>\n<li><span style=\"color: #ff0000\">Dr. Peter Altahus. Alemania.<\/span><\/li>\n<li><span style=\"color: #ff0000\">Dr. Jean-Luc Hoepffner. Francia.<\/span><\/li>\n<li><span style=\"color: #ff0000\">Dr. David Hickey. Irlanda.<\/span><\/li>\n<li><span style=\"color: #ff0000\">Dr. Angel A Alvarado. Panam\u00e1<\/span><\/li>\n<li><span style=\"color: #ff0000\">Dr. Marcos Young. Panam\u00e1<\/span><\/li>\n<li><span style=\"color: #ff0000\">Dr. Materno V\u00e1squez. Panam\u00e1<\/span><\/li>\n<\/ul>\n","protected":false},"excerpt":{"rendered":"<p>Los siguientes profesores han confirmado su asistencia a nuestro congreso. Dr. Antonio Alcaraz. Espa\u00f1a. Dr. Joan Palou. Espa\u00f1a. Dr. Gaspar Ibarlucea. Espa\u00f1a. Dr. Rafael Prieto. Espa\u00f1a. Dr. Jose Maria Pomerol. Espa\u00f1a. Dra. Ana Puigvert. Espa\u00f1a. Dra. Mar\u00eda Luisa Calle. Espa\u00f1a. Dr. Mariano Rosell\u00f3 Barbar\u00e1. Espa\u00f1a. Dr. Antonio Fern\u00e1ndez Rodr\u00edguez. Espa\u00f1a. Lic. Enfermeria Ana Quintanilla Sanz. [&hellip;]<\/p>\n","protected":false},"author":16,"featured_media":0,"parent":0,"menu_order":7,"comment_status":"open","ping_status":"open","template":"","meta":[],"_links":{"self":[{"href":"https:\/\/promociondeeventos.sld.cu\/urologia2009\/wp-json\/wp\/v2\/pages\/19"}],"collection":[{"href":"https:\/\/promociondeeventos.sld.cu\/urologia2009\/wp-json\/wp\/v2\/pages"}],"about":[{"href":"https:\/\/promociondeeventos.sld.cu\/urologia2009\/wp-json\/wp\/v2\/types\/page"}],"author":[{"embeddable":true,"href":"https:\/\/promociondeeventos.sld.cu\/urologia2009\/wp-json\/wp\/v2\/users\/16"}],"replies":[{"embeddable":true,"href":"https:\/\/promociondeeventos.sld.cu\/urologia2009\/wp-json\/wp\/v2\/comments?post=19"}],"version-history":[{"count":16,"href":"https:\/\/promociondeeventos.sld.cu\/urologia2009\/wp-json\/wp\/v2\/pages\/19\/revisions"}],"predecessor-version":[{"id":56,"href":"https:\/\/promociondeeventos.sld.cu\/urologia2009\/wp-json\/wp\/v2\/pages\/19\/revisions\/56"}],"wp:attachment":[{"href":"https:\/\/promociondeeventos.sld.cu\/urologia2009\/wp-json\/wp\/v2\/media?parent=19"}],"curies":[{"name":"wp","href":"https:\/\/api.w.org\/{rel}","templated":true}]}}