{"id":18,"date":"2008-06-02T14:59:00","date_gmt":"2008-06-02T19:59:00","guid":{"rendered":"http:\/\/promociondeeventos.sld.cu\/urologia2009\/"},"modified":"2008-10-19T10:05:42","modified_gmt":"2008-10-19T15:05:42","slug":"editor-del-sitio","status":"publish","type":"page","link":"https:\/\/promociondeeventos.sld.cu\/urologia2009\/editor-del-sitio\/","title":{"rendered":"Editor del sitio"},"content":{"rendered":"<p><font color=\"#ff0000\">Dr. Octavio Manuel De La Concepci\u00f3n G\u00f3mez<br \/>\nEspecialista de II Grado en Urolog\u00eda. Profesor Asistente de Urolog\u00eda. Investigador Agregado.<\/font><\/p>\n<p><font color=\"#ff0000\">Presidente del Comit\u00e9 Organizador.<\/font><\/p>\n<p><font color=\"#ff0000\">Direcci\u00f3n Postal: Instituto de Nefrolog\u00eda. \u00abAbelardo Buch L\u00f3pez\u00bb. Ave 26 y Rancho Boyeros. Plaza. CP 10600. La Habana. Cuba.<\/font><\/p>\n<p><font color=\"#ff0000\">email: <\/font><a href=\"mailto:tavo@infomed.sld.cu\"><font color=\"#0000ff\">tavo@infomed.sld.cu<\/font><\/a><\/p>\n<p><font color=\"#ff0000\">Telefonos: +537-8816664. Oficinas.<\/font><\/p>\n<p><font color=\"#ff0000\">\u00a0\u00a0\u00a0\u00a0\u00a0\u00a0\u00a0\u00a0\u00a0\u00a0\u00a0\u00a0\u00a0\u00a0\u00a0\u00a0\u00a0\u00a0 +537-8812413. Tele\/FAX<\/font><\/p>\n<p><font color=\"#ff0000\">\u00a0\u00a0\u00a0\u00a0\u00a0\u00a0\u00a0\u00a0\u00a0\u00a0\u00a0\u00a0\u00a0\u00a0\u00a0<\/font><\/p>\n","protected":false},"excerpt":{"rendered":"<p>Dr. Octavio Manuel De La Concepci\u00f3n G\u00f3mez Especialista de II Grado en Urolog\u00eda. Profesor Asistente de Urolog\u00eda. Investigador Agregado. Presidente del Comit\u00e9 Organizador. Direcci\u00f3n Postal: Instituto de Nefrolog\u00eda. \u00abAbelardo Buch L\u00f3pez\u00bb. Ave 26 y Rancho Boyeros. Plaza. CP 10600. La Habana. Cuba. email: tavo@infomed.sld.cu Telefonos: +537-8816664. Oficinas. \u00a0\u00a0\u00a0\u00a0\u00a0\u00a0\u00a0\u00a0\u00a0\u00a0\u00a0\u00a0\u00a0\u00a0\u00a0\u00a0\u00a0\u00a0 +537-8812413. Tele\/FAX \u00a0\u00a0\u00a0\u00a0\u00a0\u00a0\u00a0\u00a0\u00a0\u00a0\u00a0\u00a0\u00a0\u00a0\u00a0<\/p>\n","protected":false},"author":16,"featured_media":0,"parent":0,"menu_order":12,"comment_status":"closed","ping_status":"closed","template":"","meta":[],"_links":{"self":[{"href":"https:\/\/promociondeeventos.sld.cu\/urologia2009\/wp-json\/wp\/v2\/pages\/18"}],"collection":[{"href":"https:\/\/promociondeeventos.sld.cu\/urologia2009\/wp-json\/wp\/v2\/pages"}],"about":[{"href":"https:\/\/promociondeeventos.sld.cu\/urologia2009\/wp-json\/wp\/v2\/types\/page"}],"author":[{"embeddable":true,"href":"https:\/\/promociondeeventos.sld.cu\/urologia2009\/wp-json\/wp\/v2\/users\/16"}],"replies":[{"embeddable":true,"href":"https:\/\/promociondeeventos.sld.cu\/urologia2009\/wp-json\/wp\/v2\/comments?post=18"}],"version-history":[{"count":0,"href":"https:\/\/promociondeeventos.sld.cu\/urologia2009\/wp-json\/wp\/v2\/pages\/18\/revisions"}],"wp:attachment":[{"href":"https:\/\/promociondeeventos.sld.cu\/urologia2009\/wp-json\/wp\/v2\/media?parent=18"}],"curies":[{"name":"wp","href":"https:\/\/api.w.org\/{rel}","templated":true}]}}