{"id":15,"date":"2008-04-21T09:35:38","date_gmt":"2008-04-21T14:35:38","guid":{"rendered":"http:\/\/promociondeeventos.sld.cu\/urologia2009\/contactos\/"},"modified":"2009-06-06T10:11:23","modified_gmt":"2009-06-06T15:11:23","slug":"contactos","status":"publish","type":"page","link":"https:\/\/promociondeeventos.sld.cu\/urologia2009\/contactos\/","title":{"rendered":"Contactos"},"content":{"rendered":"<p><font color=\"#ff0000\"><strong>Comit\u00e9 Organizador<\/strong><br \/>\nDr. Octavio Manuel De La Concepci\u00f3n G\u00f3mez<br \/>\nPresidente Comit\u00e9 Organizador<br \/>\nE-mail: <\/font><a href=\"mailto:tavo@infomed.sld.cu\"><font color=\"#0000ff\">tavo@infomed.sld.cu<\/font><\/a><\/p>\n<p><font color=\"#ff0000\"><strong>Palacio de Convenciones de La Habana <\/strong><br \/>\nLic. Alicia Garc\u00eda Gonz\u00e1lez Organizadora Profesional de Congresos<br \/>\nTel\u00e9f: 53 7 208 5199 Fax: 53 7 202 8382<br \/>\nE-mail: <\/font><a href=\"mailto:aliciag@palco.cu\"><font color=\"#0000ff\">aliciagarcia@palco.cu<\/font><\/a><\/p>\n<p><font color=\"#ff0000\">Web: <\/font><a href=\"http:\/\/www.cpalco.com\"><strong><font color=\"#0000ff\">www.cpalco.com<\/font><\/strong><\/a><\/p>\n<p><strong><font color=\"#ff0000\">INFORMACION ACTUALIZADA EN:<\/font><\/strong><\/p>\n<p align=\"center\"><a href=\"http:\/\/www.sld.cu\/sitios\/urologia\"><strong><font color=\"#0000ff\">www.sld.cu\/sitios\/urologia<\/font><\/strong><\/a><\/p>\n<p align=\"center\"><strong><a href=\"http:\/\/urologia2009.sld.cu\">http:\/\/urologia2009.sld.cu <\/a><\/strong><\/p>\n<p align=\"center\"><strong><a href=\"http:\/\/www.urologiacuba.com\/\">www.urologiacuba.com<\/a> <\/strong><\/p>\n<p><a href=\"http:\/\/promociondeeventos.sld.cu\/urologia2009\/files\/2008\/06\/sociedad1.JPG\" title=\"sociedad1.JPG\"><\/a><a href=\"http:\/\/promociondeeventos.sld.cu\/urologia2009\/files\/2008\/06\/sociedad1.JPG\" title=\"sociedad1.JPG\"><\/a><a href=\"http:\/\/promociondeeventos.sld.cu\/urologia2009\/files\/2008\/06\/sociedad1.JPG\" title=\"sociedad1.JPG\"><\/a><\/p>\n","protected":false},"excerpt":{"rendered":"<p>Comit\u00e9 Organizador Dr. Octavio Manuel De La Concepci\u00f3n G\u00f3mez Presidente Comit\u00e9 Organizador E-mail: tavo@infomed.sld.cu Palacio de Convenciones de La Habana Lic. Alicia Garc\u00eda Gonz\u00e1lez Organizadora Profesional de Congresos Tel\u00e9f: 53 7 208 5199 Fax: 53 7 202 8382 E-mail: aliciagarcia@palco.cu Web: www.cpalco.com INFORMACION ACTUALIZADA EN: www.sld.cu\/sitios\/urologia http:\/\/urologia2009.sld.cu www.urologiacuba.com<\/p>\n","protected":false},"author":16,"featured_media":0,"parent":0,"menu_order":12,"comment_status":"open","ping_status":"open","template":"","meta":[],"_links":{"self":[{"href":"https:\/\/promociondeeventos.sld.cu\/urologia2009\/wp-json\/wp\/v2\/pages\/15"}],"collection":[{"href":"https:\/\/promociondeeventos.sld.cu\/urologia2009\/wp-json\/wp\/v2\/pages"}],"about":[{"href":"https:\/\/promociondeeventos.sld.cu\/urologia2009\/wp-json\/wp\/v2\/types\/page"}],"author":[{"embeddable":true,"href":"https:\/\/promociondeeventos.sld.cu\/urologia2009\/wp-json\/wp\/v2\/users\/16"}],"replies":[{"embeddable":true,"href":"https:\/\/promociondeeventos.sld.cu\/urologia2009\/wp-json\/wp\/v2\/comments?post=15"}],"version-history":[{"count":0,"href":"https:\/\/promociondeeventos.sld.cu\/urologia2009\/wp-json\/wp\/v2\/pages\/15\/revisions"}],"wp:attachment":[{"href":"https:\/\/promociondeeventos.sld.cu\/urologia2009\/wp-json\/wp\/v2\/media?parent=15"}],"curies":[{"name":"wp","href":"https:\/\/api.w.org\/{rel}","templated":true}]}}