{"id":14,"date":"2008-04-21T09:21:30","date_gmt":"2008-04-21T14:21:30","guid":{"rendered":"http:\/\/promociondeeventos.sld.cu\/urologia2009\/"},"modified":"2009-10-28T12:28:11","modified_gmt":"2009-10-28T17:28:11","slug":"cuotas-de-inscripcion-y-alojamiento","status":"publish","type":"page","link":"https:\/\/promociondeeventos.sld.cu\/urologia2009\/cuotas-de-inscripcion-y-alojamiento\/","title":{"rendered":"Cuotas de inscripci\u00f3n y alojamiento"},"content":{"rendered":"<p style=\"text-align: center\"><strong><span style=\"color: #ff0000\">DELEGADOS NACIONALES:<\/span><\/strong><\/p>\n<p style=\"text-align: justify\"><strong><span style=\"color: #ff0000\">Estos han sido designados por los respectivos Cap\u00edtulos Provinciales de la Sociedad Cubana de Urolog\u00eda, seg\u00fan su grado de participaci\u00f3n (trabajos inscritos, participacion en mesas, conferencias, simposios, etc), intereses del cap\u00edtulo y posibilidades locales. <\/span><\/strong><\/p>\n<p style=\"text-align: justify\"><strong><span style=\"color: #ff0000\">Los profesores invitados de las provincias no cuentan en la cuota del cap\u00edtulo, al igual que los delegados de uropediatr\u00eda. <\/span><\/strong><strong><span style=\"color: #ff0000\">Se debe presentar comprobante de pago actualizado\u00a0de la Sociedad para las provincias de Ciudad de la Habana y La Habana (incluye Isla de la Juventud), el resto de las provincias a trav\u00e9s de sus cap\u00edtulos provinciales.<\/span><\/strong><\/p>\n<p style=\"text-align: justify\"><strong><span style=\"color: #ff0000\">La cuota de \u00a0inscripci\u00f3n incluye:<\/span><\/strong><\/p>\n<p style=\"text-align: justify\"><span style=\"color: #ff0000\"><strong>Delegados M\u00e9dicos\u00a0 Especialistas, Enfermeros y Residentes:<br \/>\n<\/strong>Credencial con acceso a todas las sesiones de trabajo del Congreso, documentaci\u00f3n (incluye el libro de programa &#8211; res\u00famenes y el CD con las memorias de la Conferencia), almuerzos, participaci\u00f3n en las actividades sociales, certificados de participante y autor. <span style=\"text-decoration: underline\">No incluye los gastos de transportaci\u00f3n y alojamiento en Ciudad de la Habana.<\/span><\/span><\/p>\n<p><strong><span style=\"color: #ff0000\">Medicos Especialistas:\u00a0\u00a0\u00a0 300.00 cup.<\/span><\/strong><\/p>\n<p><strong><span style=\"color: #ff0000\">Residentes*: 250.00 cup <\/span><\/strong><\/p>\n<p><strong><span style=\"color: #ff0000\">Enfermeros: 250. 00 cup<\/span><\/strong><\/p>\n<p><strong><span style=\"color: #ff0000\">* Residentes: Carta de aval de su jefe de Servicio y del presidente de su capitulo provincial, que confirme su aprobaci\u00f3n para participar en el Congreso.<\/span><\/strong><\/p>\n<p><em><strong><span style=\"text-decoration: underline\"><span style=\"color: #ff0000\">Cursos Precongreso: (ver p\u00e1gina de Programa Cient\u00edfico)<\/span><\/span><\/strong><\/em><\/p>\n<p><span style=\"color: #ff0000\">El costo de los cursos precongreso se abonar\u00e1n en el Centro Coordinar de Eventos\u00a0(Calle 15 esquina a 2. Vedado. Plaza.)\u00a0desde la semana anterior al evento.<\/span><\/p>\n<p><span style=\"color: #ff0000\">Uropediatr\u00eda: 30.00 cup.\u00a0* por cada curso.<\/span><\/p>\n<p><span style=\"color: #ff0000\">Endourolog\u00eda y CMI: 30.00 cup. *<\/span><\/p>\n<p><span style=\"color: #ff0000\">Actualizaci\u00f3n de Infecciones del Tracto Urinario: 30.00 cup.*<\/span><\/p>\n<p><span style=\"color: #ff0000\">C\u00e1ncer de Prostata y Uro-Oncolog\u00eda: Libre de cargo. Delegados por invitaci\u00f3n.<\/span><\/p>\n<p><span style=\"color: #ff0000\">* Delegados Extranjeros. Mismo precio en pesos cubanos convertibles (CUC)<\/span><\/p>\n<p style=\"text-align: center\"><strong><span style=\"color: #ff0000\">DELEGADOS EXTRANJEROS:<\/span><\/strong><\/p>\n<p><span style=\"color: #ff0000\">Favor visitar la pagina <\/span><a href=\"http:\/\/www.urologiacuba.com\"><span style=\"color: #ff0000\">www.urologiacuba.com<\/span><\/a><\/p>\n<p><strong><span style=\"color: #ff0000\">Viajar a Cuba:<\/span><\/strong><\/p>\n<p align=\"center\"><a title=\"Copa Airlines\" href=\"http:\/\/promociondeeventos.sld.cu\/urologia2009\/files\/2008\/06\/copaconventions-eventos.jpg\"><span style=\"color: #ff0000\"><img decoding=\"async\" src=\"http:\/\/promociondeeventos.sld.cu\/urologia2009\/files\/2008\/06\/copaconventions-eventos.thumbnail.jpg\" alt=\"Copa Airlines\" \/><\/span><\/a><\/p>\n<p><span style=\"color: #ff0000\">La l\u00ednea a\u00e9rea Copa Arlines, transportista oficial del evento, le ofrece a todos los participantes que soliciten sus reservas en las oficinas de Copa Airlines un Descuento Especial de la tarifa p\u00fablica disponible en los 41 destinos en 22 paises de Suram\u00e9rica, Centroam\u00e9rica, Caribe y Norteam\u00e9rica.<\/span><\/p>\n<p><span style=\"color: #ff0000\">Para hacer efectivo este Descuento, el pasajero debe presentar un documento acreditativo de participaci\u00f3n emitido por el comit\u00e9 organizador del evento.<\/span><\/p>\n<p><span style=\"color: #ff0000\">P\u00e1gina Web de Copa Airlines: <\/span><a href=\"http:\/\/www.copaair.com\/\"><span style=\"color: #ff0000\">www.copaair.com<\/span><\/a><span style=\"color: #ff0000\"> <\/span><\/p>\n<p><strong><span style=\"color: #ff0000\">Agencia Tur\u00edstica:<\/span><\/strong><\/p>\n<p><span style=\"color: #ff0000\">El receptivo oficial del Congreso, La Agencia de Viajes Cubanacan, ha preparado un paquete tur\u00edstico especialmente dise\u00f1ado para los participantes. Para mayor informaci\u00f3n contactar a:<\/span><\/p>\n<address><strong><span style=\"color: #ff0000\">Cubanac\u00e1n Eventos<\/span><\/strong><\/address>\n<address><strong><span style=\"color: #ff0000\">Ing. Eduardo Gonz\u00e1lez.<\/span><\/strong><\/address>\n<address><strong><span style=\"color: #ff0000\">Organizador Profesional de Congresos.<\/span><\/strong><\/address>\n<address><strong><span style=\"color: #ff0000\">Sucursal Representaciones, Eventos e Incentivos.<\/span><\/strong><\/address>\n<address><strong><span style=\"color: #ff0000\">Agencias de Viajes Cubanac\u00e1n.<\/span><\/strong><\/address>\n<address><strong><span style=\"color: #ff0000\">Telef. (53 7) 2045009, 204 4867, 2044879<\/span><\/strong><\/address>\n<address><strong><span style=\"color: #ff0000\">Fax: (53 7) 204 4791<\/span><\/strong><\/address>\n<address><strong><span style=\"color: #ff0000\">email: <\/span><a href=\"mailto:ventas2@avc.cyt.cu\"><span style=\"color: #ff0000\">ventas2@avc.cyt.cu<\/span><\/a><\/strong><\/address>\n<p><span style=\"color: #ff0000\">Web: <\/span><a href=\"http:\/\/www.cubanacanviajes.com\/\"><span style=\"color: #ff0000\">www.cubanacanviajes.com<\/span><\/a><br \/>\n<a href=\"http:\/\/www.cubanacantravel.com\/\"><span style=\"color: #ff0000\">www.cubanacantravel.com<\/span><\/a><\/p>\n","protected":false},"excerpt":{"rendered":"<p>DELEGADOS NACIONALES: Estos han sido designados por los respectivos Cap\u00edtulos Provinciales de la Sociedad Cubana de Urolog\u00eda, seg\u00fan su grado de participaci\u00f3n (trabajos inscritos, participacion en mesas, conferencias, simposios, etc), intereses del cap\u00edtulo y posibilidades locales. Los profesores invitados de las provincias no cuentan en la cuota del cap\u00edtulo, al igual que los delegados de [&hellip;]<\/p>\n","protected":false},"author":16,"featured_media":0,"parent":0,"menu_order":9,"comment_status":"closed","ping_status":"open","template":"","meta":[],"_links":{"self":[{"href":"https:\/\/promociondeeventos.sld.cu\/urologia2009\/wp-json\/wp\/v2\/pages\/14"}],"collection":[{"href":"https:\/\/promociondeeventos.sld.cu\/urologia2009\/wp-json\/wp\/v2\/pages"}],"about":[{"href":"https:\/\/promociondeeventos.sld.cu\/urologia2009\/wp-json\/wp\/v2\/types\/page"}],"author":[{"embeddable":true,"href":"https:\/\/promociondeeventos.sld.cu\/urologia2009\/wp-json\/wp\/v2\/users\/16"}],"replies":[{"embeddable":true,"href":"https:\/\/promociondeeventos.sld.cu\/urologia2009\/wp-json\/wp\/v2\/comments?post=14"}],"version-history":[{"count":9,"href":"https:\/\/promociondeeventos.sld.cu\/urologia2009\/wp-json\/wp\/v2\/pages\/14\/revisions"}],"predecessor-version":[{"id":36,"href":"https:\/\/promociondeeventos.sld.cu\/urologia2009\/wp-json\/wp\/v2\/pages\/14\/revisions\/36"}],"wp:attachment":[{"href":"https:\/\/promociondeeventos.sld.cu\/urologia2009\/wp-json\/wp\/v2\/media?parent=14"}],"curies":[{"name":"wp","href":"https:\/\/api.w.org\/{rel}","templated":true}]}}