{"id":12,"date":"2008-04-21T08:34:31","date_gmt":"2008-04-21T13:34:31","guid":{"rendered":"http:\/\/promociondeeventos.sld.cu\/urologia2009\/"},"modified":"2009-11-30T00:12:17","modified_gmt":"2009-11-30T05:12:17","slug":"programa-cientifico","status":"publish","type":"page","link":"https:\/\/promociondeeventos.sld.cu\/urologia2009\/programa-cientifico\/","title":{"rendered":"Programa Cient\u00edfico"},"content":{"rendered":"<h1 style=\"text-align: center\"><span style=\"color: #000080\">Programa <\/span><\/h1>\n<p><span style=\"color: #ec2c12\"><strong>S\u00e1bado 5, Domingo 6 y Lunes 7:\u00a0 Horario 8:30 am. a 12:30\u00a0pm. <\/strong><\/span><\/p>\n<div><span style=\"color: #ec2c12\">\u00a0<span style=\"text-decoration: underline\">Acreditaci\u00f3n delegados extranjeros<\/span>\/Palacio de Convenciones\u00a0<\/span><\/div>\n<div><span style=\"color: #ec2c12\">\u00a0<\/span><\/div>\n<div><span style=\"color: #ec2c12\"><span style=\"text-decoration: underline\">Acreditaci\u00f3n delegados nacionales:<\/span> Centro Coordinador de Eventos del MINSAP. (15 y 2) <\/span><\/div>\n<div><span style=\"color: #ec2c12\">Desde el 16 de Noviembre al 24 de Noviembre se estar\u00e1 cobrando la inscripcion. <\/span><\/div>\n<div><span style=\"color: #ec2c12\">\u00a0<\/span><span style=\"color: #ec2c12\">\u00a0<\/span><span style=\"color: #ec2c12\">\u00a0<\/span><\/div>\n<p style=\"text-align: center\"><span style=\"color: #ec2c12\"><strong>LUNES 7 de Diciembre de 2009<\/strong><\/span><\/p>\n<p style=\"text-align: center\"><span style=\"color: #ec2c12\"><strong><span style=\"text-decoration: underline\"><span style=\"color: #000080\">CURSOS PRECONGRESOS<\/span><\/span><\/strong><\/span><\/p>\n<p><span style=\"color: #ec2c12\"><strong>I- UROPEDIATRIA:<\/strong><\/span><\/p>\n<p><span style=\"color: #ec2c12\">Sede: Anfiteatro del Hospital Pedi\u00e1trico William Soler. Hora 9:00 a.m.<\/span><\/p>\n<p><span style=\"color: #ec2c12\">Costo: 30 cup (30 cuc) Capacidad 50 personas x curso.<\/span><\/p>\n<p><span style=\"color: #d82642\"><strong>Inscripciones:<\/strong><\/span> <span style=\"color: #000000\"><strong>Prof. Itsel Vela (itselvela@yahoo.com)<\/strong><\/span><\/p>\n<ol>\n<li><strong><span style=\"text-decoration: underline\"><a href=\"http:\/\/promociondeeventos.sld.cu\/urologia2009\/files\/2009\/10\/CURSO-HIPOSPADIAS-PED.pdf\" target=\"_blank\"><span style=\"color: #0000ff\">Cirug\u00eda del Hipospadias.<\/span><\/a><\/span><\/strong><\/li>\n<\/ol>\n<p><strong><span style=\"color: #d82642\">Inscripciones: <\/span><\/strong><span style=\"color: #d82642\"><span style=\"color: #000000\"><strong><span style=\"color: #000000\">Prof. Dra. Martha Rodriguez P\u00e9rez (marrope@infomed.sld.cu<\/span>)<\/strong><\/span><\/span><strong><span style=\"color: #d82642\"><br \/>\n<\/span><\/strong><\/p>\n<p><span style=\"color: #ec2c12\"><strong>II- INFECCIONES DEL TRACTO URINARIO<\/strong><\/span><\/p>\n<p><span style=\"color: #ec2c12\">Sede: Aulas de Sanofi Aventis. Centro de Negocios Miramar. Edificio Santa Clara. Primer piso.<\/span><\/p>\n<p><span style=\"color: #ec2c12\">Costo: 30 cup (cuc). Capacidad 25 personas. Hora 9:00 am<\/span><\/p>\n<ol>\n<li><strong><span style=\"text-decoration: underline\"><a href=\"http:\/\/promociondeeventos.sld.cu\/urologia2009\/files\/2009\/10\/CURSO-INFECCIONES-PED.pdf\" target=\"_blank\"><span style=\"color: #ec2c12\"><span style=\"color: #0000ff\">Nuevos\u00a0 enfoques en las infecciones del tracto urinario<\/span>.<\/span><\/a><\/span><\/strong><\/li>\n<\/ol>\n<p><span style=\"color: #d82642\"><strong>Inscripciones:\u00a0 <span style=\"color: #000000\">Prof.\u00a0 Maria Elena de la Moneda ( maria.delamoneda@infomed.sld.cu)<\/span><br \/>\n<\/strong><\/span><\/p>\n<p><span style=\"color: #ec2c12\"><strong>III- CANCER DE PROSTATA:<\/strong><\/span><\/p>\n<p><span style=\"color: #ec2c12\">Sede: Hotel Nacional de Cuba <\/span><\/p>\n<p><span style=\"color: #ec2c12\">Costo: Gratis. Capacidad 60 personas. Delegados Nacionales por invitaci\u00f3n. Delegados Extranjeros 30.00 cup. Hora:\u00a09:00 am<\/span><\/p>\n<ol>\n<li><span style=\"color: #ec2c12\"><a href=\"http:\/\/promociondeeventos.sld.cu\/urologia2009\/files\/2009\/10\/Curso-Precongreso-CAP2.pdf\" target=\"_blank\"><span style=\"color: #0000ff\"><strong>Actualidad en C\u00e1ncer de Pr\u00f3stata<\/strong>.<\/span><\/a><\/span><\/li>\n<\/ol>\n<p><span style=\"color: #d82642\"><strong>Inscripciones:<\/strong><\/span><\/p>\n<p><span style=\"color: #ec2c12\"><strong>IV- ENDOUROLOGIA y CIRUGIA DE LA LITIASIS.<\/strong><\/span><\/p>\n<p><span style=\"color: #ec2c12\">Sede: Anfiteatro del Hospital Hermanos Ameijeiras. Hora:\u00a09:00 am<\/span><\/p>\n<p><span style=\"color: #ec2c12\">Costo: 30 cup (delegados nacionales) 30 cuc (delegados extranjeros).\u00a0\u00a0 Capacidad 100 personas.<\/span><\/p>\n<ol>\n<li><span style=\"color: #ec2c12\"><a href=\"http:\/\/promociondeeventos.sld.cu\/urologia2009\/files\/2009\/11\/CURSO-Endourologia.pdf\" target=\"_blank\"><strong><span style=\"color: #0000ff\">Actualizaci\u00f3n en Nefrolitotom\u00eda Percut\u00e1nea.<\/span><\/strong><\/a><\/span><\/li>\n<\/ol>\n<p><span style=\"color: #d82642\"><strong>Inscripciones: <\/strong><span style=\"color: #000000\"><strong>Prof. Mariano Castillo <span style=\"color: #000000\">(<\/span><\/strong><\/span><strong><span style=\"color: #000000\">lito@hha.sld.cu<\/span>)<\/strong><strong><br \/>\n<\/strong><\/span><\/p>\n<p><strong><span style=\"color: #ff0000\">V- CURSO PRE \u00e2\u20ac\u201c CONGRESO DE CIRUG\u00c3\u008dA EN VIVO: AFECCIONES ANDROL\u00d3GICAS.<\/span><\/strong><\/p>\n<p><strong>\u00a0<\/strong><span style=\"color: #ff0000\">Sede: Hospital Cl\u00ednico Quir\u00fargico Comandante Manuel Fajardo. Hora:\u00a09:00 am<\/span><\/p>\n<p><span style=\"color: #ff0000\">Costo: 30.00 CUC (Extranjeros), $30.00 CUP (MN), para delegados cubanos.<\/span><\/p>\n<ol>\n<li><span style=\"color: #ff0000\"><a href=\"http:\/\/promociondeeventos.sld.cu\/urologia2009\/files\/2009\/11\/Cursoandrologiafin.pdf\" target=\"_blank\"><span style=\"color: #0000ff\"><strong><span style=\"color: #0000ff\">Curso Cirugia en vivo: Androlog\u00eda .<\/span><\/strong><\/span><\/a><\/span><\/li>\n<\/ol>\n<p><span style=\"color: #d82642\"><strong>Inscripciones: <span style=\"color: #000000\">Prof. Ramiro Fragas (rfragas@infomed.sld.cu)<\/span><\/strong><br \/>\n<\/span><\/p>\n<p style=\"text-align: left\"><strong>\u00a0<\/strong><\/p>\n<p style=\"text-align: center\"><span style=\"color: #0000ff\"><a href=\"http:\/\/www.sld.cu\/sitios\/urologia\/temas.php?idv=27919\" target=\"_blank\"><span style=\"color: #0000ff\"><strong>PROGRAMA GENERAL (ver aqu\u00ed).<\/strong><\/span><\/a><\/span><\/p>\n<p><strong>\u00a0<\/strong><strong><span style=\"color: #000000\">Martes 8 <\/span><\/strong><strong><br \/>\n<\/strong><span style=\"color: #ec2c12\"><span style=\"text-decoration: underline\">Ma\u00f1ana y tarde:<\/span> Acreditaci\u00f3n \/ Palacio de Convenciones <\/span><\/p>\n<p><span style=\"color: #ec2c12\">Apertura oficial<br \/>\n<span style=\"text-decoration: underline\">Ma\u00f1ana:<\/span> Sesi\u00f3n Plenaria <a href=\"http:\/\/promociondeeventos.sld.cu\/urologia2009\/files\/2009\/11\/EndourologiaI.pdf\" target=\"_blank\"><span style=\"color: #0000ff\"><strong>Endourolog\u00eda<br \/>\n<\/strong><\/span><\/a><span style=\"text-decoration: underline\">Tarde:<\/span> Sesiones de trabajo: <a href=\"http:\/\/promociondeeventos.sld.cu\/urologia2009\/files\/2009\/11\/EndourologiaII.pdf\" target=\"_blank\"><strong><span style=\"color: #0000ff\">Endourolog\u00eda-II.<\/span><\/strong><\/a> <span style=\"color: #0000ff\"><a href=\"http:\/\/promociondeeventos.sld.cu\/urologia2009\/files\/2009\/11\/Enfermeria-I.pdf\" target=\"_blank\"><span style=\"color: #0000ff\"><strong><span style=\"color: #0000ff\">Uroenfermeria-I<\/span><\/strong><\/span><\/a><\/span><strong>.<\/strong> <a href=\"http:\/\/promociondeeventos.sld.cu\/urologia2009\/files\/2009\/11\/UropediatriaI.pdf\" target=\"_blank\"><span style=\"color: #0000ff\"><strong>Uropediatr\u00eda I<\/strong><\/span><\/a>. <a href=\"http:\/\/promociondeeventos.sld.cu\/urologia2009\/files\/2009\/11\/Levine.pdf\" target=\"_blank\"><strong><span style=\"color: #0000ff\">Actualizaci\u00f3n en Androlog\u00eda: Una hora con Laurence A. Levine.<\/span><\/strong><\/a><br \/>\n<span style=\"text-decoration: underline\">Noche:<\/span> \u00a0C\u00f3ctel de bienvenida<strong> <\/strong><\/span><\/p>\n<p><strong><span style=\"color: #000000\">Mi\u00e9rcoles 9 <\/span><\/strong><strong><br \/>\n<\/strong><span style=\"color: #ec2c12\"><span style=\"text-decoration: underline\">Ma\u00f1ana:<\/span> <a href=\"http:\/\/promociondeeventos.sld.cu\/urologia2009\/files\/2009\/11\/UrooncolI.pdf\" target=\"_blank\"><span style=\"color: #0000ff\"><strong>Sesi\u00f3n Plenaria Uro-Oncolog\u00eda I<\/strong><\/span><\/a>. <strong><span style=\"text-decoration: underline\"><span style=\"color: #0000ff\"><a href=\"http:\/\/promociondeeventos.sld.cu\/urologia2009\/files\/2009\/11\/AndroAsesa-IF.pdf\"><span style=\"color: #0000ff\">SIMPOSIO Andro-ASESA.<\/span><\/a><\/span><\/span><\/strong><\/span><\/p>\n<p><span style=\"color: #ec2c12\"><span style=\"text-decoration: underline\">Tarde:<\/span> Sesiones de trabajo: <a href=\"http:\/\/promociondeeventos.sld.cu\/urologia2009\/files\/2009\/11\/UrooncolII.pdf\" target=\"_blank\"><strong><span style=\"color: #0000ff\">Uro-Oncolog\u00eda II<\/span><\/strong><\/a>. <a href=\"http:\/\/promociondeeventos.sld.cu\/urologia2009\/files\/2009\/11\/Enfermeria-II.pdf\" target=\"_blank\"><span style=\"color: #0000ff\"><strong><span style=\"color: #0000ff\">Uroenfermeria II<\/span><\/strong><\/span><\/a>. <a href=\"http:\/\/promociondeeventos.sld.cu\/urologia2009\/files\/2009\/11\/UropediatriaII.pdf\" target=\"_blank\"><strong><span style=\"color: #0000ff\">Uropediatr\u00eda II<\/span><\/strong><\/a><strong><span style=\"color: #0000ff\">.<\/span><\/strong> <a href=\"http:\/\/promociondeeventos.sld.cu\/urologia2009\/files\/2009\/11\/Andrologia-IIF.pdf\" target=\"_blank\"><strong><span style=\"color: #0000ff\">Androlog\u00eda y Medicina Sexual II\u00a0<\/span><\/strong><\/a>.\u00a0\u00a0<a href=\"http:\/\/promociondeeventos.sld.cu\/urologia2009\/files\/2009\/11\/Trasplante-I.pdf\" target=\"_blank\"><strong><span style=\"color: #0000ff\">Trasplante Renal.<\/span><\/strong><\/a><\/span><\/p>\n<p><span style=\"color: #ec2c12\">\u00a0<\/span><span style=\"color: #ec2c12\"><strong><\/strong><\/span><strong>Jueves 10<\/strong><br \/>\n<span style=\"color: #ec2c12\"><span style=\"text-decoration: underline\">Ma\u00f1ana:<\/span> Sesi\u00f3n Plenaria: <a href=\"http:\/\/promociondeeventos.sld.cu\/urologia2009\/files\/2009\/11\/Andrologia-IIIF.pdf\" target=\"_blank\"><strong><span style=\"color: #0000ff\">Androlog\u00eda y Medicina Sexual III Curso SLAMS.<\/span><\/strong><\/a><span style=\"color: #0000ff\"> <\/span>Sesiones Satelites: <\/span><span style=\"color: #ec2c12\"><a href=\"http:\/\/promociondeeventos.sld.cu\/urologia2009\/files\/2009\/11\/UropediatriaIII.pdf\" target=\"_blank\"><span style=\"color: #0000ff\"><strong>Uropediatr\u00eda III.<\/strong><\/span><\/a>\u00a0<a href=\"http:\/\/promociondeeventos.sld.cu\/urologia2009\/files\/2009\/11\/EndourologiaIII.pdf\" target=\"_blank\"><strong><span style=\"color: #0000ff\">Endourolog\u00eda III.<\/span><\/strong><\/a>\u00a0<br \/>\n<\/span><span style=\"color: #ec2c12\"><span style=\"text-decoration: underline\">Tarde:<\/span> Sesiones de trabajo.\u00a0<strong><span style=\"color: #0000ff\"> <a href=\"http:\/\/promociondeeventos.sld.cu\/urologia2009\/files\/2009\/11\/EndourologiaIV.pdf\" target=\"_blank\"><span style=\"color: #0000ff\">Endourolog\u00eda IV<\/span><\/a><span style=\"color: #0000ff\">,<\/span>\u00a0\u00a0 <\/span><\/strong><a href=\"http:\/\/promociondeeventos.sld.cu\/urologia2009\/files\/2009\/11\/UrooncolIII1.pdf\"><span style=\"color: #0000ff\"><strong>Urooncolog\u00eda III<\/strong><\/span>. <span style=\"color: #0000ff\"><strong><span style=\"color: #0000ff\"><span style=\"color: #0000ff\">Urolog\u00eda General-I<\/span><\/span><\/strong><\/span><\/a>. <span style=\"color: #0000ff\"><a href=\"http:\/\/promociondeeventos.sld.cu\/urologia2009\/files\/2009\/11\/Andrologia-IVF.pdf\" target=\"_blank\"><span style=\"color: #0000ff\"><strong>Sesi\u00f3n Avances m\u00e9dicos. (Alpha Mediq)\u00a0Slings. Pr\u00f3tesis. L\u00e1sers. Conferencias del Profesor Christian Huidobro. Chile. <\/strong><\/span><\/a><\/span><\/span><\/p>\n<p><span style=\"color: #ec2c12\">\u00a0<\/span><\/p>\n<p><strong><span style=\"color: #000000\">Viernes 11 <\/span><\/strong><strong><br \/>\n<\/strong><span style=\"color: #ec2c12\"><span style=\"text-decoration: underline\">Ma\u00f1ana :<\/span> Sesiones de trabajo: <a href=\"http:\/\/promociondeeventos.sld.cu\/urologia2009\/files\/2009\/11\/Historia-y-Docencia.pdf\" target=\"_blank\"><strong><span style=\"color: #0000ff\">Historia y Ense\u00f1anza de la Urolog\u00eda.<\/span><\/strong><\/a><span style=\"color: #0000ff\">\u00a0<\/span> <strong><a href=\"http:\/\/promociondeeventos.sld.cu\/urologia2009\/files\/2009\/11\/UropediatriaIV.pdf\" target=\"_blank\"><span style=\"color: #0000ff\">Uropediatr\u00eda IV.<\/span><\/a><\/strong><span style=\"color: #0000ff\">\u00a0<\/span><\/span><\/p>\n<p><span style=\"color: #ec2c12\"><span style=\"text-decoration: underline\">Tarde:<\/span> <span style=\"color: #0000ff\"><strong><a href=\"http:\/\/promociondeeventos.sld.cu\/urologia2009\/files\/2009\/11\/UrologiaGralI.pdf\" target=\"_blank\"><span style=\"color: #0000ff\">Urolog\u00eda General-I.<\/span><\/a> <\/strong><\/span><a href=\"http:\/\/promociondeeventos.sld.cu\/urologia2009\/files\/2009\/11\/UrooncolIV.pdf\" target=\"_blank\"><span style=\"color: #0000ff\"><strong>Urooncolog\u00eda IV<\/strong><\/span><\/a>. <a href=\"http:\/\/promociondeeventos.sld.cu\/urologia2009\/files\/2009\/11\/EndourologiaV.pdf\" target=\"_blank\"><span style=\"color: #0000ff\"><strong>Endourolog\u00eda V Posters\u00a0<\/strong> <\/span><\/a><\/span><\/p>\n<p><span style=\"color: #ec2c12\">Acto de Clausura oficial.<br \/>\nActividad festiva de despedida.<\/span><\/p>\n<p>\u00a0<\/p>\n<p><span style=\"color: #ec2c12\"><strong>Idiomas oficiales<\/strong>: espa\u00f1ol e ingl\u00e9s (con interpretaci\u00f3n simult\u00e1nea en las sesiones centrales y otras que decida el Comit\u00e9 Cient\u00edfico).<\/span><\/p>\n","protected":false},"excerpt":{"rendered":"<p>Programa S\u00e1bado 5, Domingo 6 y Lunes 7:\u00a0 Horario 8:30 am. a 12:30\u00a0pm. \u00a0Acreditaci\u00f3n delegados extranjeros\/Palacio de Convenciones\u00a0 \u00a0 Acreditaci\u00f3n delegados nacionales: Centro Coordinador de Eventos del MINSAP. (15 y 2) Desde el 16 de Noviembre al 24 de Noviembre se estar\u00e1 cobrando la inscripcion. \u00a0\u00a0\u00a0 LUNES 7 de Diciembre de 2009 CURSOS PRECONGRESOS I- [&hellip;]<\/p>\n","protected":false},"author":16,"featured_media":0,"parent":0,"menu_order":7,"comment_status":"closed","ping_status":"closed","template":"","meta":[],"_links":{"self":[{"href":"https:\/\/promociondeeventos.sld.cu\/urologia2009\/wp-json\/wp\/v2\/pages\/12"}],"collection":[{"href":"https:\/\/promociondeeventos.sld.cu\/urologia2009\/wp-json\/wp\/v2\/pages"}],"about":[{"href":"https:\/\/promociondeeventos.sld.cu\/urologia2009\/wp-json\/wp\/v2\/types\/page"}],"author":[{"embeddable":true,"href":"https:\/\/promociondeeventos.sld.cu\/urologia2009\/wp-json\/wp\/v2\/users\/16"}],"replies":[{"embeddable":true,"href":"https:\/\/promociondeeventos.sld.cu\/urologia2009\/wp-json\/wp\/v2\/comments?post=12"}],"version-history":[{"count":130,"href":"https:\/\/promociondeeventos.sld.cu\/urologia2009\/wp-json\/wp\/v2\/pages\/12\/revisions"}],"predecessor-version":[{"id":43,"href":"https:\/\/promociondeeventos.sld.cu\/urologia2009\/wp-json\/wp\/v2\/pages\/12\/revisions\/43"}],"wp:attachment":[{"href":"https:\/\/promociondeeventos.sld.cu\/urologia2009\/wp-json\/wp\/v2\/media?parent=12"}],"curies":[{"name":"wp","href":"https:\/\/api.w.org\/{rel}","templated":true}]}}