{"id":3,"date":"2024-03-17T20:35:22","date_gmt":"2024-03-17T20:35:22","guid":{"rendered":"https:\/\/promociondeeventos.sld.cu\/tuberculosis2024\/?page_id=3"},"modified":"2024-03-18T14:07:15","modified_gmt":"2024-03-18T14:07:15","slug":"convocatoria","status":"publish","type":"page","link":"https:\/\/promociondeeventos.sld.cu\/tuberculosis2024\/","title":{"rendered":"Convocatoria"},"content":{"rendered":"<p>El Curso -Taller proporcionar\u00e1 un foro para el intercambio de ideas, conocimientos m\u00e1s actualizados, discusi\u00f3n de las l\u00edneas estrat\u00e9gicas prioritarias y recomendaciones de la OMS para consolidar la implementaci\u00f3n de la Estrategia fin de la TB y acelerar los avances hacia la eliminaci\u00f3n. Estos cinco d\u00edas de intercambio reunir\u00e1n, cl\u00ednicos, epidemi\u00f3logos, microbi\u00f3logos, gerentes de programa, expertos de la regi\u00f3n y la OMS para analizar las oportunidades y desaf\u00edos, y compartir experiencias sobre la implementaci\u00f3n de estrategias, y modelos de atenci\u00f3n de alta calidad centrados en las personas afectadas por tuberculosis. La discusi\u00f3n oportuna de t\u00f3picos por cient\u00edficos de renombre garantizar\u00e1 que el taller sea instructivo e interesante.<\/p>\n","protected":false},"excerpt":{"rendered":"<p>El Curso -Taller proporcionar\u00e1 un foro para el intercambio de ideas, conocimientos m\u00e1s actualizados, discusi\u00f3n de las l\u00edneas estrat\u00e9gicas prioritarias y recomendaciones de la OMS para consolidar la implementaci\u00f3n de la Estrategia fin de la TB y acelerar los avances hacia la eliminaci\u00f3n. Estos cinco d\u00edas de intercambio reunir\u00e1n, cl\u00ednicos, epidemi\u00f3logos, microbi\u00f3logos, gerentes de programa, [&hellip;]<\/p>\n","protected":false},"author":3262,"featured_media":0,"parent":0,"menu_order":0,"comment_status":"closed","ping_status":"closed","template":"","meta":[],"_links":{"self":[{"href":"https:\/\/promociondeeventos.sld.cu\/tuberculosis2024\/wp-json\/wp\/v2\/pages\/3"}],"collection":[{"href":"https:\/\/promociondeeventos.sld.cu\/tuberculosis2024\/wp-json\/wp\/v2\/pages"}],"about":[{"href":"https:\/\/promociondeeventos.sld.cu\/tuberculosis2024\/wp-json\/wp\/v2\/types\/page"}],"author":[{"embeddable":true,"href":"https:\/\/promociondeeventos.sld.cu\/tuberculosis2024\/wp-json\/wp\/v2\/users\/3262"}],"replies":[{"embeddable":true,"href":"https:\/\/promociondeeventos.sld.cu\/tuberculosis2024\/wp-json\/wp\/v2\/comments?post=3"}],"version-history":[{"count":3,"href":"https:\/\/promociondeeventos.sld.cu\/tuberculosis2024\/wp-json\/wp\/v2\/pages\/3\/revisions"}],"predecessor-version":[{"id":30,"href":"https:\/\/promociondeeventos.sld.cu\/tuberculosis2024\/wp-json\/wp\/v2\/pages\/3\/revisions\/30"}],"wp:attachment":[{"href":"https:\/\/promociondeeventos.sld.cu\/tuberculosis2024\/wp-json\/wp\/v2\/media?parent=3"}],"curies":[{"name":"wp","href":"https:\/\/api.w.org\/{rel}","templated":true}]}}