{"id":11,"date":"2024-03-17T20:37:03","date_gmt":"2024-03-17T20:37:03","guid":{"rendered":"https:\/\/promociondeeventos.sld.cu\/tuberculosis2024\/?page_id=11"},"modified":"2024-03-18T14:08:08","modified_gmt":"2024-03-18T14:08:08","slug":"comite-cientifico","status":"publish","type":"page","link":"https:\/\/promociondeeventos.sld.cu\/tuberculosis2024\/comite-cientifico\/","title":{"rendered":"Comit\u00e9 cient\u00edfico"},"content":{"rendered":"<ul>\n<li>Presidentes:<\/li>\n<\/ul>\n<p>Prof. Edilberto Gonz\u00e1lez Ochoa Dr Cs., Investigador Titular, Profesor Titular; IPK (ochoa@ipk.sld.cu)<\/p>\n<p>Prof. Alexander Gonz\u00e1lez D\u00edaz; MSc; Investigador Agregado, Prof Auxiliar. Director CC OPS\/OMS para la eliminaci\u00f3n de la TB\/ IPK (alexanderg@ipk.sld.cu)<\/p>\n<ul>\n<li>Miembros:<\/li>\n<\/ul>\n<p>Prof. Alina Mart\u00ednez Rodr\u00edguez. MSc; Investigador Auxiliar, Prof Auxiliar; IPK (alina@ipk.sld.cu)<br \/>\nProf. Maria de los \u00c1ngeles Le\u00f3n Venero. MsC, Jefa del PNCT, Minsap (mleonv@infomed.sld.cu)<\/p>\n","protected":false},"excerpt":{"rendered":"<p>Presidentes: Prof. Edilberto Gonz\u00e1lez Ochoa Dr Cs., Investigador Titular, Profesor Titular; IPK (ochoa@ipk.sld.cu) Prof. Alexander Gonz\u00e1lez D\u00edaz; MSc; Investigador Agregado, Prof Auxiliar. Director CC OPS\/OMS para la eliminaci\u00f3n de la TB\/ IPK (alexanderg@ipk.sld.cu) Miembros: Prof. Alina Mart\u00ednez Rodr\u00edguez. MSc; Investigador Auxiliar, Prof Auxiliar; IPK (alina@ipk.sld.cu) Prof. Maria de los \u00c1ngeles Le\u00f3n Venero. MsC, Jefa del [&hellip;]<\/p>\n","protected":false},"author":3262,"featured_media":0,"parent":0,"menu_order":0,"comment_status":"closed","ping_status":"closed","template":"","meta":[],"_links":{"self":[{"href":"https:\/\/promociondeeventos.sld.cu\/tuberculosis2024\/wp-json\/wp\/v2\/pages\/11"}],"collection":[{"href":"https:\/\/promociondeeventos.sld.cu\/tuberculosis2024\/wp-json\/wp\/v2\/pages"}],"about":[{"href":"https:\/\/promociondeeventos.sld.cu\/tuberculosis2024\/wp-json\/wp\/v2\/types\/page"}],"author":[{"embeddable":true,"href":"https:\/\/promociondeeventos.sld.cu\/tuberculosis2024\/wp-json\/wp\/v2\/users\/3262"}],"replies":[{"embeddable":true,"href":"https:\/\/promociondeeventos.sld.cu\/tuberculosis2024\/wp-json\/wp\/v2\/comments?post=11"}],"version-history":[{"count":2,"href":"https:\/\/promociondeeventos.sld.cu\/tuberculosis2024\/wp-json\/wp\/v2\/pages\/11\/revisions"}],"predecessor-version":[{"id":31,"href":"https:\/\/promociondeeventos.sld.cu\/tuberculosis2024\/wp-json\/wp\/v2\/pages\/11\/revisions\/31"}],"wp:attachment":[{"href":"https:\/\/promociondeeventos.sld.cu\/tuberculosis2024\/wp-json\/wp\/v2\/media?parent=11"}],"curies":[{"name":"wp","href":"https:\/\/api.w.org\/{rel}","templated":true}]}}