{"id":2,"date":"2023-05-23T14:35:39","date_gmt":"2023-05-23T14:35:39","guid":{"rendered":"https:\/\/promociondeeventos.sld.cu\/talleredu-ucmh\/?page_id=2"},"modified":"2023-05-23T14:44:07","modified_gmt":"2023-05-23T14:44:07","slug":"pagina-ejemplo","status":"publish","type":"page","link":"https:\/\/promociondeeventos.sld.cu\/talleredu-ucmh\/pagina-ejemplo\/","title":{"rendered":"Convocatoria"},"content":{"rendered":"<p><span style=\"font-family: arial, helvetica, sans-serif;\">La Universidad de Ciencias M\u00e9dicas de la Habana convoca al X Taller: La Educaci\u00f3n M\u00e9dica: retos y perspectivas, a celebrarse el 23 de junio de 2023, en el centro de convenciones de Coj\u00edmar, en el marco del evento provincial Universidad 2024, de cara al 14to Congreso Internacional de Educaci\u00f3n Superior a celebrarse en febrero de 2024. En este X Taller se presentar\u00e1n las ponencias que expresen resultados de investigaciones relacionadas con la educaci\u00f3n m\u00e9dica que se hayan seleccionado en los eventos de base de las Facultades y Centros de Posgrado pertenecientes a la Universidad. Adem\u00e1s, se convoca a presentar talleres o mesas redondas sobre tem\u00e1ticas relacionadas.<\/span><\/p>\r\n","protected":false},"excerpt":{"rendered":"<p>La Universidad de Ciencias M\u00e9dicas de la Habana convoca al X Taller: La Educaci\u00f3n M\u00e9dica: retos y perspectivas, a celebrarse el 23 de junio de 2023, en el centro de convenciones de Coj\u00edmar, en el marco del evento provincial Universidad 2024, de cara al 14to Congreso Internacional de Educaci\u00f3n Superior a celebrarse en febrero de [&hellip;]<\/p>\n","protected":false},"author":3293,"featured_media":0,"parent":0,"menu_order":0,"comment_status":"closed","ping_status":"open","template":"","meta":[],"_links":{"self":[{"href":"https:\/\/promociondeeventos.sld.cu\/talleredu-ucmh\/wp-json\/wp\/v2\/pages\/2"}],"collection":[{"href":"https:\/\/promociondeeventos.sld.cu\/talleredu-ucmh\/wp-json\/wp\/v2\/pages"}],"about":[{"href":"https:\/\/promociondeeventos.sld.cu\/talleredu-ucmh\/wp-json\/wp\/v2\/types\/page"}],"author":[{"embeddable":true,"href":"https:\/\/promociondeeventos.sld.cu\/talleredu-ucmh\/wp-json\/wp\/v2\/users\/3293"}],"replies":[{"embeddable":true,"href":"https:\/\/promociondeeventos.sld.cu\/talleredu-ucmh\/wp-json\/wp\/v2\/comments?post=2"}],"version-history":[{"count":2,"href":"https:\/\/promociondeeventos.sld.cu\/talleredu-ucmh\/wp-json\/wp\/v2\/pages\/2\/revisions"}],"predecessor-version":[{"id":7,"href":"https:\/\/promociondeeventos.sld.cu\/talleredu-ucmh\/wp-json\/wp\/v2\/pages\/2\/revisions\/7"}],"wp:attachment":[{"href":"https:\/\/promociondeeventos.sld.cu\/talleredu-ucmh\/wp-json\/wp\/v2\/media?parent=2"}],"curies":[{"name":"wp","href":"https:\/\/api.w.org\/{rel}","templated":true}]}}