{"id":14,"date":"2023-05-23T14:52:22","date_gmt":"2023-05-23T14:52:22","guid":{"rendered":"https:\/\/promociondeeventos.sld.cu\/talleredu-ucmh\/?page_id=14"},"modified":"2023-05-23T14:52:22","modified_gmt":"2023-05-23T14:52:22","slug":"organizan-y-auspician","status":"publish","type":"page","link":"https:\/\/promociondeeventos.sld.cu\/talleredu-ucmh\/organizan-y-auspician\/","title":{"rendered":"Organizan y auspician:"},"content":{"rendered":"<ul>\n<li><strong>Universidad de Ciencias M\u00e9dicas de La Habana<\/strong><\/li>\n<li>Centro Nacional de Informaci\u00f3n de Ciencias M\u00e9dicas<\/li>\n<\/ul>\n","protected":false},"excerpt":{"rendered":"<p>Universidad de Ciencias M\u00e9dicas de La Habana Centro Nacional de Informaci\u00f3n de Ciencias M\u00e9dicas<\/p>\n","protected":false},"author":4,"featured_media":0,"parent":0,"menu_order":0,"comment_status":"closed","ping_status":"closed","template":"","meta":[],"_links":{"self":[{"href":"https:\/\/promociondeeventos.sld.cu\/talleredu-ucmh\/wp-json\/wp\/v2\/pages\/14"}],"collection":[{"href":"https:\/\/promociondeeventos.sld.cu\/talleredu-ucmh\/wp-json\/wp\/v2\/pages"}],"about":[{"href":"https:\/\/promociondeeventos.sld.cu\/talleredu-ucmh\/wp-json\/wp\/v2\/types\/page"}],"author":[{"embeddable":true,"href":"https:\/\/promociondeeventos.sld.cu\/talleredu-ucmh\/wp-json\/wp\/v2\/users\/4"}],"replies":[{"embeddable":true,"href":"https:\/\/promociondeeventos.sld.cu\/talleredu-ucmh\/wp-json\/wp\/v2\/comments?post=14"}],"version-history":[{"count":1,"href":"https:\/\/promociondeeventos.sld.cu\/talleredu-ucmh\/wp-json\/wp\/v2\/pages\/14\/revisions"}],"predecessor-version":[{"id":15,"href":"https:\/\/promociondeeventos.sld.cu\/talleredu-ucmh\/wp-json\/wp\/v2\/pages\/14\/revisions\/15"}],"wp:attachment":[{"href":"https:\/\/promociondeeventos.sld.cu\/talleredu-ucmh\/wp-json\/wp\/v2\/media?parent=14"}],"curies":[{"name":"wp","href":"https:\/\/api.w.org\/{rel}","templated":true}]}}