{"id":62,"date":"2026-01-12T18:35:24","date_gmt":"2026-01-12T18:35:24","guid":{"rendered":"https:\/\/promociondeeventos.sld.cu\/sofwarer\/?page_id=62"},"modified":"2026-01-12T18:35:24","modified_gmt":"2026-01-12T18:35:24","slug":"donde-se-usa-r","status":"publish","type":"page","link":"https:\/\/promociondeeventos.sld.cu\/sofwarer\/donde-se-usa-r\/","title":{"rendered":"\u00bfD\u00f3nde se usa R?"},"content":{"rendered":"<div id=\"_XDxladXOIbuGwbkPxv_q6Qw_9\" class=\"bCOlv\" data-ved=\"2ahUKEwjV7Kziz4aSAxU7QzABHca_Os0Q7NUEegQIEBAE\">\n<div class=\"IZE3Td\">\n<div class=\"r2fjmd t0bRye Sbgr0\" data-hveid=\"CBAQBQ\" data-ved=\"2ahUKEwjV7Kziz4aSAxU7QzABHca_Os0Qu04oAHoECBAQBQ\">\n<div id=\"XDxladXOIbuGwbkPxv_q6Qw__15\">\n<div class=\"wDYxhc\" data-md=\"61\">\n<div class=\"LGOjhe\" data-attrid=\"wa:\/description\" data-hveid=\"CAkQAA\"><span class=\"BxUVEf ILfuVd\" lang=\"es\"><span class=\"hgKElc pOOWX\">Se trata de uno de los lenguajes de programaci\u00f3n m\u00e1s utilizados en investigaci\u00f3n cient\u00edfica, siendo adem\u00e1s muy popular en los campos de aprendizaje autom\u00e1tico (machine learning), miner\u00eda de datos, econometr\u00eda, investigaci\u00f3n biom\u00e9dica, bioinform\u00e1tica y en la inferencia estad\u00edstica.<\/span><\/span><\/div>\n<\/div>\n<\/div>\n<\/div>\n<\/div>\n<\/div>\n","protected":false},"excerpt":{"rendered":"<p>Se trata de uno de los lenguajes de programaci\u00f3n m\u00e1s utilizados en investigaci\u00f3n cient\u00edfica, siendo adem\u00e1s muy popular en los campos de aprendizaje autom\u00e1tico (machine learning), miner\u00eda de datos, econometr\u00eda, investigaci\u00f3n biom\u00e9dica, bioinform\u00e1tica y en la inferencia estad\u00edstica.<\/p>\n","protected":false},"author":3257,"featured_media":0,"parent":0,"menu_order":0,"comment_status":"closed","ping_status":"closed","template":"","meta":[],"_links":{"self":[{"href":"https:\/\/promociondeeventos.sld.cu\/sofwarer\/wp-json\/wp\/v2\/pages\/62"}],"collection":[{"href":"https:\/\/promociondeeventos.sld.cu\/sofwarer\/wp-json\/wp\/v2\/pages"}],"about":[{"href":"https:\/\/promociondeeventos.sld.cu\/sofwarer\/wp-json\/wp\/v2\/types\/page"}],"author":[{"embeddable":true,"href":"https:\/\/promociondeeventos.sld.cu\/sofwarer\/wp-json\/wp\/v2\/users\/3257"}],"replies":[{"embeddable":true,"href":"https:\/\/promociondeeventos.sld.cu\/sofwarer\/wp-json\/wp\/v2\/comments?post=62"}],"version-history":[{"count":1,"href":"https:\/\/promociondeeventos.sld.cu\/sofwarer\/wp-json\/wp\/v2\/pages\/62\/revisions"}],"predecessor-version":[{"id":64,"href":"https:\/\/promociondeeventos.sld.cu\/sofwarer\/wp-json\/wp\/v2\/pages\/62\/revisions\/64"}],"wp:attachment":[{"href":"https:\/\/promociondeeventos.sld.cu\/sofwarer\/wp-json\/wp\/v2\/media?parent=62"}],"curies":[{"name":"wp","href":"https:\/\/api.w.org\/{rel}","templated":true}]}}